{"id":74093,"date":"2026-03-31T21:52:27","date_gmt":"2026-03-31T19:52:27","guid":{"rendered":"https:\/\/dadorana.ch\/produkt\/in-fluence-textile-refresh-waschmittelzusatz\/"},"modified":"2026-04-04T18:48:51","modified_gmt":"2026-04-04T16:48:51","slug":"in-fluence-textile-refresh-additif-pour-lessive","status":"publish","type":"product","link":"https:\/\/dadorana.ch\/fr\/produit\/in-fluence-textile-refresh-additif-pour-lessive\/","title":{"rendered":"In-Fluence Textile Refresh Additif pour lessive"},"content":{"rendered":"<p><b>In-Fluence Textile Refresh<\/b>\u00a0est un additif de lessive qui permet d\u00a0<b>&lsquo;\u00e9liminer efficacement et durablement les odeurs d\u00e9sagr\u00e9ables d&rsquo;animaux<\/b>\u00a0sur les textiles. Les odeurs d&rsquo;animaux peuvent s&rsquo;incruster profond\u00e9ment dans les fibres des couvertures, des lits ou d&rsquo;autres tissus et ne peuvent souvent \u00eatre \u00e9limin\u00e9es que de mani\u00e8re insuffisante avec les lessives traditionnelles.<\/p>\n<p>La formule active innovante lie les mol\u00e9cules odorantes dans les fibres et les transforme en mol\u00e9cules inodores. Ainsi, m\u00eame les odeurs les plus tenaces sont r\u00e9duites de mani\u00e8re fiable. Textile Refresh convient \u00e0\u00a0<b>tous les textiles et \u00e0 toutes les temp\u00e9ratures de lavage<\/b>\u00a0et s&rsquo;int\u00e8gre facilement dans la routine de lavage existante.<\/p>\n<p>En tant qu&rsquo;additif de lessive compl\u00e9mentaire, le produit favorise un entretien hygi\u00e9nique des textiles dans les m\u00e9nages avec animaux. L&rsquo;accent est mis sur l&rsquo;<b>efficacit\u00e9, la facilit\u00e9 d&rsquo;utilisation au quotidien et un environnement frais<\/b>.<\/p>\n<p><b>Avantages :<\/b><\/p>\n<ul>\n<li>\u00c9limination efficace et durable des odeurs<\/li>\n<li>Formule active innovante pour neutraliser les mol\u00e9cules odorantes<\/li>\n<li>Convient \u00e0 tous les textiles et \u00e0 toutes les temp\u00e9ratures<\/li>\n<li>Facile \u00e0 utiliser comme additif de lessive<\/li>\n<li>Favorise un entretien hygi\u00e9nique des textiles dans les m\u00e9nages d&rsquo;animaux de compagnie<\/li>\n<\/ul>\n","protected":false},"excerpt":{"rendered":"<ul>\n<li><span style=\"color: #ff8800;\">Produit de rin\u00e7age hygi\u00e9nique pour \u00e9liminer les odeurs d&rsquo;animaux, pour tous les textiles et toutes les temp\u00e9ratures<\/span><\/li>\n<\/ul>\n","protected":false},"featured_media":73456,"template":"","meta":[],"pwb-brand":[7880],"product_brand":[7883],"product_cat":[7360,7238,7155,7272,7167],"product_tag":[],"class_list":{"0":"post-74093","1":"product","2":"type-product","3":"status-publish","4":"has-post-thumbnail","6":"pwb-brand-in-fluence","7":"product_brand-in-fluence","8":"product_cat-produits-de-soins","9":"product_cat-chats","10":"product_cat-chiens","11":"product_cat-produits-de-soin-chats","12":"product_cat-tous","13":"pa_brand-in-fluence","14":"pa_haustier-chat","15":"pa_haustier-chien-2","16":"pa_marke-in-fluence","17":"pa_pflegemittel-anwendungsberei-pour-faire-la-lessive","18":"pa_z_cat2-hygiene","20":"first","21":"instock","22":"taxable","23":"shipping-taxable","24":"purchasable","25":"product-type-simple"},"brands":[{"id":7880,"name":"In-Fluence","slug":"in-fluence"}],"meta_box":{"lieferant":"Businesscom","lieferanten_email":"","produktzusammensetzung":"","restock_quantities_galaxus":"5","galaxus_restock_time":"21","galaxus_restock_date":"","galaxus_preis":"","export":"Nein","signalwort":[],"gefahrenpiktogramm":[],"gefahrenhinweise":[]},"_links":{"self":[{"href":"https:\/\/dadorana.ch\/fr\/wp-json\/wp\/v2\/product\/74093","targetHints":{"allow":["GET"]}}],"collection":[{"href":"https:\/\/dadorana.ch\/fr\/wp-json\/wp\/v2\/product"}],"about":[{"href":"https:\/\/dadorana.ch\/fr\/wp-json\/wp\/v2\/types\/product"}],"version-history":[{"count":0,"href":"https:\/\/dadorana.ch\/fr\/wp-json\/wp\/v2\/product\/74093\/revisions"}],"wp:featuredmedia":[{"embeddable":true,"href":"https:\/\/dadorana.ch\/fr\/wp-json\/wp\/v2\/media\/73456"}],"wp:attachment":[{"href":"https:\/\/dadorana.ch\/fr\/wp-json\/wp\/v2\/media?parent=74093"}],"wp:term":[{"taxonomy":"pwb-brand","embeddable":true,"href":"https:\/\/dadorana.ch\/fr\/wp-json\/wp\/v2\/pwb-brand?post=74093"},{"taxonomy":"product_brand","embeddable":true,"href":"https:\/\/dadorana.ch\/fr\/wp-json\/wp\/v2\/product_brand?post=74093"},{"taxonomy":"product_cat","embeddable":true,"href":"https:\/\/dadorana.ch\/fr\/wp-json\/wp\/v2\/product_cat?post=74093"},{"taxonomy":"product_tag","embeddable":true,"href":"https:\/\/dadorana.ch\/fr\/wp-json\/wp\/v2\/product_tag?post=74093"}],"curies":[{"name":"wp","href":"https:\/\/api.w.org\/{rel}","templated":true}]}}