{"id":74161,"date":"2026-03-31T21:54:21","date_gmt":"2026-03-31T19:54:21","guid":{"rendered":"https:\/\/dadorana.ch\/produkt\/in-fluence-pet-away\/"},"modified":"2026-04-04T19:17:25","modified_gmt":"2026-04-04T17:17:25","slug":"in-fluence-pet-away","status":"publish","type":"product","link":"https:\/\/dadorana.ch\/fr\/produit\/in-fluence-pet-away\/","title":{"rendered":"In\u200b-\u200bFluence Pet Away"},"content":{"rendered":"<p><strong>In-Fluence Pet Away<\/strong>\u00a0est un accessoire d&rsquo;hygi\u00e8ne fonctionnel con\u00e7u pour r\u00e9duire\u00a0<strong>le marquage et la pr\u00e9sence ind\u00e9sirables<\/strong>\u00a0d&rsquo;animaux tels que les fouines, les chiens et les chats dans certains endroits. Il convient pour une utilisation \u00e0 l&rsquo;int\u00e9rieur et \u00e0 l&rsquo;ext\u00e9rieur et favorise une application cibl\u00e9e sur les endroits sensibles ou ind\u00e9sirables.<\/p>\n<p>L&rsquo;application se fait \u00e0 l&rsquo;aide d&rsquo;un vaporisateur pratique qui permet de traiter les surfaces facilement et uniform\u00e9ment. Le spray peut aider \u00e0 tenir les animaux \u00e0 l&rsquo;\u00e9cart des zones trait\u00e9es sans les affecter durablement. L&rsquo;accent est mis sur\u00a0<strong>la praticit\u00e9 au quotidien, la facilit\u00e9 d&rsquo;utilisation et l&rsquo;effet durable<\/strong>.<\/p>\n<p>Le spray Pet Away est polyvalent et peut \u00eatre utilis\u00e9 sur diff\u00e9rentes surfaces, \u00e0 condition de v\u00e9rifier au pr\u00e9alable la compatibilit\u00e9 des mat\u00e9riaux. Il offre ainsi une solution flexible pour la maison, le garage, le jardin ou d&rsquo;autres zones sensibles.<\/p>\n<p><strong>Avantages :<\/strong><\/p>\n<ul>\n<li>R\u00e9duit la pr\u00e9sence ind\u00e9sirable d&rsquo;animaux<\/li>\n<li>Convient pour l&rsquo;int\u00e9rieur et l&rsquo;ext\u00e9rieur<\/li>\n<li>Facile \u00e0 utiliser gr\u00e2ce au flacon pulv\u00e9risateur<\/li>\n<li>Favorise un traitement cibl\u00e9 de certaines surfaces<\/li>\n<li>Utilisable de mani\u00e8re polyvalente au quotidien<\/li>\n<\/ul>\n","protected":false},"excerpt":{"rendered":"<ul>\n<li><span style=\"color: #ff8800;\">Spray r\u00e9pulsif pour chats, chiens et fouines, pour l&rsquo;int\u00e9rieur et l&rsquo;ext\u00e9rieur<\/span><\/li>\n<\/ul>\n","protected":false},"featured_media":76480,"template":"","meta":[],"pwb-brand":[7880],"product_brand":[7883],"product_cat":[7360,7238,7155,7272,7167],"product_tag":[],"class_list":{"0":"post-74161","1":"product","2":"type-product","3":"status-publish","4":"has-post-thumbnail","6":"pwb-brand-in-fluence","7":"product_brand-in-fluence","8":"product_cat-produits-de-soins","9":"product_cat-chats","10":"product_cat-chiens","11":"product_cat-produits-de-soin-chats","12":"product_cat-tous","13":"pa_brand-in-fluence","14":"pa_haustier-chat","15":"pa_haustier-chien-2","16":"pa_marke-in-fluence","17":"pa_ursprungsland-allemagne","18":"pa_z_cat2-hygiene","20":"first","21":"instock","22":"taxable","23":"shipping-taxable","24":"purchasable","25":"product-type-simple"},"brands":[{"id":7880,"name":"In-Fluence","slug":"in-fluence"}],"meta_box":{"lieferant":"Businesscom","lieferanten_email":"","produktzusammensetzung":"","restock_quantities_galaxus":"5","galaxus_restock_time":"21","galaxus_restock_date":"","galaxus_preis":"","export":"Nein","signalwort":[],"gefahrenpiktogramm":[],"gefahrenhinweise":[]},"_links":{"self":[{"href":"https:\/\/dadorana.ch\/fr\/wp-json\/wp\/v2\/product\/74161","targetHints":{"allow":["GET"]}}],"collection":[{"href":"https:\/\/dadorana.ch\/fr\/wp-json\/wp\/v2\/product"}],"about":[{"href":"https:\/\/dadorana.ch\/fr\/wp-json\/wp\/v2\/types\/product"}],"version-history":[{"count":0,"href":"https:\/\/dadorana.ch\/fr\/wp-json\/wp\/v2\/product\/74161\/revisions"}],"wp:featuredmedia":[{"embeddable":true,"href":"https:\/\/dadorana.ch\/fr\/wp-json\/wp\/v2\/media\/76480"}],"wp:attachment":[{"href":"https:\/\/dadorana.ch\/fr\/wp-json\/wp\/v2\/media?parent=74161"}],"wp:term":[{"taxonomy":"pwb-brand","embeddable":true,"href":"https:\/\/dadorana.ch\/fr\/wp-json\/wp\/v2\/pwb-brand?post=74161"},{"taxonomy":"product_brand","embeddable":true,"href":"https:\/\/dadorana.ch\/fr\/wp-json\/wp\/v2\/product_brand?post=74161"},{"taxonomy":"product_cat","embeddable":true,"href":"https:\/\/dadorana.ch\/fr\/wp-json\/wp\/v2\/product_cat?post=74161"},{"taxonomy":"product_tag","embeddable":true,"href":"https:\/\/dadorana.ch\/fr\/wp-json\/wp\/v2\/product_tag?post=74161"}],"curies":[{"name":"wp","href":"https:\/\/api.w.org\/{rel}","templated":true}]}}