{"id":74185,"date":"2026-03-31T22:10:40","date_gmt":"2026-03-31T20:10:40","guid":{"rendered":"https:\/\/dadorana.ch\/produkt\/united-pets-bon-ton-regular-kotbeutel\/"},"modified":"2026-04-04T20:01:16","modified_gmt":"2026-04-04T18:01:16","slug":"united-pets-bon-ton-regular-sacs-a-dejections-canines","status":"publish","type":"product","link":"https:\/\/dadorana.ch\/fr\/produit\/united-pets-bon-ton-regular-sacs-a-dejections-canines\/","title":{"rendered":"United Pets Bon Ton Regular Sacs \u00e0 d\u00e9jections canines"},"content":{"rendered":"<p><strong>\u00c9limination efficace en d\u00e9placement<br \/><\/strong>Les accessoires de toilette Bon Ton Regular de United Pets pour chats et chiens offrent une solution pratique pour l&rsquo;\u00e9limination propre des d\u00e9jections canines, o\u00f9 que vous soyez avec votre fid\u00e8le compagnon. Les dimensions compactes de 8,0 x 3,5 x h : 4,5 cm permettent de ranger facilement les sacs dans votre poche ou dans le support, pour les avoir toujours \u00e0 port\u00e9e de main. Les sacs s&rsquo;adaptent parfaitement aux mod\u00e8les Bon Ton Classic, Fluo et Macarons, offrant ainsi une utilisation sans faille.<\/p>\n<p><strong>Mat\u00e9riaux \u00e9cologiques pour les propri\u00e9taires d&rsquo;animaux responsables<br \/><\/strong>Les sacs \u00e0 d\u00e9jections canines biod\u00e9gradables de United Pets sont fabriqu\u00e9s \u00e0 partir d&rsquo;amidon de ma\u00efs, ce qui en fait un choix respectueux de l&rsquo;environnement pour les amoureux des animaux responsables. Ces mat\u00e9riaux \u00e9cologiques contribuent \u00e0 minimiser l&#8217;empreinte \u00e9cologique tout en vous permettant de profiter du confort et de la praticit\u00e9 des sacs jetables. Avec trois rouleaux de 10 sacs chacun, vous \u00eates bien \u00e9quip\u00e9 pour \u00eatre toujours pr\u00eat lors de vos promenades.<\/p>\n<p><strong>Utilisation polyvalente et manipulation facile<br \/><\/strong>Les sacs de recharge pour les accessoires de toilette Bon Ton Regular de United Pets conviennent non seulement aux propri\u00e9taires de chiens, mais aussi aux propri\u00e9taires de chats qui laissent leurs f\u00e9lins se promener librement. Les sacs se rechargent facilement et rapidement, vous permettant d&rsquo;\u00eatre toujours pr\u00eat \u00e0 intervenir. Gr\u00e2ce \u00e0 leur taille bien pens\u00e9e, les sacs sont faciles \u00e0 transporter et offrent une solution hygi\u00e9nique pour \u00e9liminer proprement les d\u00e9jections de vos animaux de compagnie. Ainsi, la promenade avec votre animal devient une exp\u00e9rience d\u00e9tendue.<\/p>\n<p><strong>Informations produit\u00a0:<\/strong><\/p>\n<ul>\n<li><strong>Contenu :<\/strong> 3 rouleaux de 10 sachets chacun<\/li>\n<li><strong>Dimensions :<\/strong> env. 8,0 x 3,5 x 4,5 cm (hauteur)<\/li>\n<li><strong>Mat\u00e9riau :<\/strong> Amidon de ma\u00efs<\/li>\n<\/ul>\n","protected":false},"excerpt":{"rendered":"<ul>\n<li><span style=\"color: #ff8800;\">Sacs de recharge pour tous les lave-linge Bon Ton Classic, Fluo et Macarons<\/span><\/li>\n<li><span style=\"color: #ff8800;\">Biod\u00e9gradables, fabriqu\u00e9s \u00e0 partir d\u2019amidon de ma\u00efs<\/span><\/li>\n<li><span style=\"color: #ff8800;\">\u00c9cologiques et pratiques<\/span><\/li>\n<\/ul>\n","protected":false},"featured_media":74184,"template":"","meta":[],"pwb-brand":[7964],"product_brand":[7965],"product_cat":[7360,7219,7155,7272,7167],"product_tag":[],"class_list":{"0":"post-74185","1":"product","2":"type-product","3":"status-publish","4":"has-post-thumbnail","6":"pwb-brand-united-pets","7":"product_brand-united-pets","8":"product_cat-produits-de-soins","9":"product_cat-accessoires","10":"product_cat-chiens","11":"product_cat-produits-de-soin-chats","12":"product_cat-tous","13":"pa_brand-united-pets","14":"pa_haustier-chat","15":"pa_haustier-chien-2","16":"pa_marke-united-pets","17":"pa_ursprungsland-italie","18":"pa_z_cat2-pflege","20":"first","21":"instock","22":"taxable","23":"shipping-taxable","24":"purchasable","25":"product-type-simple"},"brands":[{"id":7964,"name":"United Pets","slug":"united-pets"}],"meta_box":{"lieferant":"Businesscom","lieferanten_email":"","produktzusammensetzung":"","restock_quantities_galaxus":"5","galaxus_restock_time":"21","galaxus_restock_date":"","galaxus_preis":"","export":"Nein","signalwort":[],"gefahrenpiktogramm":[],"gefahrenhinweise":[]},"_links":{"self":[{"href":"https:\/\/dadorana.ch\/fr\/wp-json\/wp\/v2\/product\/74185","targetHints":{"allow":["GET"]}}],"collection":[{"href":"https:\/\/dadorana.ch\/fr\/wp-json\/wp\/v2\/product"}],"about":[{"href":"https:\/\/dadorana.ch\/fr\/wp-json\/wp\/v2\/types\/product"}],"version-history":[{"count":0,"href":"https:\/\/dadorana.ch\/fr\/wp-json\/wp\/v2\/product\/74185\/revisions"}],"wp:featuredmedia":[{"embeddable":true,"href":"https:\/\/dadorana.ch\/fr\/wp-json\/wp\/v2\/media\/74184"}],"wp:attachment":[{"href":"https:\/\/dadorana.ch\/fr\/wp-json\/wp\/v2\/media?parent=74185"}],"wp:term":[{"taxonomy":"pwb-brand","embeddable":true,"href":"https:\/\/dadorana.ch\/fr\/wp-json\/wp\/v2\/pwb-brand?post=74185"},{"taxonomy":"product_brand","embeddable":true,"href":"https:\/\/dadorana.ch\/fr\/wp-json\/wp\/v2\/product_brand?post=74185"},{"taxonomy":"product_cat","embeddable":true,"href":"https:\/\/dadorana.ch\/fr\/wp-json\/wp\/v2\/product_cat?post=74185"},{"taxonomy":"product_tag","embeddable":true,"href":"https:\/\/dadorana.ch\/fr\/wp-json\/wp\/v2\/product_tag?post=74185"}],"curies":[{"name":"wp","href":"https:\/\/api.w.org\/{rel}","templated":true}]}}