{"id":74283,"date":"2026-03-31T22:15:21","date_gmt":"2026-03-31T20:15:21","guid":{"rendered":"https:\/\/dadorana.ch\/produkt\/united-pets-bon-ton-classic-kotbeutelspender\/"},"modified":"2026-04-05T11:35:19","modified_gmt":"2026-04-05T09:35:19","slug":"united-pets-bon-ton-classic-kotbeutelspender","status":"publish","type":"product","link":"https:\/\/dadorana.ch\/fr\/produit\/united-pets-bon-ton-classic-kotbeutelspender\/","title":{"rendered":"United Pets Porte-sacs \u00e0 d\u00e9jections BonTon Regular Classic"},"content":{"rendered":"<p><strong>Un compagnon \u00e9l\u00e9gant pour chaque promenade<br \/><\/strong>Le distributeur de sacs \u00e0 d\u00e9jections United Pets BonTon Regular Classic bleu est le partenaire id\u00e9al pour vos sorties quotidiennes avec votre ami \u00e0 quatre pattes. Sa forme compacte et son design l\u00e9ger vous permettent de fixer facilement le distributeur \u00e0 votre laisse ou \u00e0 votre sac. Vous avez ainsi toujours un sac \u00e0 port\u00e9e de main lorsque vous en avez besoin et pouvez profiter pleinement de votre promenade.<\/p>\n<p><strong>Respectueux de l&rsquo;environnement gr\u00e2ce \u00e0 un mat\u00e9riau recycl\u00e9<br \/><\/strong>Ce distributeur de sacs pratique est fabriqu\u00e9 \u00e0 partir de plastique 100 % recycl\u00e9, ce qui en fait un choix \u00e9cologique pour le propri\u00e9taire d&rsquo;animal de compagnie soucieux de l&rsquo;environnement. Gr\u00e2ce au mat\u00e9riau r\u00e9sistant 2nd Life Plastic, le distributeur est suffisamment robuste pour un usage quotidien tout en conservant sa forme et sa fonctionnalit\u00e9. Le rouleau de sacs en plastique biod\u00e9gradables inclus vous assure de contribuer \u00e0 la protection de l&rsquo;environnement sans renoncer \u00e0 la commodit\u00e9.<\/p>\n<p><strong>Manipulation facile et fonctionnalit\u00e9 fiable<br \/><\/strong>Le BonTon Regular Classic bleu s\u00e9duit par sa facilit\u00e9 d&rsquo;utilisation. La manipulation simple vous permet de changer les sacs rapidement et facilement, vous \u00eates ainsi toujours pr\u00eat. La construction r\u00e9sistante garantit que le distributeur ne c\u00e8de pas m\u00eame en cas d&rsquo;utilisation fr\u00e9quente. Profitez de la s\u00e9curit\u00e9 que cet assistant fiable vous offre et faites de chaque promenade une exp\u00e9rience sans stress pour vous et votre animal de compagnie.<\/p>\n","protected":false},"excerpt":{"rendered":"<ul>\n<li><span style=\"color: #ff8800;\">Distributeur pratique pour sacs \u00e0 d\u00e9jections canines<\/span><\/li>\n<li><span style=\"color: #ff8800;\">Fabriqu\u00e9 \u00e0 partir de plastique 100 % recycl\u00e9 en Italie<\/span><\/li>\n<li><span style=\"color: #ff8800;\">Facile \u00e0 utiliser et \u00e0 emporter<\/span><\/li>\n<li><span style=\"color: #ff8800;\">R\u00e9sistant pour un usage quotidien<\/span><\/li>\n<li><span style=\"color: #ff8800;\">Contient 10 sacs \u00e0 d\u00e9jections canines<\/span><\/li>\n<li><span style=\"color: #ff8800;\">Sacs biod\u00e9gradables<\/span><\/li>\n<\/ul>\n","protected":false},"featured_media":74279,"template":"","meta":[],"pwb-brand":[7964],"product_brand":[7965],"product_cat":[7219,7155,7360,7167],"product_tag":[],"class_list":{"0":"post-74283","1":"product","2":"type-product","3":"status-publish","4":"has-post-thumbnail","6":"pwb-brand-united-pets","7":"product_brand-united-pets","8":"product_cat-accessoires","9":"product_cat-chiens","10":"product_cat-produits-de-soins","11":"product_cat-tous","12":"pa_brand-united-pets","13":"pa_farbe-bleu-clair","14":"pa_farbe-noir","15":"pa_farbe-rose","16":"pa_farbe-rouge","17":"pa_haustier-chien-2","18":"pa_marke-united-pets","19":"pa_ursprungsland-italie","20":"pa_z_cat2-pflege","22":"first","23":"instock","24":"taxable","25":"shipping-taxable","26":"purchasable","27":"product-type-variable"},"brands":[{"id":7964,"name":"United Pets","slug":"united-pets"}],"meta_box":{"lieferant":"Eigenlager (Da Dorana)","lieferanten_email":"","produktzusammensetzung":"","restock_quantities_galaxus":"5","galaxus_restock_time":"21","galaxus_restock_date":"","galaxus_preis":"","export":"","signalwort":[],"gefahrenpiktogramm":[],"gefahrenhinweise":[]},"_links":{"self":[{"href":"https:\/\/dadorana.ch\/fr\/wp-json\/wp\/v2\/product\/74283","targetHints":{"allow":["GET"]}}],"collection":[{"href":"https:\/\/dadorana.ch\/fr\/wp-json\/wp\/v2\/product"}],"about":[{"href":"https:\/\/dadorana.ch\/fr\/wp-json\/wp\/v2\/types\/product"}],"version-history":[{"count":0,"href":"https:\/\/dadorana.ch\/fr\/wp-json\/wp\/v2\/product\/74283\/revisions"}],"wp:featuredmedia":[{"embeddable":true,"href":"https:\/\/dadorana.ch\/fr\/wp-json\/wp\/v2\/media\/74279"}],"wp:attachment":[{"href":"https:\/\/dadorana.ch\/fr\/wp-json\/wp\/v2\/media?parent=74283"}],"wp:term":[{"taxonomy":"pwb-brand","embeddable":true,"href":"https:\/\/dadorana.ch\/fr\/wp-json\/wp\/v2\/pwb-brand?post=74283"},{"taxonomy":"product_brand","embeddable":true,"href":"https:\/\/dadorana.ch\/fr\/wp-json\/wp\/v2\/product_brand?post=74283"},{"taxonomy":"product_cat","embeddable":true,"href":"https:\/\/dadorana.ch\/fr\/wp-json\/wp\/v2\/product_cat?post=74283"},{"taxonomy":"product_tag","embeddable":true,"href":"https:\/\/dadorana.ch\/fr\/wp-json\/wp\/v2\/product_tag?post=74283"}],"curies":[{"name":"wp","href":"https:\/\/api.w.org\/{rel}","templated":true}]}}