{"id":74296,"date":"2026-04-04T15:12:10","date_gmt":"2026-04-04T13:12:10","guid":{"rendered":"https:\/\/dadorana.ch\/produkt\/canosept-zahnpflegespray\/"},"modified":"2026-04-05T14:37:36","modified_gmt":"2026-04-05T12:37:36","slug":"canosept-spray-de-soin-dentaire","status":"publish","type":"product","link":"https:\/\/dadorana.ch\/fr\/produit\/canosept-spray-de-soin-dentaire\/","title":{"rendered":"Canosept Spray de soin dentaire"},"content":{"rendered":"<p>Am\u00e9liorez l&rsquo;hygi\u00e8ne buccale de votre compagnon \u00e0 quatre pattes de mani\u00e8re simple et efficace avec le<strong>\u00a0spray dentaire Canosept<\/strong>. Il suffit de vaporiser la solution une \u00e0 deux fois sur les deux faces des dents. Ensuite, la langue de votre chien veille \u00e0 ce que le produit de soin soit r\u00e9parti uniform\u00e9ment dans toute la cavit\u00e9 buccale et favorise le nettoyage.<\/p>\n<p>Le spray de soin peut \u00eatre utilis\u00e9 r\u00e9guli\u00e8rement, plusieurs fois par jour si n\u00e9cessaire, id\u00e9alement juste apr\u00e8s les repas.<strong>\u00a0Il nettoie les dents, soigne les gencives et contribue ainsi \u00e0 une hygi\u00e8ne globale de la dentition et de la bouche.<\/strong>\u00a0Gr\u00e2ce \u00e0 sa formule sp\u00e9ciale,\u00a0<strong>le spray combat efficacement la mauvaise haleine<\/strong>\u00a0et assure une haleine fra\u00eeche et un sourire \u00e9clatant \u00e0 votre chien.<\/p>\n<p>Aidez votre compagnon \u00e0 quatre pattes \u00e0 se pr\u00e9senter agr\u00e9ablement et \u00e0 avoir des dents saines gr\u00e2ce aux soins dentaires pratiques de Canosept !<\/p>\n<p><strong>Avantages :<\/strong><\/p>\n<ul>\n<li>Spray de soin des dents et des gencives pour chiens<\/li>\n<li>Am\u00e9liore l&rsquo;hygi\u00e8ne buccale de mani\u00e8re efficace et durable<\/li>\n<li><strong>Nettoie les dents :<\/strong>\u00a0favorise une dentition hygi\u00e9nique<\/li>\n<li>Soigne les gencives : effet soignant et apaisant<\/li>\n<li><strong>Haleine fra\u00eeche :<\/strong>\u00a0la composition sp\u00e9ciale combat durablement la mauvaise haleine<\/li>\n<li><strong>Utilisation simple :<\/strong>\u00a0il suffit de vaporiser sur les dents \u00e0 l&rsquo;aide du spray \u00e0 pompe, la r\u00e9partition dans la cavit\u00e9 buccale se fait ensuite automatiquement par la langue de votre chien<\/li>\n<li><strong>Utilisable \u00e0 tout moment :<\/strong>\u00a0peut \u00eatre utilis\u00e9 r\u00e9guli\u00e8rement, plusieurs fois par jour si n\u00e9cessaire<\/li>\n<li><strong>Origine s\u00fbre :<\/strong>\u00a0fabricant avec plus de 40 ans d&rsquo;exp\u00e9rience dans le d\u00e9veloppement de produits d&rsquo;hygi\u00e8ne et de soin pour animaux<\/li>\n<\/ul>\n","protected":false},"excerpt":{"rendered":"<ul>\n<li><span style=\"color: #ff8800;\">Spray de soins dentaires pour chiens, assure une haleine fra\u00eeche, des dents propres et des gencives saines. <\/span><\/li>\n<li><span style=\"color: #ff8800;\">Combat la mauvaise haleine.<\/span><\/li>\n<\/ul>\n","protected":false},"featured_media":76479,"template":"","meta":[],"pwb-brand":[8000],"product_brand":[8074],"product_cat":[7360,7155,7167],"product_tag":[],"class_list":{"0":"post-74296","1":"product","2":"type-product","3":"status-publish","4":"has-post-thumbnail","6":"pwb-brand-canosept","7":"product_brand-canosept","8":"product_cat-produits-de-soins","9":"product_cat-chiens","10":"product_cat-tous","11":"pa_brand-canosept","12":"pa_eigenschaften-pflegeprodukte-soins-dentaires","13":"pa_haustier-chien-2","14":"pa_marke-canosept","15":"pa_ursprungsland-allemagne","16":"pa_z_cat2-pflege","17":"pa_z_product_type-zahnpflege","19":"first","20":"instock","21":"taxable","22":"shipping-taxable","23":"purchasable","24":"product-type-simple"},"brands":[{"id":8000,"name":"Canosept","slug":"canosept"}],"meta_box":{"lieferant":"Businesscom","lieferanten_email":"","produktzusammensetzung":"","restock_quantities_galaxus":"5","galaxus_restock_time":"21","galaxus_restock_date":"","galaxus_preis":"","export":"Nein","signalwort":[],"gefahrenpiktogramm":[],"gefahrenhinweise":[]},"_links":{"self":[{"href":"https:\/\/dadorana.ch\/fr\/wp-json\/wp\/v2\/product\/74296","targetHints":{"allow":["GET"]}}],"collection":[{"href":"https:\/\/dadorana.ch\/fr\/wp-json\/wp\/v2\/product"}],"about":[{"href":"https:\/\/dadorana.ch\/fr\/wp-json\/wp\/v2\/types\/product"}],"version-history":[{"count":0,"href":"https:\/\/dadorana.ch\/fr\/wp-json\/wp\/v2\/product\/74296\/revisions"}],"wp:featuredmedia":[{"embeddable":true,"href":"https:\/\/dadorana.ch\/fr\/wp-json\/wp\/v2\/media\/76479"}],"wp:attachment":[{"href":"https:\/\/dadorana.ch\/fr\/wp-json\/wp\/v2\/media?parent=74296"}],"wp:term":[{"taxonomy":"pwb-brand","embeddable":true,"href":"https:\/\/dadorana.ch\/fr\/wp-json\/wp\/v2\/pwb-brand?post=74296"},{"taxonomy":"product_brand","embeddable":true,"href":"https:\/\/dadorana.ch\/fr\/wp-json\/wp\/v2\/product_brand?post=74296"},{"taxonomy":"product_cat","embeddable":true,"href":"https:\/\/dadorana.ch\/fr\/wp-json\/wp\/v2\/product_cat?post=74296"},{"taxonomy":"product_tag","embeddable":true,"href":"https:\/\/dadorana.ch\/fr\/wp-json\/wp\/v2\/product_tag?post=74296"}],"curies":[{"name":"wp","href":"https:\/\/api.w.org\/{rel}","templated":true}]}}