{"id":74307,"date":"2026-04-04T15:13:04","date_gmt":"2026-04-04T13:13:04","guid":{"rendered":"https:\/\/dadorana.ch\/produkt\/canosept-pflege-wundgel\/"},"modified":"2026-04-05T14:36:18","modified_gmt":"2026-04-05T12:36:18","slug":"canosept-gel-de-soin-des-plaies","status":"publish","type":"product","link":"https:\/\/dadorana.ch\/fr\/produit\/canosept-gel-de-soin-des-plaies\/","title":{"rendered":"Canosept Gel de soin des plaies"},"content":{"rendered":"<p>Que ce soit en jouant \u00e0 l&rsquo;air libre ou en s&rsquo;\u00e9battant dans l&rsquo;appartement, les petits accidents peuvent rapidement entra\u00eener des plaies chez votre animal de compagnie, c&rsquo;est pourquoi il est bon d&rsquo;avoir un produit appropri\u00e9<strong>\u00a0pour soigner les plaies<\/strong>\u00a0dans votre pharmacie familiale. Le gel pour les plaies Canosept\u00ae est<strong>\u00a0id\u00e9al pour nettoyer les petites plaies chez les chiens.<\/strong>\u00a0Le gel s&rsquo;applique facilement et sans douleur, il<strong>\u00a0nettoie et soigne<\/strong>\u00a0la plaie tout en \u00e9tant totalement inodore. Le gel pour les plaies Canosept\u00ae est rapidement absorb\u00e9, ce qui rend son utilisation agr\u00e9able pour vous et votre animal.<\/p>\n<p><strong>Avantages :<\/strong><\/p>\n<ul>\n<li>Gel pour favoriser la cicatrisation des plaies chez les chiens<\/li>\n<li><strong>Compl\u00e9ment de la pharmacie familiale :<\/strong>\u00a0convient au nettoyage et aux soins des plaies de votre animal de compagnie<\/li>\n<li><strong>Meilleure hygi\u00e8ne des plaies :<\/strong>\u00a0nettoie les petites plaies<\/li>\n<li><strong>Utilisation indolore :<\/strong>\u00a0sans stress &amp; agr\u00e9able \u00e0 utiliser<\/li>\n<li><strong>P\u00e9n\u00e8tre rapidement :<\/strong>\u00a0ne laisse pas de r\u00e9sidus g\u00eanants<\/li>\n<li><strong>Inodore :<\/strong>\u00a0n&rsquo;est pas ressenti comme g\u00eanant<\/li>\n<\/ul>\n","protected":false},"excerpt":{"rendered":"<ul>\n<li><span style=\"color: #ff8800;\">Gel pour soigner les petites plaies chez les chiens<\/span><\/li>\n<li><span style=\"color: #ff8800;\">Nettoie, soigne et p\u00e9n\u00e8tre rapidement<\/span><\/li>\n<\/ul>\n","protected":false},"featured_media":74306,"template":"","meta":[],"pwb-brand":[8000],"product_brand":[8074],"product_cat":[7360,7155,7167],"product_tag":[],"class_list":{"0":"post-74307","1":"product","2":"type-product","3":"status-publish","4":"has-post-thumbnail","6":"pwb-brand-canosept","7":"product_brand-canosept","8":"product_cat-produits-de-soins","9":"product_cat-chiens","10":"product_cat-tous","11":"pa_brand-canosept","12":"pa_eigenschaften-pflegeprodukte-soins-des-plaies","13":"pa_haustier-chien-2","14":"pa_marke-canosept","15":"pa_ursprungsland-allemagne","16":"pa_z_cat2-pflege","18":"first","19":"instock","20":"taxable","21":"shipping-taxable","22":"purchasable","23":"product-type-simple"},"brands":[{"id":8000,"name":"Canosept","slug":"canosept"}],"meta_box":{"lieferant":"Businesscom","lieferanten_email":"","produktzusammensetzung":"","restock_quantities_galaxus":"5","galaxus_restock_time":"21","galaxus_restock_date":"","galaxus_preis":"","export":"Nein","signalwort":[],"gefahrenpiktogramm":[],"gefahrenhinweise":[],"url_sicherheitdsdatenblatt":""},"_links":{"self":[{"href":"https:\/\/dadorana.ch\/fr\/wp-json\/wp\/v2\/product\/74307","targetHints":{"allow":["GET"]}}],"collection":[{"href":"https:\/\/dadorana.ch\/fr\/wp-json\/wp\/v2\/product"}],"about":[{"href":"https:\/\/dadorana.ch\/fr\/wp-json\/wp\/v2\/types\/product"}],"version-history":[{"count":0,"href":"https:\/\/dadorana.ch\/fr\/wp-json\/wp\/v2\/product\/74307\/revisions"}],"wp:featuredmedia":[{"embeddable":true,"href":"https:\/\/dadorana.ch\/fr\/wp-json\/wp\/v2\/media\/74306"}],"wp:attachment":[{"href":"https:\/\/dadorana.ch\/fr\/wp-json\/wp\/v2\/media?parent=74307"}],"wp:term":[{"taxonomy":"pwb-brand","embeddable":true,"href":"https:\/\/dadorana.ch\/fr\/wp-json\/wp\/v2\/pwb-brand?post=74307"},{"taxonomy":"product_brand","embeddable":true,"href":"https:\/\/dadorana.ch\/fr\/wp-json\/wp\/v2\/product_brand?post=74307"},{"taxonomy":"product_cat","embeddable":true,"href":"https:\/\/dadorana.ch\/fr\/wp-json\/wp\/v2\/product_cat?post=74307"},{"taxonomy":"product_tag","embeddable":true,"href":"https:\/\/dadorana.ch\/fr\/wp-json\/wp\/v2\/product_tag?post=74307"}],"curies":[{"name":"wp","href":"https:\/\/api.w.org\/{rel}","templated":true}]}}