{"id":74313,"date":"2026-04-04T15:09:12","date_gmt":"2026-04-04T13:09:12","guid":{"rendered":"https:\/\/dadorana.ch\/produkt\/canosept-wundspray\/"},"modified":"2026-04-05T14:38:22","modified_gmt":"2026-04-05T12:38:22","slug":"canosept-spray-pour-plaies","status":"publish","type":"product","link":"https:\/\/dadorana.ch\/fr\/produit\/canosept-spray-pour-plaies\/","title":{"rendered":"Canosept Spray pour plaies"},"content":{"rendered":"<p>Canosept Spray pour plaies est id\u00e9al pour le nettoyage hygi\u00e9nique de la peau, des muqueuses et des plaies.<\/p>\n<p><strong>Avantages :<\/strong><\/p>\n<ul>\n<li>offre un moyen efficace de nettoyer les plaies et favorise le processus de gu\u00e9rison des plaies<\/li>\n<li>Gr\u00e2ce \u00e0 la tension superficielle r\u00e9duite du spray, m\u00eame les zones de plaies difficiles d&rsquo;acc\u00e8s peuvent \u00eatre nettoy\u00e9es de mani\u00e8re fiable.<\/li>\n<li>gr\u00e2ce \u00e0 la forme liquide et non grasse de l&rsquo;administration, la salet\u00e9, les cellules mortes, les particules de graisse et les r\u00e9sidus de s\u00e9bum sont \u00e9limin\u00e9s de mani\u00e8re fiable<\/li>\n<li>Les bact\u00e9ries et les levures sont ainsi priv\u00e9es de leur source de nourriture.<\/li>\n<li>la cicatrisation des plaies est soutenue de mani\u00e8re optimale et les infections sont \u00e9vit\u00e9es<\/li>\n<\/ul>\n","protected":false},"excerpt":{"rendered":"<ul>\n<li><span style=\"color: #ff8800;\">Pour le nettoyage hygi\u00e9nique de la peau, des muqueuses et des plaies<\/span><\/li>\n<\/ul>\n","protected":false},"featured_media":74312,"template":"","meta":[],"pwb-brand":[8000],"product_brand":[8074],"product_cat":[7360,7155,7167],"product_tag":[],"class_list":{"0":"post-74313","1":"product","2":"type-product","3":"status-publish","4":"has-post-thumbnail","6":"pwb-brand-canosept","7":"product_brand-canosept","8":"product_cat-produits-de-soins","9":"product_cat-chiens","10":"product_cat-tous","11":"pa_brand-canosept","12":"pa_eigenschaften-pflegeprodukte-soins-des-plaies","13":"pa_haustier-chien-2","14":"pa_marke-canosept","15":"pa_ursprungsland-allemagne","16":"pa_z_cat2-pflege","18":"first","19":"instock","20":"taxable","21":"shipping-taxable","22":"purchasable","23":"product-type-simple"},"brands":[{"id":8000,"name":"Canosept","slug":"canosept"}],"meta_box":{"lieferant":"Businesscom","lieferanten_email":"","produktzusammensetzung":"","restock_quantities_galaxus":"5","galaxus_restock_time":"21","galaxus_restock_date":"","galaxus_preis":"","export":"Nein","signalwort":[],"gefahrenpiktogramm":[],"gefahrenhinweise":[]},"_links":{"self":[{"href":"https:\/\/dadorana.ch\/fr\/wp-json\/wp\/v2\/product\/74313","targetHints":{"allow":["GET"]}}],"collection":[{"href":"https:\/\/dadorana.ch\/fr\/wp-json\/wp\/v2\/product"}],"about":[{"href":"https:\/\/dadorana.ch\/fr\/wp-json\/wp\/v2\/types\/product"}],"version-history":[{"count":0,"href":"https:\/\/dadorana.ch\/fr\/wp-json\/wp\/v2\/product\/74313\/revisions"}],"wp:featuredmedia":[{"embeddable":true,"href":"https:\/\/dadorana.ch\/fr\/wp-json\/wp\/v2\/media\/74312"}],"wp:attachment":[{"href":"https:\/\/dadorana.ch\/fr\/wp-json\/wp\/v2\/media?parent=74313"}],"wp:term":[{"taxonomy":"pwb-brand","embeddable":true,"href":"https:\/\/dadorana.ch\/fr\/wp-json\/wp\/v2\/pwb-brand?post=74313"},{"taxonomy":"product_brand","embeddable":true,"href":"https:\/\/dadorana.ch\/fr\/wp-json\/wp\/v2\/product_brand?post=74313"},{"taxonomy":"product_cat","embeddable":true,"href":"https:\/\/dadorana.ch\/fr\/wp-json\/wp\/v2\/product_cat?post=74313"},{"taxonomy":"product_tag","embeddable":true,"href":"https:\/\/dadorana.ch\/fr\/wp-json\/wp\/v2\/product_tag?post=74313"}],"curies":[{"name":"wp","href":"https:\/\/api.w.org\/{rel}","templated":true}]}}