{"id":74319,"date":"2026-04-04T15:08:11","date_gmt":"2026-04-04T13:08:11","guid":{"rendered":"https:\/\/dadorana.ch\/produkt\/canosept-augenpflege\/"},"modified":"2026-04-05T14:36:50","modified_gmt":"2026-04-05T12:36:50","slug":"canosept-soins-oculaire","status":"publish","type":"product","link":"https:\/\/dadorana.ch\/fr\/produit\/canosept-soins-oculaire\/","title":{"rendered":"Canosept Soins oculaire"},"content":{"rendered":"<p><strong>Prot\u00e9gez les yeux sensibles de votre chien contre les agressions environnementales quotidiennes telles que la poussi\u00e8re, le vent, le froid et les rayons du soleil avec le soin oculaire Canosept.<\/strong>\u00a0Cette solution douce permet de nettoyer en profondeur et en douceur le contour des yeux de votre compagnon \u00e0 quatre pattes.\u00a0<strong>La formule au pH neutre et sans parfum, enrichie d&rsquo;extraits de noisette et de bleuet, a un effet apaisant et est id\u00e9ale pour les peaux sensibles.<\/strong><\/p>\n<p>En l&rsquo;utilisant r\u00e9guli\u00e8rement, le soin oculaire Canosept aide \u00e0 pr\u00e9venir la formation de tartre et de taches inesth\u00e9tiques sur les yeux qui coulent. Il \u00e9limine les impuret\u00e9s et assure un soin doux du contour des yeux. Choyez votre chien avec le soin oculaire de haute qualit\u00e9 de Canosept pour des yeux clairs et sains.<\/p>\n<p><strong>Avantages :<\/strong><\/p>\n<ul>\n<li>Solution de soin oculaire douce pour chiens<\/li>\n<li>Protection accrue contre la poussi\u00e8re, le vent, le froid et les rayons du soleil<\/li>\n<li><strong>Nettoie et soigne :<\/strong>\u00a0avec des extraits de noisette et de bleuet<\/li>\n<li><strong>Pr\u00e9vient le tartre :<\/strong>\u00a0bons r\u00e9sultats en cas d&rsquo;utilisation r\u00e9guli\u00e8re<\/li>\n<li><strong>pH neutre et sans parfum :<\/strong>\u00a0convient \u00e9galement aux peaux sensibles<\/li>\n<li><strong>Facile \u00e0 utiliser :<\/strong>\u00a0avec embout doseur pratique<\/li>\n<\/ul>\n","protected":false},"excerpt":{"rendered":"<ul>\n<li><span style=\"color: #ff8800;\">Solution de soin pour le nettoyage des yeux des chiens<\/span><\/li>\n<\/ul>\n","protected":false},"featured_media":74318,"template":"","meta":[],"pwb-brand":[8000],"product_brand":[8074],"product_cat":[7360,7155,7167],"product_tag":[],"class_list":{"0":"post-74319","1":"product","2":"type-product","3":"status-publish","4":"has-post-thumbnail","6":"pwb-brand-canosept","7":"product_brand-canosept","8":"product_cat-produits-de-soins","9":"product_cat-chiens","10":"product_cat-tous","11":"pa_brand-canosept","12":"pa_eigenschaften-pflegeprodukte-soins-des-yeux","13":"pa_haustier-chien-2","14":"pa_marke-canosept","15":"pa_ursprungsland-allemagne","16":"pa_z_cat2-pflege","18":"first","19":"instock","20":"taxable","21":"shipping-taxable","22":"purchasable","23":"product-type-simple"},"brands":[{"id":8000,"name":"Canosept","slug":"canosept"}],"meta_box":{"lieferant":"Businesscom","lieferanten_email":"","produktzusammensetzung":"","restock_quantities_galaxus":"5","galaxus_restock_time":"21","galaxus_restock_date":"","galaxus_preis":"","export":"Nein","signalwort":[],"gefahrenpiktogramm":[],"gefahrenhinweise":[]},"_links":{"self":[{"href":"https:\/\/dadorana.ch\/fr\/wp-json\/wp\/v2\/product\/74319","targetHints":{"allow":["GET"]}}],"collection":[{"href":"https:\/\/dadorana.ch\/fr\/wp-json\/wp\/v2\/product"}],"about":[{"href":"https:\/\/dadorana.ch\/fr\/wp-json\/wp\/v2\/types\/product"}],"version-history":[{"count":0,"href":"https:\/\/dadorana.ch\/fr\/wp-json\/wp\/v2\/product\/74319\/revisions"}],"wp:featuredmedia":[{"embeddable":true,"href":"https:\/\/dadorana.ch\/fr\/wp-json\/wp\/v2\/media\/74318"}],"wp:attachment":[{"href":"https:\/\/dadorana.ch\/fr\/wp-json\/wp\/v2\/media?parent=74319"}],"wp:term":[{"taxonomy":"pwb-brand","embeddable":true,"href":"https:\/\/dadorana.ch\/fr\/wp-json\/wp\/v2\/pwb-brand?post=74319"},{"taxonomy":"product_brand","embeddable":true,"href":"https:\/\/dadorana.ch\/fr\/wp-json\/wp\/v2\/product_brand?post=74319"},{"taxonomy":"product_cat","embeddable":true,"href":"https:\/\/dadorana.ch\/fr\/wp-json\/wp\/v2\/product_cat?post=74319"},{"taxonomy":"product_tag","embeddable":true,"href":"https:\/\/dadorana.ch\/fr\/wp-json\/wp\/v2\/product_tag?post=74319"}],"curies":[{"name":"wp","href":"https:\/\/api.w.org\/{rel}","templated":true}]}}