{"id":74327,"date":"2026-04-04T15:11:13","date_gmt":"2026-04-04T13:11:13","guid":{"rendered":"https:\/\/dadorana.ch\/produkt\/canosept-fellpflegespray\/"},"modified":"2026-04-05T14:36:50","modified_gmt":"2026-04-05T12:36:50","slug":"canosept-spray-de-soin-du-pelage","status":"publish","type":"product","link":"https:\/\/dadorana.ch\/fr\/produit\/canosept-spray-de-soin-du-pelage\/","title":{"rendered":"Canosept Spray de soin du pelage"},"content":{"rendered":"<p>Vous ne pouvez plus passer le peigne ? Dans ce cas, le spray de soin du pelage Canosept\u00ae est peut-\u00eatre exactement ce qu&rsquo;il vous faut ! Ce produit de soin sp\u00e9cialement con\u00e7u<strong>\u00a0d\u00e9fait en douceur les n\u0153uds de poils et rend le pelage de votre chien plus facile \u00e0 peigner.<\/strong><\/p>\n<p>Le spray doux s&rsquo;applique \u00e0 l&rsquo;aide\u00a0<strong>d&rsquo;un vaporisateur \u00e0 pompe pratique<\/strong>\u00a0et\u00a0<strong>donne au pelage un aspect soyeux et brillant<\/strong>. Il ne contient pas de solvants ni d&rsquo;alcool, ce qui le rend particuli\u00e8rement doux pour le poil. Gr\u00e2ce \u00e0 sa formule de soin biologique, le pelage n&rsquo;est pas inutilement agress\u00e9, mais soign\u00e9 en douceur.<\/p>\n<p><strong>Avantages :<\/strong><\/p>\n<ul>\n<li>Spray de soin doux pour chiens<\/li>\n<li><strong>Pour le soin du pelage :<\/strong>\u00a0dissout les n\u0153uds et les n\u0153uds de poils de mani\u00e8re biologique<\/li>\n<li><strong>Film protecteur :<\/strong>\u00a0scelle les poils individuels, repousse la salet\u00e9, la poussi\u00e8re et l&rsquo;eau<\/li>\n<li><strong>Odeur neutre<\/strong>\u00a0: pour une utilisation agr\u00e9able<\/li>\n<li>Peut contribuer \u00e0 un pelage plus soyeux et plus lisse<\/li>\n<li>Facilite le peignage<\/li>\n<li>Vaporisateur \u00e0 pompe pratique : facile \u00e0 utiliser<\/li>\n<li>Sans solvants ni alcool<\/li>\n<li><strong>Haute qualit\u00e9 :<\/strong>\u00a0Made in Germany<\/li>\n<\/ul>\n","protected":false},"excerpt":{"rendered":"<ul>\n<li><span style=\"color: #ff8800;\">Spray doux pour le soin du pelage des chiens. D\u00e9tache les n\u0153uds et les poils emm\u00eal\u00e9s<\/span><\/li>\n<\/ul>\n","protected":false},"featured_media":74326,"template":"","meta":[],"pwb-brand":[8000],"product_brand":[8074],"product_cat":[7360,7155,7167],"product_tag":[],"class_list":{"0":"post-74327","1":"product","2":"type-product","3":"status-publish","4":"has-post-thumbnail","6":"pwb-brand-canosept","7":"product_brand-canosept","8":"product_cat-produits-de-soins","9":"product_cat-chiens","10":"product_cat-tous","11":"pa_brand-canosept","12":"pa_eigenschaften-pflegeprodukte-soins-de-la-peau-et-du-pelage","13":"pa_haustier-chien-2","14":"pa_marke-canosept","15":"pa_ursprungsland-allemagne","16":"pa_z_cat2-pflege","18":"first","19":"instock","20":"taxable","21":"shipping-taxable","22":"purchasable","23":"product-type-simple"},"brands":[{"id":8000,"name":"Canosept","slug":"canosept"}],"meta_box":{"lieferant":"Businesscom","lieferanten_email":"","produktzusammensetzung":"","restock_quantities_galaxus":"5","galaxus_restock_time":"21","galaxus_restock_date":"","galaxus_preis":"","export":"Nein","signalwort":[],"gefahrenpiktogramm":[],"gefahrenhinweise":[]},"_links":{"self":[{"href":"https:\/\/dadorana.ch\/fr\/wp-json\/wp\/v2\/product\/74327","targetHints":{"allow":["GET"]}}],"collection":[{"href":"https:\/\/dadorana.ch\/fr\/wp-json\/wp\/v2\/product"}],"about":[{"href":"https:\/\/dadorana.ch\/fr\/wp-json\/wp\/v2\/types\/product"}],"version-history":[{"count":0,"href":"https:\/\/dadorana.ch\/fr\/wp-json\/wp\/v2\/product\/74327\/revisions"}],"wp:featuredmedia":[{"embeddable":true,"href":"https:\/\/dadorana.ch\/fr\/wp-json\/wp\/v2\/media\/74326"}],"wp:attachment":[{"href":"https:\/\/dadorana.ch\/fr\/wp-json\/wp\/v2\/media?parent=74327"}],"wp:term":[{"taxonomy":"pwb-brand","embeddable":true,"href":"https:\/\/dadorana.ch\/fr\/wp-json\/wp\/v2\/pwb-brand?post=74327"},{"taxonomy":"product_brand","embeddable":true,"href":"https:\/\/dadorana.ch\/fr\/wp-json\/wp\/v2\/product_brand?post=74327"},{"taxonomy":"product_cat","embeddable":true,"href":"https:\/\/dadorana.ch\/fr\/wp-json\/wp\/v2\/product_cat?post=74327"},{"taxonomy":"product_tag","embeddable":true,"href":"https:\/\/dadorana.ch\/fr\/wp-json\/wp\/v2\/product_tag?post=74327"}],"curies":[{"name":"wp","href":"https:\/\/api.w.org\/{rel}","templated":true}]}}