{"id":74333,"date":"2026-04-04T15:07:10","date_gmt":"2026-04-04T13:07:10","guid":{"rendered":"https:\/\/dadorana.ch\/produkt\/canosept-ohrreiniger\/"},"modified":"2026-04-06T12:52:21","modified_gmt":"2026-04-06T10:52:21","slug":"canosept-nettoyant-auriculaire-pour-chiens","status":"publish","type":"product","link":"https:\/\/dadorana.ch\/fr\/produit\/canosept-nettoyant-auriculaire-pour-chiens\/","title":{"rendered":"Canosept Nettoyant auriculaire pour chiens"},"content":{"rendered":"<p>Il est important de bien nettoyer les oreilles de votre chien. Le nettoyant auriculaire Canosept vous aidera dans cette t\u00e2che essentielle. Cette\u00a0<strong>lotion \u00e9molliente et antiseptique<\/strong>\u00a0p\u00e9n\u00e8tre profond\u00e9ment dans l&rsquo;oreille et\u00a0<strong>\u00e9limine la salet\u00e9 et le c\u00e9rumen.\u00a0<\/strong>Fini les nettoyages d\u00e9sagr\u00e9ables de l&rsquo;oreille ! En se secouant, votre chien \u00e9liminera la salet\u00e9 dissoute de lui-m\u00eame. Le nettoyant auriculaire Canosept favorise\u00a0<b>la sant\u00e9 du conduit auditif de votre chien<\/b>.\u00a0<\/p>\n<p><strong>Caract\u00e9ristiques du nettoyant auriculaire Canosept pour chien :<\/strong><\/p>\n<ul>\n<li>Nettoyant auriculaire pour chien<\/li>\n<li>Id\u00e9al pour les oreilles pointues et pendantes<\/li>\n<li><strong>Favorise l&rsquo;hygi\u00e8ne auriculaire :<\/strong>\u00a0\u00e9limine le c\u00e9rumen et la salet\u00e9, d\u00e9sodorise<\/li>\n<li><strong>Antiseptique :<\/strong>\u00a0favorise la sant\u00e9 du conduit auditif\u00a0et r\u00e9duit le risque de d\u00e9mangeaisons<\/li>\n<li><strong>Doux et apaisant :<\/strong>\u00a0plus besoin de rincer l&rsquo;oreille, le chien \u00e9limine lui-m\u00eame la salet\u00e9 en se secouant, \u00e9mollient<\/li>\n<li>S&rsquo;applique directement dans l&rsquo;oreille<\/li>\n<li><strong>Contenu :\u00a0<\/strong>125 mL<\/li>\n<\/ul>\n","protected":false},"excerpt":{"rendered":"<ul>\n<li><span style=\"color: #ff8800;\">Facile d&rsquo;utilisation<\/span><\/li>\n<li><span style=\"color: #ff8800;\">Un indispensable du toilettage canin<\/span><\/li>\n<li><span style=\"color: #ff8800;\">Nettoyant, antiseptique et neutralisant les odeurs<\/span><\/li>\n<li><span style=\"color: #ff8800;\">Pr\u00e9vient les otites et les infestations parasitaires<\/span><\/li>\n<li><span style=\"color: #ff8800;\">\u00c9limine le c\u00e9rumen et les impuret\u00e9s des oreilles du chien<\/span><\/li>\n<li><span style=\"color: #ff8800;\">Garantit des oreilles propres et saines<\/span><\/li>\n<li><span style=\"color: #ff8800;\">Id\u00e9al pour les chiens aux oreilles pointues ou tombantes<\/span><\/li>\n<\/ul>\n","protected":false},"featured_media":74331,"template":"","meta":[],"pwb-brand":[8000],"product_brand":[8074],"product_cat":[7360,7155,7167],"product_tag":[],"class_list":{"0":"post-74333","1":"product","2":"type-product","3":"status-publish","4":"has-post-thumbnail","6":"pwb-brand-canosept","7":"product_brand-canosept","8":"product_cat-produits-de-soins","9":"product_cat-chiens","10":"product_cat-tous","11":"pa_brand-canosept","12":"pa_eigenschaften-pflegeprodukte-soins-des-oreilles","13":"pa_haustier-chien-2","14":"pa_marke-canosept","15":"pa_ursprungsland-allemagne","17":"first","18":"instock","19":"taxable","20":"shipping-taxable","21":"purchasable","22":"product-type-simple"},"brands":[{"id":8000,"name":"Canosept","slug":"canosept"}],"meta_box":{"lieferant":"Businesscom","lieferanten_email":"","produktzusammensetzung":"","restock_quantities_galaxus":"5","galaxus_restock_time":"21","galaxus_restock_date":"","galaxus_preis":"","export":"","signalwort":[],"gefahrenpiktogramm":[],"gefahrenhinweise":[]},"_links":{"self":[{"href":"https:\/\/dadorana.ch\/fr\/wp-json\/wp\/v2\/product\/74333","targetHints":{"allow":["GET"]}}],"collection":[{"href":"https:\/\/dadorana.ch\/fr\/wp-json\/wp\/v2\/product"}],"about":[{"href":"https:\/\/dadorana.ch\/fr\/wp-json\/wp\/v2\/types\/product"}],"version-history":[{"count":0,"href":"https:\/\/dadorana.ch\/fr\/wp-json\/wp\/v2\/product\/74333\/revisions"}],"wp:featuredmedia":[{"embeddable":true,"href":"https:\/\/dadorana.ch\/fr\/wp-json\/wp\/v2\/media\/74331"}],"wp:attachment":[{"href":"https:\/\/dadorana.ch\/fr\/wp-json\/wp\/v2\/media?parent=74333"}],"wp:term":[{"taxonomy":"pwb-brand","embeddable":true,"href":"https:\/\/dadorana.ch\/fr\/wp-json\/wp\/v2\/pwb-brand?post=74333"},{"taxonomy":"product_brand","embeddable":true,"href":"https:\/\/dadorana.ch\/fr\/wp-json\/wp\/v2\/product_brand?post=74333"},{"taxonomy":"product_cat","embeddable":true,"href":"https:\/\/dadorana.ch\/fr\/wp-json\/wp\/v2\/product_cat?post=74333"},{"taxonomy":"product_tag","embeddable":true,"href":"https:\/\/dadorana.ch\/fr\/wp-json\/wp\/v2\/product_tag?post=74333"}],"curies":[{"name":"wp","href":"https:\/\/api.w.org\/{rel}","templated":true}]}}