{"id":74426,"date":"2026-03-31T21:51:43","date_gmt":"2026-03-31T19:51:43","guid":{"rendered":"https:\/\/dadorana.ch\/produkt\/in-fluence-sensitive-shampoo\/"},"modified":"2026-04-06T07:50:20","modified_gmt":"2026-04-06T05:50:20","slug":"in-fluence-sensitive-shampooing","status":"publish","type":"product","link":"https:\/\/dadorana.ch\/fr\/produit\/in-fluence-sensitive-shampooing\/","title":{"rendered":"In\u200b-\u200bFluence Sensitive Shampooing"},"content":{"rendered":"<p>Le\u00a0<strong>shampooing<\/strong>\u00a0apaisant\u00a0<strong>Sensitive<\/strong>\u00a0d&rsquo;<strong>IN-Fluence<\/strong>\u00a0est parfait pour les\u00a0<strong>chiens<\/strong>\u00a0\u00e0 la peau sensible et exigeante. La formule de haute qualit\u00e9 contient de\u00a0<strong>l&rsquo;eau d&rsquo;hamam\u00e9lis pour apaiser<\/strong>, du\u00a0<strong>sel marin pour r\u00e9g\u00e9n\u00e9rer<\/strong>,du panth\u00e9nol nourrissant et de la vitamine E pour un nettoyage en douceur de la peau et du pelage. Le\u00a0<strong>shampooing<\/strong>\u00a0Sensitive\u00a0<strong>au pH neutre<\/strong>\u00a0est doux pour la peau du chien et peut \u00eatre utilis\u00e9 r\u00e9guli\u00e8rement. Il est exempt d&rsquo;huiles min\u00e9rales, de silicones et de parab\u00e8nes.<\/p>\n<p><strong>Avantages du produit :<\/strong><\/p>\n<ul>\n<li>Pour les peaux sensibles<\/li>\n<li>R\u00e9g\u00e9n\u00e9rant et apaisant<\/li>\n<li>Avec de l&rsquo;eau d&rsquo;hamam\u00e9lis et de la vitamine E<\/li>\n<li>Sans huiles min\u00e9rales,\u00a0silicones et parab\u00e8nes<\/li>\n<\/ul>\n","protected":false},"excerpt":{"rendered":"<ul>\n<li><span style=\"color: #ff8800;\">Shampooing apaisant au pH neutre pour les chiens \u00e0 la peau sensible<\/span><\/li>\n<\/ul>\n","protected":false},"featured_media":74425,"template":"","meta":[],"pwb-brand":[7880],"product_brand":[7883],"product_cat":[7360,7155,7167],"product_tag":[],"class_list":{"0":"post-74426","1":"product","2":"type-product","3":"status-publish","4":"has-post-thumbnail","6":"pwb-brand-in-fluence","7":"product_brand-in-fluence","8":"product_cat-produits-de-soins","9":"product_cat-chiens","10":"product_cat-tous","11":"pa_brand-in-fluence","12":"pa_eigenschaften-pflegeprodukte-shampoing-hypoallergenique","13":"pa_eigenschaften-pflegeprodukte-shampooing","14":"pa_eigenschaften-pflegeprodukte-soins-de-la-peau-et-du-pelage","15":"pa_haustier-chien-2","16":"pa_marke-in-fluence","17":"pa_ursprungsland-autriche","18":"pa_z_cat2-pflege","20":"first","21":"instock","22":"taxable","23":"shipping-taxable","24":"purchasable","25":"product-type-simple"},"brands":[{"id":7880,"name":"In-Fluence","slug":"in-fluence"}],"meta_box":{"lieferant":"Businesscom","lieferanten_email":"","produktzusammensetzung":"","restock_quantities_galaxus":"5","galaxus_restock_time":"21","galaxus_restock_date":"","galaxus_preis":"","export":"Nein","signalwort":[],"gefahrenpiktogramm":[],"gefahrenhinweise":[]},"_links":{"self":[{"href":"https:\/\/dadorana.ch\/fr\/wp-json\/wp\/v2\/product\/74426","targetHints":{"allow":["GET"]}}],"collection":[{"href":"https:\/\/dadorana.ch\/fr\/wp-json\/wp\/v2\/product"}],"about":[{"href":"https:\/\/dadorana.ch\/fr\/wp-json\/wp\/v2\/types\/product"}],"version-history":[{"count":0,"href":"https:\/\/dadorana.ch\/fr\/wp-json\/wp\/v2\/product\/74426\/revisions"}],"wp:featuredmedia":[{"embeddable":true,"href":"https:\/\/dadorana.ch\/fr\/wp-json\/wp\/v2\/media\/74425"}],"wp:attachment":[{"href":"https:\/\/dadorana.ch\/fr\/wp-json\/wp\/v2\/media?parent=74426"}],"wp:term":[{"taxonomy":"pwb-brand","embeddable":true,"href":"https:\/\/dadorana.ch\/fr\/wp-json\/wp\/v2\/pwb-brand?post=74426"},{"taxonomy":"product_brand","embeddable":true,"href":"https:\/\/dadorana.ch\/fr\/wp-json\/wp\/v2\/product_brand?post=74426"},{"taxonomy":"product_cat","embeddable":true,"href":"https:\/\/dadorana.ch\/fr\/wp-json\/wp\/v2\/product_cat?post=74426"},{"taxonomy":"product_tag","embeddable":true,"href":"https:\/\/dadorana.ch\/fr\/wp-json\/wp\/v2\/product_tag?post=74426"}],"curies":[{"name":"wp","href":"https:\/\/api.w.org\/{rel}","templated":true}]}}