{"id":74441,"date":"2026-04-05T17:26:27","date_gmt":"2026-04-05T15:26:27","guid":{"rendered":"https:\/\/dadorana.ch\/produkt\/felisept-augenpflege-pads-fuer-katzen\/"},"modified":"2026-04-06T11:30:54","modified_gmt":"2026-04-06T09:30:54","slug":"felisept-finger-pads-pour-soins-oculaires-pour-chats","status":"publish","type":"product","link":"https:\/\/dadorana.ch\/fr\/produit\/felisept-finger-pads-pour-soins-oculaires-pour-chats\/","title":{"rendered":"Felisept Finger Pads pour soins oculaires pour chats"},"content":{"rendered":"<p>Les\u00a0<strong>Finger Pads pour le soin des yeux de Felisept<\/strong>\u00a0conviennent pour un nettoyage doux et traitant des paupi\u00e8res. Ils nettoient en douceur la zone des yeux contre la salet\u00e9, la poussi\u00e8re, les larmes et autres impuret\u00e9s. Les taches de larmes inesth\u00e9tiques se remarquent rapidement, surtout chez les chats \u00e0 pelage clair ou long. Pour \u00e9viter qu&rsquo;elles ne se transforment en plaques de larmes, il est recommand\u00e9 de les nettoyer r\u00e9guli\u00e8rement.<\/p>\n<p><strong>Avantages :<\/strong><\/p>\n<ul>\n<li>Nettoie en douceur<\/li>\n<li>Enl\u00e8ve les taches de larmes, la salet\u00e9 et la poussi\u00e8re<\/li>\n<li>Contient de l&rsquo;extrait d&rsquo;aloe vera nourrissant<\/li>\n<\/ul>\n<p><strong>Contenu :<\/strong> 100 pads<\/p>\n","protected":false},"excerpt":{"rendered":"<ul>\n<li><span style=\"color: #ff8800;\">Pads de soin et de nettoyage pour les paupi\u00e8res des chats, \u00e0 l&rsquo;extrait d&rsquo;aloe vera<\/span><\/li>\n<\/ul>\n","protected":false},"featured_media":74440,"template":"","meta":[],"pwb-brand":[8001],"product_brand":[8075],"product_cat":[7272,7238,7167],"product_tag":[],"class_list":{"0":"post-74441","1":"product","2":"type-product","3":"status-publish","4":"has-post-thumbnail","6":"pwb-brand-felisept","7":"product_brand-felisept","8":"product_cat-produits-de-soin-chats","9":"product_cat-chats","10":"product_cat-tous","11":"pa_brand-felisept","12":"pa_eigenschaften-pflegeprodukte-soins-des-yeux","13":"pa_haustier-chat","14":"pa_marke-felisept","15":"pa_ursprungsland-allemagne","16":"pa_z_cat2-pflege","17":"pa_z_product_type-augenpflege","19":"first","20":"instock","21":"taxable","22":"shipping-taxable","23":"purchasable","24":"product-type-simple"},"brands":[{"id":8001,"name":"Felisept","slug":"felisept"}],"meta_box":{"lieferant":"Businesscom","lieferanten_email":"","produktzusammensetzung":"","restock_quantities_galaxus":"5","galaxus_restock_time":"21","galaxus_restock_date":"","galaxus_preis":"","export":"Nein","signalwort":[],"gefahrenpiktogramm":[],"gefahrenhinweise":[]},"_links":{"self":[{"href":"https:\/\/dadorana.ch\/fr\/wp-json\/wp\/v2\/product\/74441","targetHints":{"allow":["GET"]}}],"collection":[{"href":"https:\/\/dadorana.ch\/fr\/wp-json\/wp\/v2\/product"}],"about":[{"href":"https:\/\/dadorana.ch\/fr\/wp-json\/wp\/v2\/types\/product"}],"version-history":[{"count":0,"href":"https:\/\/dadorana.ch\/fr\/wp-json\/wp\/v2\/product\/74441\/revisions"}],"wp:featuredmedia":[{"embeddable":true,"href":"https:\/\/dadorana.ch\/fr\/wp-json\/wp\/v2\/media\/74440"}],"wp:attachment":[{"href":"https:\/\/dadorana.ch\/fr\/wp-json\/wp\/v2\/media?parent=74441"}],"wp:term":[{"taxonomy":"pwb-brand","embeddable":true,"href":"https:\/\/dadorana.ch\/fr\/wp-json\/wp\/v2\/pwb-brand?post=74441"},{"taxonomy":"product_brand","embeddable":true,"href":"https:\/\/dadorana.ch\/fr\/wp-json\/wp\/v2\/product_brand?post=74441"},{"taxonomy":"product_cat","embeddable":true,"href":"https:\/\/dadorana.ch\/fr\/wp-json\/wp\/v2\/product_cat?post=74441"},{"taxonomy":"product_tag","embeddable":true,"href":"https:\/\/dadorana.ch\/fr\/wp-json\/wp\/v2\/product_tag?post=74441"}],"curies":[{"name":"wp","href":"https:\/\/api.w.org\/{rel}","templated":true}]}}