{"id":74448,"date":"2026-04-05T17:27:07","date_gmt":"2026-04-05T15:27:07","guid":{"rendered":"https:\/\/dadorana.ch\/produkt\/felisept-zahnpflege-finger-pads-fuer-katzen\/"},"modified":"2026-04-06T11:40:22","modified_gmt":"2026-04-06T09:40:22","slug":"felisept-finger-pads-pour-soins-dentaires-pour-chats","status":"publish","type":"product","link":"https:\/\/dadorana.ch\/fr\/produit\/felisept-finger-pads-pour-soins-dentaires-pour-chats\/","title":{"rendered":"Felisept Finger Pads pour soins dentaires pour chats"},"content":{"rendered":"<p>Les\u00a0<strong>Finger<\/strong>\u00a0<strong>Pads pour soins dentaires de Felisept<\/strong>\u00a0sont parfaits pour le nettoyage<strong>\u00a0<\/strong>et les soins hygi\u00e9niques des\u00a0<strong>dents des<\/strong>\u00a0<strong>chats<\/strong>. Gr\u00e2ce \u00e0 sa forme sp\u00e9cialement con\u00e7ue pour \u00eatre enfil\u00e9 au doigt, vous suivrez facilement les caract\u00e9ristiques anatomiques des dents de votre animal lors de l&rsquo;utilisation.\u00a0 Les pads pratiques r\u00e9duisent la formation de la\u00a0<strong>plaque\u00a0<\/strong>dentaire et favorisent une\u00a0<strong>haleine fra\u00eeche<\/strong>.<\/p>\n<p><strong>Avantages :<\/strong><\/p>\n<ul>\n<li>Am\u00e9liore efficacement l&rsquo;hygi\u00e8ne buccale g\u00e9n\u00e9rale<\/li>\n<li>R\u00e9duit la formation de la plaque dentaire<\/li>\n<li>Nettoyage facile et hygi\u00e9nique<\/li>\n<\/ul>\n<p><strong>Contenu :<\/strong> 50 pads<\/p>\n","protected":false},"excerpt":{"rendered":"<ul>\n<li><span style=\"color: #ff8800;\">Pads pratiques \u00e0 enfiler pour un nettoyage et des soins faciles des dents et des gencives<\/span><\/li>\n<\/ul>\n","protected":false},"featured_media":74447,"template":"","meta":[],"pwb-brand":[8001],"product_brand":[8075],"product_cat":[7272,7238,7167],"product_tag":[],"class_list":{"0":"post-74448","1":"product","2":"type-product","3":"status-publish","4":"has-post-thumbnail","6":"pwb-brand-felisept","7":"product_brand-felisept","8":"product_cat-produits-de-soin-chats","9":"product_cat-chats","10":"product_cat-tous","11":"pa_brand-felisept","12":"pa_eigenschaften-pflegeprodukte-soins-dentaires","13":"pa_haustier-chat","14":"pa_marke-felisept","15":"pa_ursprungsland-allemagne","16":"pa_z_cat2-pflege","18":"first","19":"instock","20":"taxable","21":"shipping-taxable","22":"purchasable","23":"product-type-simple"},"brands":[{"id":8001,"name":"Felisept","slug":"felisept"}],"meta_box":{"lieferant":"Businesscom","lieferanten_email":"","produktzusammensetzung":"","restock_quantities_galaxus":"5","galaxus_restock_time":"21","galaxus_restock_date":"","galaxus_preis":"","export":"Nein","signalwort":[],"gefahrenpiktogramm":[],"gefahrenhinweise":[]},"_links":{"self":[{"href":"https:\/\/dadorana.ch\/fr\/wp-json\/wp\/v2\/product\/74448","targetHints":{"allow":["GET"]}}],"collection":[{"href":"https:\/\/dadorana.ch\/fr\/wp-json\/wp\/v2\/product"}],"about":[{"href":"https:\/\/dadorana.ch\/fr\/wp-json\/wp\/v2\/types\/product"}],"version-history":[{"count":0,"href":"https:\/\/dadorana.ch\/fr\/wp-json\/wp\/v2\/product\/74448\/revisions"}],"wp:featuredmedia":[{"embeddable":true,"href":"https:\/\/dadorana.ch\/fr\/wp-json\/wp\/v2\/media\/74447"}],"wp:attachment":[{"href":"https:\/\/dadorana.ch\/fr\/wp-json\/wp\/v2\/media?parent=74448"}],"wp:term":[{"taxonomy":"pwb-brand","embeddable":true,"href":"https:\/\/dadorana.ch\/fr\/wp-json\/wp\/v2\/pwb-brand?post=74448"},{"taxonomy":"product_brand","embeddable":true,"href":"https:\/\/dadorana.ch\/fr\/wp-json\/wp\/v2\/product_brand?post=74448"},{"taxonomy":"product_cat","embeddable":true,"href":"https:\/\/dadorana.ch\/fr\/wp-json\/wp\/v2\/product_cat?post=74448"},{"taxonomy":"product_tag","embeddable":true,"href":"https:\/\/dadorana.ch\/fr\/wp-json\/wp\/v2\/product_tag?post=74448"}],"curies":[{"name":"wp","href":"https:\/\/api.w.org\/{rel}","templated":true}]}}