{"id":74455,"date":"2026-04-05T17:27:27","date_gmt":"2026-04-05T15:27:27","guid":{"rendered":"https:\/\/dadorana.ch\/produkt\/felisept-fellpflegespray-fuer-katzen\/"},"modified":"2026-04-06T11:48:59","modified_gmt":"2026-04-06T09:48:59","slug":"felisept-spray-de-soin-du-pelage-pour-chats","status":"publish","type":"product","link":"https:\/\/dadorana.ch\/fr\/produit\/felisept-spray-de-soin-du-pelage-pour-chats\/","title":{"rendered":"Felisept Spray de soin du pelage pour chats"},"content":{"rendered":"<p>Le spray de soin du pelage Felisept assure de mani\u00e8re biologique<strong>\u00a0un pelage brillant et soign\u00e9 \u00e0 votre chat.<\/strong>\u00a0Il lutte contre le feutrage et<strong>\u00a0emp\u00eache efficacement les poils de s&rsquo;accrocher et de s&#8217;emm\u00ealer en scellant chaque poil avec un film protecteur sp\u00e9cial.<\/strong>\u00a0Ce film protecteur repousse les salissures, la poussi\u00e8re et l&rsquo;eau, ce qui rend le pelage plus facile \u00e0 coiffer et lui conf\u00e8re un \u00e9clat soyeux. Le spray est exempt de solvants, tr\u00e8s doux et ne contient ni alcool ni silicones. Le vaporisateur \u00e0 pompe assure une r\u00e9partition uniforme et fine du spray sur le pelage du chat.<\/p>\n<p>En cas de d\u00e9mangeaisons, d&rsquo;irritations ou de rougeurs de la peau, nous recommandons le spray de soin de la peau Felisept. Le gel pour les plaies Felisept est id\u00e9al pour les petites bosses ou blessures cutan\u00e9es.<\/p>\n<p><strong>Avantages :<\/strong><\/p>\n<ul>\n<li>Spray de soin doux pour chats<\/li>\n<li>Pour d\u00e9m\u00ealer et soigner le pelage des chats<\/li>\n<li>Facilite le peignage<\/li>\n<li>Donne un \u00e9clat soyeux au pelage<\/li>\n<li>Support de soin id\u00e9al pour les chats \u00e0 poils longs et les seniors<\/li>\n<li>Mode d&rsquo;action biologique<\/li>\n<li>Pulv\u00e9risateur \u00e0 pompe pratique : facile \u00e0 utiliser S<\/li>\n<li>ans solvants ni alcool<\/li>\n<\/ul>\n","protected":false},"excerpt":{"rendered":"<ul>\n<li><span style=\"color: #ff8800;\">Spray doux pour le soin du pelage des chats. D\u00e9tache les n\u0153uds<\/span><\/li>\n<\/ul>\n","protected":false},"featured_media":74454,"template":"","meta":[],"pwb-brand":[8001],"product_brand":[8075],"product_cat":[7272,7238,7167],"product_tag":[],"class_list":{"0":"post-74455","1":"product","2":"type-product","3":"status-publish","4":"has-post-thumbnail","6":"pwb-brand-felisept","7":"product_brand-felisept","8":"product_cat-produits-de-soin-chats","9":"product_cat-chats","10":"product_cat-tous","11":"pa_brand-felisept","12":"pa_eigenschaften-pflegeprodukte-soins-de-la-peau-et-du-pelage","13":"pa_haustier-chat","14":"pa_marke-felisept","15":"pa_ursprungsland-allemagne","16":"pa_z_cat2-hygiene","18":"first","19":"instock","20":"taxable","21":"shipping-taxable","22":"purchasable","23":"product-type-simple"},"brands":[{"id":8001,"name":"Felisept","slug":"felisept"}],"meta_box":{"lieferant":"Businesscom","lieferanten_email":"","produktzusammensetzung":"","restock_quantities_galaxus":"5","galaxus_restock_time":"21","galaxus_restock_date":"","galaxus_preis":"","export":"Nein","signalwort":[],"gefahrenpiktogramm":[],"gefahrenhinweise":[]},"_links":{"self":[{"href":"https:\/\/dadorana.ch\/fr\/wp-json\/wp\/v2\/product\/74455","targetHints":{"allow":["GET"]}}],"collection":[{"href":"https:\/\/dadorana.ch\/fr\/wp-json\/wp\/v2\/product"}],"about":[{"href":"https:\/\/dadorana.ch\/fr\/wp-json\/wp\/v2\/types\/product"}],"version-history":[{"count":0,"href":"https:\/\/dadorana.ch\/fr\/wp-json\/wp\/v2\/product\/74455\/revisions"}],"wp:featuredmedia":[{"embeddable":true,"href":"https:\/\/dadorana.ch\/fr\/wp-json\/wp\/v2\/media\/74454"}],"wp:attachment":[{"href":"https:\/\/dadorana.ch\/fr\/wp-json\/wp\/v2\/media?parent=74455"}],"wp:term":[{"taxonomy":"pwb-brand","embeddable":true,"href":"https:\/\/dadorana.ch\/fr\/wp-json\/wp\/v2\/pwb-brand?post=74455"},{"taxonomy":"product_brand","embeddable":true,"href":"https:\/\/dadorana.ch\/fr\/wp-json\/wp\/v2\/product_brand?post=74455"},{"taxonomy":"product_cat","embeddable":true,"href":"https:\/\/dadorana.ch\/fr\/wp-json\/wp\/v2\/product_cat?post=74455"},{"taxonomy":"product_tag","embeddable":true,"href":"https:\/\/dadorana.ch\/fr\/wp-json\/wp\/v2\/product_tag?post=74455"}],"curies":[{"name":"wp","href":"https:\/\/api.w.org\/{rel}","templated":true}]}}