{"id":74461,"date":"2026-04-05T17:27:28","date_gmt":"2026-04-05T15:27:28","guid":{"rendered":"https:\/\/dadorana.ch\/produkt\/felisept-wundspray\/"},"modified":"2026-04-06T12:18:12","modified_gmt":"2026-04-06T10:18:12","slug":"felisept-spray-pour-plaies","status":"publish","type":"product","link":"https:\/\/dadorana.ch\/fr\/produit\/felisept-spray-pour-plaies\/","title":{"rendered":"Felisept Spray pour plaies"},"content":{"rendered":"<p>La vie d&rsquo;un chat est une aventure quotidienne pleine de d\u00e9couvertes et d&rsquo;amusement, mais ces aventures peuvent aussi donner lieu \u00e0 de petites blessures, que ce soit lors de jeux exub\u00e9rants dans le salon ou pendant une exploration \u00e0 l&rsquo;ext\u00e9rieur. Dans de tels moments, un soutien rapide et efficace est n\u00e9cessaire.<strong>\u00a0Le spray cicatrisant Felisept offre un soin optimal des plaies et ne devrait manquer dans aucune pharmacie domestique pour chats,<\/strong>\u00a0qu&rsquo;il s&rsquo;agisse d&rsquo;une \u00e9gratignure inoffensive lors d&rsquo;un jeu sauvage ou d&rsquo;une petite blessure superficielle lors d&rsquo;une excursion dans la nature.<strong>\u00a0Le spray cicatrisant Felisept est la solution id\u00e9ale car, gr\u00e2ce \u00e0 sa forme de pr\u00e9sentation liquide et non grasse, il \u00e9limine de mani\u00e8re fiable la salet\u00e9, les cellules mortes, les particules de graisse et les r\u00e9sidus de s\u00e9bum.<\/strong><\/p>\n<p><strong>Avantages :<\/strong><\/p>\n<ul>\n<li>Soulage rapidement les petites plaies<\/li>\n<li>Soigne et nettoie la peau<\/li>\n<li>Application indolore<\/li>\n<li>Facile \u00e0 utiliser<\/li>\n<\/ul>\n","protected":false},"excerpt":{"rendered":"<ul class=\"bulletpoints\">\n<li><span style=\"color: #ff8800;\">Pour nettoyer et soigner les plaies des chats<\/span>\n<div class=\"cs-buybox__section cs-buybox__section--product-form\">\n<div class=\"cs-buybox__shoppable\">\u00a0<\/div>\n<\/div>\n<div class=\"cs-buybox__shoppable-item-price\">\n<div class=\"price-box price-final_price\" data-role=\"priceBox\" data-product-id=\"34195\" data-price-box=\"product-id-34195\">\u00a0<\/div>\n<\/div>\n<\/li>\n<\/ul>\n","protected":false},"featured_media":74460,"template":"","meta":[],"pwb-brand":[8001],"product_brand":[8075],"product_cat":[7272,7238,7167],"product_tag":[],"class_list":{"0":"post-74461","1":"product","2":"type-product","3":"status-publish","4":"has-post-thumbnail","6":"pwb-brand-felisept","7":"product_brand-felisept","8":"product_cat-produits-de-soin-chats","9":"product_cat-chats","10":"product_cat-tous","11":"pa_brand-felisept","12":"pa_eigenschaften-pflegeprodukte-soins-des-plaies","13":"pa_haustier-chat","14":"pa_marke-felisept","15":"pa_ursprungsland-allemagne","16":"pa_z_cat2-pflege","18":"first","19":"instock","20":"taxable","21":"shipping-taxable","22":"purchasable","23":"product-type-simple"},"brands":[{"id":8001,"name":"Felisept","slug":"felisept"}],"meta_box":{"lieferant":"Businesscom","lieferanten_email":"","produktzusammensetzung":"","restock_quantities_galaxus":"5","galaxus_restock_time":"21","galaxus_restock_date":"","galaxus_preis":"","export":"Nein","signalwort":[],"gefahrenpiktogramm":[],"gefahrenhinweise":[]},"_links":{"self":[{"href":"https:\/\/dadorana.ch\/fr\/wp-json\/wp\/v2\/product\/74461","targetHints":{"allow":["GET"]}}],"collection":[{"href":"https:\/\/dadorana.ch\/fr\/wp-json\/wp\/v2\/product"}],"about":[{"href":"https:\/\/dadorana.ch\/fr\/wp-json\/wp\/v2\/types\/product"}],"version-history":[{"count":0,"href":"https:\/\/dadorana.ch\/fr\/wp-json\/wp\/v2\/product\/74461\/revisions"}],"wp:featuredmedia":[{"embeddable":true,"href":"https:\/\/dadorana.ch\/fr\/wp-json\/wp\/v2\/media\/74460"}],"wp:attachment":[{"href":"https:\/\/dadorana.ch\/fr\/wp-json\/wp\/v2\/media?parent=74461"}],"wp:term":[{"taxonomy":"pwb-brand","embeddable":true,"href":"https:\/\/dadorana.ch\/fr\/wp-json\/wp\/v2\/pwb-brand?post=74461"},{"taxonomy":"product_brand","embeddable":true,"href":"https:\/\/dadorana.ch\/fr\/wp-json\/wp\/v2\/product_brand?post=74461"},{"taxonomy":"product_cat","embeddable":true,"href":"https:\/\/dadorana.ch\/fr\/wp-json\/wp\/v2\/product_cat?post=74461"},{"taxonomy":"product_tag","embeddable":true,"href":"https:\/\/dadorana.ch\/fr\/wp-json\/wp\/v2\/product_tag?post=74461"}],"curies":[{"name":"wp","href":"https:\/\/api.w.org\/{rel}","templated":true}]}}