{"id":74468,"date":"2026-04-05T17:27:30","date_gmt":"2026-04-05T15:27:30","guid":{"rendered":"https:\/\/dadorana.ch\/produkt\/felisept-pfotenpflege\/"},"modified":"2026-04-06T12:49:09","modified_gmt":"2026-04-06T10:49:09","slug":"felisept-soin-des-pattes-pour-chats","status":"publish","type":"product","link":"https:\/\/dadorana.ch\/fr\/produit\/felisept-soin-des-pattes-pour-chats\/","title":{"rendered":"Felisept Soin des pattes pour chats"},"content":{"rendered":"<p>Les pattes des chats sont fortement sollicit\u00e9es au quotidien et sont expos\u00e9es toute l&rsquo;ann\u00e9e \u00e0 diff\u00e9rentes agressions et influences environnementales, telles que la chaleur, les surfaces rugueuses, la glace, la neige, le sel de d\u00e9neigement et le froid. Gr\u00e2ce \u00e0 sa formule \u00e9quilibr\u00e9e et sp\u00e9ciale, le soin des pattes Felisept pour chats convient parfaitement pour soigner les pattes des chats avec une douceur velout\u00e9e et les prot\u00e9ger contre le dess\u00e8chement et les fissures. Diff\u00e9rents ingr\u00e9dients comme l&rsquo;huile d&rsquo;abricot et le panth\u00e9nol hydratent intens\u00e9ment. La cr\u00e8me p\u00e9n\u00e8tre particuli\u00e8rement rapidement et ne laisse pas de marques grasses.<\/p>\n<p><strong>Avantages :<\/strong><\/p>\n<ul class=\"text-paragraph-m list-outside list-disc space-y-1 pl-6\">\n<li>Soin des pattes pour chats<\/li>\n<li>Hydrate les pattes<\/li>\n<li>Prot\u00e8ge contre les ger\u00e7ures &amp; le dess\u00e8chement<\/li>\n<li>P\u00e9n\u00e8tre rapidement et ne forme pas de film gras<\/li>\n<li>Soin riche<\/li>\n<\/ul>\n","protected":false},"excerpt":{"rendered":"<ul>\n<li><span style=\"color: #ff8800;\">Spray protecteur pour les pattes des chats, optimal en cas de chaleur ou de sel de d\u00e9neigement, hydrate, pr\u00e9vient le dess\u00e8chement<\/span><\/li>\n<\/ul>\n","protected":false},"featured_media":74467,"template":"","meta":[],"pwb-brand":[8001],"product_brand":[8075],"product_cat":[7272,7238,7167],"product_tag":[],"class_list":{"0":"post-74468","1":"product","2":"type-product","3":"status-publish","4":"has-post-thumbnail","6":"pwb-brand-felisept","7":"product_brand-felisept","8":"product_cat-produits-de-soin-chats","9":"product_cat-chats","10":"product_cat-tous","11":"pa_brand-felisept","12":"pa_eigenschaften-pflegeprodukte-soins-des-pattes","13":"pa_haustier-chat","14":"pa_marke-felisept","15":"pa_ursprungsland-allemagne","16":"pa_z_cat2-pflege","18":"first","19":"instock","20":"taxable","21":"shipping-taxable","22":"purchasable","23":"product-type-simple"},"brands":[{"id":8001,"name":"Felisept","slug":"felisept"}],"meta_box":{"lieferant":"Businesscom","lieferanten_email":"","produktzusammensetzung":"","restock_quantities_galaxus":"5","galaxus_restock_time":"21","galaxus_restock_date":"","galaxus_preis":"","export":"Nein","signalwort":[],"gefahrenpiktogramm":[],"gefahrenhinweise":[]},"_links":{"self":[{"href":"https:\/\/dadorana.ch\/fr\/wp-json\/wp\/v2\/product\/74468","targetHints":{"allow":["GET"]}}],"collection":[{"href":"https:\/\/dadorana.ch\/fr\/wp-json\/wp\/v2\/product"}],"about":[{"href":"https:\/\/dadorana.ch\/fr\/wp-json\/wp\/v2\/types\/product"}],"version-history":[{"count":0,"href":"https:\/\/dadorana.ch\/fr\/wp-json\/wp\/v2\/product\/74468\/revisions"}],"wp:featuredmedia":[{"embeddable":true,"href":"https:\/\/dadorana.ch\/fr\/wp-json\/wp\/v2\/media\/74467"}],"wp:attachment":[{"href":"https:\/\/dadorana.ch\/fr\/wp-json\/wp\/v2\/media?parent=74468"}],"wp:term":[{"taxonomy":"pwb-brand","embeddable":true,"href":"https:\/\/dadorana.ch\/fr\/wp-json\/wp\/v2\/pwb-brand?post=74468"},{"taxonomy":"product_brand","embeddable":true,"href":"https:\/\/dadorana.ch\/fr\/wp-json\/wp\/v2\/product_brand?post=74468"},{"taxonomy":"product_cat","embeddable":true,"href":"https:\/\/dadorana.ch\/fr\/wp-json\/wp\/v2\/product_cat?post=74468"},{"taxonomy":"product_tag","embeddable":true,"href":"https:\/\/dadorana.ch\/fr\/wp-json\/wp\/v2\/product_tag?post=74468"}],"curies":[{"name":"wp","href":"https:\/\/api.w.org\/{rel}","templated":true}]}}