{"id":74487,"date":"2026-04-05T17:27:31","date_gmt":"2026-04-05T15:27:31","guid":{"rendered":"https:\/\/dadorana.ch\/produkt\/felisept-home-comfort-beruhigungsspray\/"},"modified":"2026-04-06T13:23:33","modified_gmt":"2026-04-06T11:23:33","slug":"felisept-home-comfort-spray-apaisant","status":"publish","type":"product","link":"https:\/\/dadorana.ch\/fr\/produit\/felisept-home-comfort-spray-apaisant\/","title":{"rendered":"Felisept Home Comfort spray apaisant"},"content":{"rendered":"<p>Le<strong>\u00a0spray apaisant Felisept Home Comfort<\/strong>\u00a0assure l&rsquo;<strong>\u00a0apaisement des chats dans les situations de stress, d&rsquo;agressivit\u00e9 et d&rsquo;anxi\u00e9t\u00e9<\/strong>\u00a0gr\u00e2ce \u00e0 sa substance active naturelle, la n\u00e9p\u00e9talactone.<strong><br \/><\/strong><br \/>Les chats, tout comme les humains, peuvent \u00eatre expos\u00e9s \u00e0 des situations qui provoquent du stress. Le stress est une r\u00e9action normale du corps, mais si ces situations durent trop longtemps ou sont trop intenses, elles peuvent entra\u00eener un malaise et des troubles, voire des troubles du comportement, des n\u00e9vroses et des d\u00e9pressions. Les d\u00e9clencheurs de stress chez les chats sont souvent d&rsquo;origine sociale et territoriale.<\/p>\n<p>L&rsquo;\u00a0ingr\u00e9dient actif contenu\u00a0<strong>dans Felisept<\/strong>\u00a0est obtenu \u00e0 partir de l&rsquo;herbe \u00e0 chat (Nepeta Cataria), une plante de la famille des labiac\u00e9es, qui comprend \u00e9galement diff\u00e9rentes esp\u00e8ces de menthe. La plante doit son nom \u00e0 son effet attirant et apaisant sur les chats, d\u00e9clench\u00e9 par la substance \u00ab\u00a0n\u00e9p\u00e9talactone\u00a0\u00bb.<br \/>La n\u00e9p\u00e9talactone apaise les animaux dans les situations de stress social et territorial. Des \u00e9tudes cliniques ont montr\u00e9 que la concentration sp\u00e9ciale des ingr\u00e9dients de Felisept Home Comfort a permis d&rsquo;apaiser et de r\u00e9duire les signes de stress chez les chats apr\u00e8s quelques jours seulement.<\/p>\n<p>Utilise le\u00a0<strong>spray apaisant Felisept Home Comfort\u00a0<\/strong>en cas de :<strong><br \/><\/strong><\/p>\n<ul>\n<li>Agitation g\u00e9n\u00e9rale<\/li>\n<li>Agressivit\u00e9, griffures et morsures<\/li>\n<li>Marquage urinaire<\/li>\n<li>M\u00e9nage de plusieurs chats<\/li>\n<li>Visite chez le v\u00e9t\u00e9rinaire<\/li>\n<li>D\u00e9m\u00e9nagement<\/li>\n<li>Transport et voyages<\/li>\n<\/ul>\n<p><strong>Avantages du produit :<\/strong><\/p>\n<ul>\n<li>efficace en quelques jours seulement<\/li>\n<li>Avec de l&rsquo;herbe \u00e0 chat<\/li>\n<li>r\u00e9duit le stress et l&rsquo;inconfort<\/li>\n<li>spray pratique<\/li>\n<\/ul>\n<p>Le\u00a0<strong>spray apaisant Felisept Home Comfort<\/strong>\u00a0est id\u00e9al pour une application cibl\u00e9e dans l&rsquo;environnement direct du chat, en particulier dans les endroits o\u00f9 ton chat se rend pour faire ses griffes ou pour marquer son urine.<\/p>\n<p>Il peut \u00e9galement \u00eatre utilis\u00e9 dans toute situation que le chat per\u00e7oit comme une contrainte ou une peur. Cela inclut le transport chez le v\u00e9t\u00e9rinaire ou d&rsquo;autres voyages et excursions dans la caisse de transport.<\/p>\n<p><strong>Reconna\u00eetre le stress chez les chats :<\/strong><br \/>Chaque chat r\u00e9agit diff\u00e9remment au stress. Les signes les plus courants sont un toilettage excessif, le fait de se cacher, le manque d&rsquo;app\u00e9tit, l&rsquo;agressivit\u00e9, l&rsquo;agitation, la malpropret\u00e9, des miaulements plus intenses, le marquage urinaire, etc.<\/p>\n","protected":false},"excerpt":{"rendered":"<ul>\n<li>\n<div class=\"short-information-detail \"><span style=\"color: #ff8800;\">Spray calmant pour chats en situation de stress avec substance active naturelle<\/span><\/div>\n<div class=\"product--supplier\">\u00a0<\/div>\n<\/li>\n<\/ul>\n","protected":false},"featured_media":74486,"template":"","meta":[],"pwb-brand":[8001],"product_brand":[8075],"product_cat":[7272,7238,7167],"product_tag":[],"class_list":{"0":"post-74487","1":"product","2":"type-product","3":"status-publish","4":"has-post-thumbnail","6":"pwb-brand-felisept","7":"product_brand-felisept","8":"product_cat-produits-de-soin-chats","9":"product_cat-chats","10":"product_cat-tous","11":"pa_brand-felisept","12":"pa_eigenschaften-pflegeprodukte-calmant","13":"pa_haustier-chat","14":"pa_marke-felisept","15":"pa_ursprungsland-allemagne","16":"pa_z_cat2-pflege","17":"pa_z_product_type-beruhigung","19":"first","20":"instock","21":"taxable","22":"shipping-taxable","23":"purchasable","24":"product-type-simple"},"brands":[{"id":8001,"name":"Felisept","slug":"felisept"}],"meta_box":{"lieferant":"Businesscom","lieferanten_email":"","produktzusammensetzung":"","restock_quantities_galaxus":"5","galaxus_restock_time":"21","galaxus_restock_date":"","galaxus_preis":"","export":"Nein","signalwort":[],"gefahrenpiktogramm":[],"gefahrenhinweise":[]},"_links":{"self":[{"href":"https:\/\/dadorana.ch\/fr\/wp-json\/wp\/v2\/product\/74487","targetHints":{"allow":["GET"]}}],"collection":[{"href":"https:\/\/dadorana.ch\/fr\/wp-json\/wp\/v2\/product"}],"about":[{"href":"https:\/\/dadorana.ch\/fr\/wp-json\/wp\/v2\/types\/product"}],"version-history":[{"count":0,"href":"https:\/\/dadorana.ch\/fr\/wp-json\/wp\/v2\/product\/74487\/revisions"}],"wp:featuredmedia":[{"embeddable":true,"href":"https:\/\/dadorana.ch\/fr\/wp-json\/wp\/v2\/media\/74486"}],"wp:attachment":[{"href":"https:\/\/dadorana.ch\/fr\/wp-json\/wp\/v2\/media?parent=74487"}],"wp:term":[{"taxonomy":"pwb-brand","embeddable":true,"href":"https:\/\/dadorana.ch\/fr\/wp-json\/wp\/v2\/pwb-brand?post=74487"},{"taxonomy":"product_brand","embeddable":true,"href":"https:\/\/dadorana.ch\/fr\/wp-json\/wp\/v2\/product_brand?post=74487"},{"taxonomy":"product_cat","embeddable":true,"href":"https:\/\/dadorana.ch\/fr\/wp-json\/wp\/v2\/product_cat?post=74487"},{"taxonomy":"product_tag","embeddable":true,"href":"https:\/\/dadorana.ch\/fr\/wp-json\/wp\/v2\/product_tag?post=74487"}],"curies":[{"name":"wp","href":"https:\/\/api.w.org\/{rel}","templated":true}]}}