{"id":74493,"date":"2026-04-05T17:28:31","date_gmt":"2026-04-05T15:28:31","guid":{"rendered":"https:\/\/dadorana.ch\/produkt\/felisept-home-comfort-beruhigungshalsband-fuer-katzen\/"},"modified":"2026-04-06T13:36:25","modified_gmt":"2026-04-06T11:36:25","slug":"felisept-home-comfort-collier-pour-chats","status":"publish","type":"product","link":"https:\/\/dadorana.ch\/fr\/produit\/felisept-home-comfort-collier-pour-chats\/","title":{"rendered":"Felisept Home Comfort Collier pour chats"},"content":{"rendered":"<p>Le\u00a0<strong>collier pour chat Felisept Home Comfort\u00a0<\/strong>est une solution facile \u00e0 utiliser et confortable et assure l&rsquo;<strong>\u00a0apaisement des chats dans les situations de stress, d&rsquo;agressivit\u00e9 et d&rsquo;anxi\u00e9t\u00e9<\/strong>\u00a0gr\u00e2ce \u00e0 la substance active naturelle Nepetalacton.<strong><br \/><\/strong><br \/>Les chats, tout comme les humains, peuvent \u00eatre expos\u00e9s \u00e0 des situations qui provoquent du stress. Le stress est une r\u00e9action normale du corps, mais si ces situations durent trop longtemps ou sont trop intenses, elles peuvent entra\u00eener un malaise et des troubles, voire des troubles du comportement, des n\u00e9vroses et des d\u00e9pressions. Les d\u00e9clencheurs de stress chez les chats sont souvent d&rsquo;origine sociale et territoriale.<\/p>\n<p>L&rsquo;\u00a0ingr\u00e9dient actif contenu\u00a0<strong>dans Felisept<\/strong>\u00a0est obtenu \u00e0 partir de l&rsquo;herbe \u00e0 chat (Nepeta Cataria), une plante de la famille des labiac\u00e9es, qui comprend \u00e9galement diff\u00e9rentes esp\u00e8ces de menthe. La plante doit son nom \u00e0 son effet attirant et apaisant sur les chats, d\u00e9clench\u00e9 par la substance \u00ab\u00a0n\u00e9p\u00e9talactone\u00a0\u00bb.<br \/>La n\u00e9p\u00e9talactone apaise les animaux dans les situations de stress social et territorial. Des \u00e9tudes cliniques ont montr\u00e9 que la concentration sp\u00e9ciale des ingr\u00e9dients de Felisept Home Comfort a permis d&rsquo;apaiser et de r\u00e9duire les signes de stress chez les chats apr\u00e8s quelques jours seulement.<\/p>\n<p>Utilise le<strong>\u00a0collier pour chat Felisept Home Comfort\u00a0<\/strong>en cas de :<strong><br \/><\/strong><\/p>\n<ul>\n<li>Agitation g\u00e9n\u00e9rale<\/li>\n<li>Agressivit\u00e9, griffures et morsures<\/li>\n<li>Marquage urinaire<\/li>\n<li>M\u00e9nage de plusieurs chats<\/li>\n<li>Bruit comme les feux d&rsquo;artifice, les orages, etc.<\/li>\n<li>D\u00e9m\u00e9nagement<\/li>\n<li>Transports et voyages<\/li>\n<li>Visite chez le v\u00e9t\u00e9rinaire<\/li>\n<li>Deuil, par exemple en cas de perte d&rsquo;un cong\u00e9n\u00e8re<\/li>\n<\/ul>\n<p>Le\u00a0<strong>collier apaisant Felisept<\/strong>\u00a0pour chats est une solution facile \u00e0 utiliser et confortable pour apaiser ton chat. Plac\u00e9 autour du cou du chat, le collier lib\u00e8re en continu un extrait du parfum Nepeta Cataria.<\/p>\n<p><strong>Reconna\u00eetre le stress chez les chats : <\/strong>Chaque chat r\u00e9agit diff\u00e9remment au stress. Les signes les plus courants sont un toilettage excessif, le fait de se cacher, le manque d&rsquo;app\u00e9tit, l&rsquo;agressivit\u00e9, l&rsquo;agitation, la malpropret\u00e9, des miaulements plus intenses, le marquage urinaire, etc.<\/p>\n","protected":false},"excerpt":{"rendered":"<ul>\n<li><span style=\"color: #ff8800;\">Collier apaisant avec substance active naturelle pour calmer les chats<\/span><\/li>\n<\/ul>\n","protected":false},"featured_media":74492,"template":"","meta":[],"pwb-brand":[8001],"product_brand":[8075],"product_cat":[7831,7238,7272,7167],"product_tag":[],"class_list":{"0":"post-74493","1":"product","2":"type-product","3":"status-publish","4":"has-post-thumbnail","6":"pwb-brand-felisept","7":"product_brand-felisept","8":"product_cat-accessoires-chat","9":"product_cat-chats","10":"product_cat-produits-de-soin-chats","11":"product_cat-tous","12":"pa_brand-felisept","13":"pa_eigenschaften-pflegeprodukte-calmant","14":"pa_haustier-chat","15":"pa_marke-felisept","16":"pa_ursprungsland-allemagne","17":"pa_z_cat2-halsband-leine","18":"pa_z_cat2-pflege","20":"first","21":"instock","22":"taxable","23":"shipping-taxable","24":"purchasable","25":"product-type-simple"},"brands":[{"id":8001,"name":"Felisept","slug":"felisept"}],"meta_box":{"lieferant":"Businesscom","lieferanten_email":"","produktzusammensetzung":"","restock_quantities_galaxus":"5","galaxus_restock_time":"21","galaxus_restock_date":"","galaxus_preis":"","export":"Nein","signalwort":[],"gefahrenpiktogramm":[],"gefahrenhinweise":[]},"_links":{"self":[{"href":"https:\/\/dadorana.ch\/fr\/wp-json\/wp\/v2\/product\/74493","targetHints":{"allow":["GET"]}}],"collection":[{"href":"https:\/\/dadorana.ch\/fr\/wp-json\/wp\/v2\/product"}],"about":[{"href":"https:\/\/dadorana.ch\/fr\/wp-json\/wp\/v2\/types\/product"}],"version-history":[{"count":0,"href":"https:\/\/dadorana.ch\/fr\/wp-json\/wp\/v2\/product\/74493\/revisions"}],"wp:featuredmedia":[{"embeddable":true,"href":"https:\/\/dadorana.ch\/fr\/wp-json\/wp\/v2\/media\/74492"}],"wp:attachment":[{"href":"https:\/\/dadorana.ch\/fr\/wp-json\/wp\/v2\/media?parent=74493"}],"wp:term":[{"taxonomy":"pwb-brand","embeddable":true,"href":"https:\/\/dadorana.ch\/fr\/wp-json\/wp\/v2\/pwb-brand?post=74493"},{"taxonomy":"product_brand","embeddable":true,"href":"https:\/\/dadorana.ch\/fr\/wp-json\/wp\/v2\/product_brand?post=74493"},{"taxonomy":"product_cat","embeddable":true,"href":"https:\/\/dadorana.ch\/fr\/wp-json\/wp\/v2\/product_cat?post=74493"},{"taxonomy":"product_tag","embeddable":true,"href":"https:\/\/dadorana.ch\/fr\/wp-json\/wp\/v2\/product_tag?post=74493"}],"curies":[{"name":"wp","href":"https:\/\/api.w.org\/{rel}","templated":true}]}}