{"id":74683,"date":"2026-03-23T16:13:31","date_gmt":"2026-03-23T15:13:31","guid":{"rendered":"https:\/\/dadorana.ch\/produkt\/bepure-dog-cbd-snack-huhn\/"},"modified":"2026-04-14T13:23:35","modified_gmt":"2026-04-14T11:23:35","slug":"bepure-dog-snack-cbd-poulet","status":"publish","type":"product","link":"https:\/\/dadorana.ch\/fr\/produit\/bepure-dog-snack-cbd-poulet\/","title":{"rendered":"bePure Dog Snack CBD poulet"},"content":{"rendered":"<p>Vous vous appr\u00eatez \u00e0 relever le prochain d\u00e9fi avec votre chien ? Dans ce cas, la\u00a0<strong>friandise<\/strong>\u00a0apaisante au\u00a0<strong>CBD<\/strong>, au poulet, au th\u00e9 vert et \u00e0 l&rsquo;herbe \u00e0 casque de bePure vous aidera.<\/p>\n<p>Gr\u00e2ce aux essences apaisantes, les snacks peuvent \u00eatre donn\u00e9s en particulier avant <strong>des situations stressantes<\/strong>. En outre, le snack a une\u00a0<strong>teneur \u00e9lev\u00e9e en viande<\/strong>\u00a0et a \u00e9t\u00e9 fabriqu\u00e9 \u00e0 partir de\u00a0<strong>viande suisse<\/strong>.<\/p>\n<p>Gr\u00e2ce \u00e0 son emballage refermable, le snack est parfait pour les d\u00e9placements. Avec la friandise au CBD de bePure, vous pouvez surmonter tous les obstacles avec votre boule de poils.<\/p>\n<p><strong>Avantages :<\/strong><\/p>\n<ul>\n<li>a un effet apaisant<\/li>\n<li>riche en poulet<\/li>\n<li>avec du CBD, du th\u00e9 vert et de l&rsquo;herbe \u00e0 casque<\/li>\n<li>viande suisse<\/li>\n<li>sachet refermable<\/li>\n<\/ul>\n","protected":false},"excerpt":{"rendered":"<ul>\n<li><span style=\"color: #ff8800;\">Friandise apaisante pour chiens au CBD et au th\u00e9 vert<\/span><\/li>\n<\/ul>\n","protected":false},"featured_media":74682,"template":"","meta":[],"pwb-brand":[7769],"product_brand":[7770],"product_cat":[7651,7155,7167],"product_tag":[],"class_list":{"0":"post-74683","1":"product","2":"type-product","3":"status-publish","4":"has-post-thumbnail","6":"pwb-brand-bepure","7":"product_brand-bepure","8":"product_cat-snacks","9":"product_cat-chiens","10":"product_cat-tous","11":"pa_brand-bepure","12":"pa_geschmack-poulet","13":"pa_haustier-chien-2","14":"pa_marke-bepure","15":"pa_spezialeigenschaft-cbd","16":"pa_ursprungsland-suisse","17":"pa_z_cat2-hundefutter","19":"first","20":"instock","21":"taxable","22":"shipping-taxable","23":"purchasable","24":"product-type-simple"},"brands":[{"id":7769,"name":"bePure","slug":"bepure"}],"meta_box":{"lieferant":"Businesscom","lieferanten_email":"","produktzusammensetzung":"","restock_quantities_galaxus":"5","galaxus_restock_time":"21","galaxus_restock_date":"","galaxus_preis":"","export":"Nein","signalwort":[],"gefahrenpiktogramm":[],"gefahrenhinweise":[]},"_links":{"self":[{"href":"https:\/\/dadorana.ch\/fr\/wp-json\/wp\/v2\/product\/74683","targetHints":{"allow":["GET"]}}],"collection":[{"href":"https:\/\/dadorana.ch\/fr\/wp-json\/wp\/v2\/product"}],"about":[{"href":"https:\/\/dadorana.ch\/fr\/wp-json\/wp\/v2\/types\/product"}],"version-history":[{"count":0,"href":"https:\/\/dadorana.ch\/fr\/wp-json\/wp\/v2\/product\/74683\/revisions"}],"wp:featuredmedia":[{"embeddable":true,"href":"https:\/\/dadorana.ch\/fr\/wp-json\/wp\/v2\/media\/74682"}],"wp:attachment":[{"href":"https:\/\/dadorana.ch\/fr\/wp-json\/wp\/v2\/media?parent=74683"}],"wp:term":[{"taxonomy":"pwb-brand","embeddable":true,"href":"https:\/\/dadorana.ch\/fr\/wp-json\/wp\/v2\/pwb-brand?post=74683"},{"taxonomy":"product_brand","embeddable":true,"href":"https:\/\/dadorana.ch\/fr\/wp-json\/wp\/v2\/product_brand?post=74683"},{"taxonomy":"product_cat","embeddable":true,"href":"https:\/\/dadorana.ch\/fr\/wp-json\/wp\/v2\/product_cat?post=74683"},{"taxonomy":"product_tag","embeddable":true,"href":"https:\/\/dadorana.ch\/fr\/wp-json\/wp\/v2\/product_tag?post=74683"}],"curies":[{"name":"wp","href":"https:\/\/api.w.org\/{rel}","templated":true}]}}