{"id":74690,"date":"2026-03-23T16:14:32","date_gmt":"2026-03-23T15:14:32","guid":{"rendered":"https:\/\/dadorana.ch\/produkt\/bepure-black-rock-biscuit\/"},"modified":"2026-04-14T13:22:58","modified_gmt":"2026-04-14T11:22:58","slug":"bepure-black-rock-biscuit-au-charbon-actif","status":"publish","type":"product","link":"https:\/\/dadorana.ch\/fr\/produit\/bepure-black-rock-biscuit-au-charbon-actif\/","title":{"rendered":"bePure Black Rock Biscuit au charbon actif"},"content":{"rendered":"<p>Les friandises bePure Black Rock <strong>au charbon actif<\/strong> aident votre chien \u00e0 soulager ses probl\u00e8mes digestifs, tels que les selles <strong>molles<\/strong> ou la<strong> diarrh\u00e9e.<\/strong><br \/>Pour que les chiens les acceptent volontiers, ces friandises ont \u00e9t\u00e9 aromatis\u00e9es \u00e0 la vanille.<\/p>\n<p><strong>Avantages :<\/strong><\/p>\n<ul>\n<li>avec charbon actif<\/li>\n<li>sans sucre ajout\u00e9<\/li>\n<li>favorise une flore intestinale saine<\/li>\n<\/ul>\n<p><strong>Taille :<\/strong><\/p>\n<p><strong>Mini :<\/strong> 3 x 1,5 x 0,5 cm<br \/><strong>Standard :<\/strong> 4,5 x 2 x 1 cm<\/p>\n","protected":false},"excerpt":{"rendered":"<ul>\n<li><span style=\"color: #ff8800;\">Des chevilles impr\u00e9gn\u00e9es de charbon actif en cas de probl\u00e8mes digestifs<\/span><\/li>\n<li><span style=\"color: #ff8800;\">Soutient ton chien en cas de probl\u00e8mes digestifs comme les selles fines<\/span><\/li>\n<\/ul>\n","protected":false},"featured_media":74698,"template":"","meta":[],"pwb-brand":[7769],"product_brand":[7770],"product_cat":[7651,7155,7167],"product_tag":[],"class_list":{"0":"post-74690","1":"product","2":"type-product","3":"status-publish","4":"has-post-thumbnail","6":"pwb-brand-bepure","7":"product_brand-bepure","8":"product_cat-snacks","9":"product_cat-chiens","10":"product_cat-tous","11":"pa_brand-bepure","12":"pa_eigenschaften-digestion-sensible","13":"pa_haustier-chien-2","14":"pa_marke-bepure","15":"pa_ursprungsland-pays-bas","16":"pa_z_cat2-hundefutter","18":"first","19":"instock","20":"taxable","21":"shipping-taxable","22":"purchasable","23":"product-type-variable"},"brands":[{"id":7769,"name":"bePure","slug":"bepure"}],"meta_box":{"lieferant":"Businesscom","lieferanten_email":"","produktzusammensetzung":"","restock_quantities_galaxus":"5","galaxus_restock_time":"21","galaxus_restock_date":"","galaxus_preis":"","export":"Nein","signalwort":[],"gefahrenpiktogramm":[],"gefahrenhinweise":[]},"_links":{"self":[{"href":"https:\/\/dadorana.ch\/fr\/wp-json\/wp\/v2\/product\/74690","targetHints":{"allow":["GET"]}}],"collection":[{"href":"https:\/\/dadorana.ch\/fr\/wp-json\/wp\/v2\/product"}],"about":[{"href":"https:\/\/dadorana.ch\/fr\/wp-json\/wp\/v2\/types\/product"}],"version-history":[{"count":1,"href":"https:\/\/dadorana.ch\/fr\/wp-json\/wp\/v2\/product\/74690\/revisions"}],"predecessor-version":[{"id":76198,"href":"https:\/\/dadorana.ch\/fr\/wp-json\/wp\/v2\/product\/74690\/revisions\/76198"}],"wp:featuredmedia":[{"embeddable":true,"href":"https:\/\/dadorana.ch\/fr\/wp-json\/wp\/v2\/media\/74698"}],"wp:attachment":[{"href":"https:\/\/dadorana.ch\/fr\/wp-json\/wp\/v2\/media?parent=74690"}],"wp:term":[{"taxonomy":"pwb-brand","embeddable":true,"href":"https:\/\/dadorana.ch\/fr\/wp-json\/wp\/v2\/pwb-brand?post=74690"},{"taxonomy":"product_brand","embeddable":true,"href":"https:\/\/dadorana.ch\/fr\/wp-json\/wp\/v2\/product_brand?post=74690"},{"taxonomy":"product_cat","embeddable":true,"href":"https:\/\/dadorana.ch\/fr\/wp-json\/wp\/v2\/product_cat?post=74690"},{"taxonomy":"product_tag","embeddable":true,"href":"https:\/\/dadorana.ch\/fr\/wp-json\/wp\/v2\/product_tag?post=74690"}],"curies":[{"name":"wp","href":"https:\/\/api.w.org\/{rel}","templated":true}]}}