{"id":74896,"date":"2026-04-06T15:44:39","date_gmt":"2026-04-06T13:44:39","guid":{"rendered":"https:\/\/dadorana.ch\/produkt\/kong-classic-in-verschiedenen-groessen\/"},"modified":"2026-04-08T09:33:07","modified_gmt":"2026-04-08T07:33:07","slug":"kong-classic-en-differentes-tailles","status":"publish","type":"product","link":"https:\/\/dadorana.ch\/fr\/produit\/kong-classic-en-differentes-tailles\/","title":{"rendered":"KONG Classic en diff\u00e9rentes tailles"},"content":{"rendered":"<p>Comme son nom l&rsquo;indique,\u00a0<strong>KONG Classic<\/strong>\u00a0est le classique des jouets pour chiens et fait partie des jouets pour chiens les plus populaires au monde depuis plus de 40 ans. KONG Classic rend les chiens heureux en satisfaisant leurs<strong>\u00a0instincts naturels<\/strong>. Le jouet est fabriqu\u00e9 en caoutchouc naturel rouge, particuli\u00e8rement r\u00e9sistant et robuste, pour que votre chien puisse satisfaire son besoin\u00a0<strong>naturel de m\u00e2cher<\/strong>. De plus, le KONG rebondit de mani\u00e8re impr\u00e9visible, ce qui divertit votre chien pendant qu&rsquo;il joue. Si vous souhaitez que votre compagnon \u00e0 quatre pattes joue plus longtemps avec son jouet, vous pouvez simplement remplir le KONG de sa friandise pr\u00e9f\u00e9r\u00e9e.<\/p>\n<p><strong>Avantages :<\/strong><\/p>\n<ul>\n<li>Jouets stimulants mentaux qui satisfirent les instincts naturels de votre chien<\/li>\n<li>Composition de caoutchouc KONG Classic Red pour les m\u00e2cheurs moyens<\/li>\n<li>Saute et rebondit de mani\u00e8re totalement impr\u00e9visible, id\u00e9al pour r\u00e9cup\u00e9rer des jeux<\/li>\n<li>Id\u00e9al \u00e0 remplir avec KONG Easy Treat et snacks, Ziggies <strong>uniquement pour M et L<\/strong><\/li>\n<li>Recommand\u00e9 par les v\u00e9t\u00e9rinaires et les entra\u00eeneurs de chiens du monde entier<\/li>\n<li>Fabriqu\u00e9 aux \u00c9tats-Unis \u00e0 partir de caoutchouc naturel<\/li>\n<li>Remplissez avec les friandises pr\u00e9f\u00e9r\u00e9es de votre chien et congelez pour un plaisir prolong\u00e9<\/li>\n<\/ul>\n<p><strong>Ce que le KONG vous offre :<\/strong><\/p>\n<ul>\n<li><strong>Enrichissement<\/strong>: Nous voulons tous que notre chien soit en bonne sant\u00e9 et heureux. KONG favorise la stimulation mentale et physique.<\/li>\n<li><strong>Jouet de r\u00e9cup\u00e9ration:<\/strong>\u00a0La forme unique et le caoutchouc souple assurent les caract\u00e9ristiques de saut impr\u00e9visibles du KONG et \u00e9veillent l&rsquo;instinct de chasse de votre chien.<\/li>\n<li><strong>Jouet \u00e0 m\u00e2cher:<\/strong>\u00a0Le caoutchouc naturel robuste du KONG satisfait l&rsquo;instinct naturel de mastication de votre animal. KONG aide les chiens (et les chiots!) \u00e0 acqu\u00e9rir un comportement de mastication appropri\u00e9.<\/li>\n<li><strong>Jouet Puzzle:<\/strong>\u00a0Remplissez le Kong avec les snacks pr\u00e9f\u00e9r\u00e9s de votre chien pour lui fournir une stimulation mentale et physique saine qui le tiendra occup\u00e9 \u2013 et heureux.<\/li>\n<li><strong>\u00c9cuelles \u00e0 nourriture:<\/strong>\u00a0L&rsquo;alimentation avec le KONG aide \u00e0 contr\u00f4ler le poids en ralentissant l&rsquo;alimentation et en offrant un d\u00e9fi mental et physique satisfaisant.<\/li>\n<\/ul>\n<p><strong>KONG Classic aide \u00e0 :<\/strong><\/p>\n<ul>\n<li><strong>Mastication :<\/strong>\u00a0Sans \u00e9chappatoire acceptable \u00e0 l&rsquo;instinct naturel de mastication, de nombreux chiens se tournent vers la mastication destructrice. La pr\u00e9vention est importante. Apprenez \u00e0 votre chien \u00e0 m\u00e2cher de mani\u00e8re acceptable. Un KONG rempli fournit \u00e0 cet \u00e9gard un d\u00e9fi stimulant mentalement et de longue dur\u00e9e.<\/li>\n<li><strong>Anxi\u00e9t\u00e9 de s\u00e9paration :<\/strong>\u00a0elle est la plus forte dans les 20 minutes qui suivent votre d\u00e9part. Un KONG rempli de friandises aide votre chien \u00e0 associer votre d\u00e9part \u00e0 quelque chose de bon et att\u00e9nue son anxi\u00e9t\u00e9.<\/li>\n<li><strong>Ennui :<\/strong>\u00a0Les chiens sont tr\u00e8s inventifs lorsqu&rsquo;il s&rsquo;agit de lutter contre l&rsquo;ennui, ce qui entra\u00eene souvent un comportement probl\u00e9matique. Les KONGs remplis et congel\u00e9s permettent aux chiens de rester en forme et de prolonger le temps de jeu avec un d\u00e9fi sain, durable et mentalement stimulant.<\/li>\n<\/ul>\n<p><strong>Tailles :<\/strong><\/p>\n<ul>\n<li><strong>XS:<\/strong> pour les petits chiens jusqu&rsquo;\u00e0 5 kg, 5 cm<\/li>\n<li><strong>S:<\/strong> pour les chiens jusqu&rsquo;\u00e0 9 kg, 7 cm<\/li>\n<li><strong>M:<\/strong> pour les chiens de 7-16 kg, 9 cm<\/li>\n<li><strong>L:<\/strong> pour les chiens de 13-30 kg, 10,5 cm<\/li>\n<li><strong>XL:<\/strong> pour les chiens de 27-41 kg, 13 cm<\/li>\n<\/ul>\n","protected":false},"excerpt":{"rendered":"<ul>\n<li><span style=\"color: #ff8800;\">Jouets en caoutchouc naturel rouge pour chiens<\/span><\/li>\n<\/ul>\n","protected":false},"featured_media":74889,"template":"","meta":[],"pwb-brand":[8002],"product_brand":[8076],"product_cat":[7219,7155,7167],"product_tag":[],"class_list":{"0":"post-74896","1":"product","2":"type-product","3":"status-publish","4":"has-post-thumbnail","6":"pwb-brand-kong","7":"product_brand-kong","8":"product_cat-accessoires","9":"product_cat-chiens","10":"product_cat-tous","11":"pa_brand-kong","12":"pa_farbe-rouge","13":"pa_haustier-chien-2","14":"pa_marke-kong","15":"pa_ursprungsland-chine","16":"pa_z_cat2-hundespielzeug-training","17":"pa_zubehoer-jouets","19":"first","20":"instock","21":"taxable","22":"shipping-taxable","23":"purchasable","24":"product-type-variable"},"brands":[{"id":8002,"name":"KONG","slug":"kong"}],"meta_box":{"lieferant":"Businesscom","lieferanten_email":"","produktzusammensetzung":"","restock_quantities_galaxus":"5","galaxus_restock_time":"21","galaxus_restock_date":"","galaxus_preis":"","export":"Nein","signalwort":[],"gefahrenpiktogramm":[],"gefahrenhinweise":[]},"_links":{"self":[{"href":"https:\/\/dadorana.ch\/fr\/wp-json\/wp\/v2\/product\/74896","targetHints":{"allow":["GET"]}}],"collection":[{"href":"https:\/\/dadorana.ch\/fr\/wp-json\/wp\/v2\/product"}],"about":[{"href":"https:\/\/dadorana.ch\/fr\/wp-json\/wp\/v2\/types\/product"}],"version-history":[{"count":0,"href":"https:\/\/dadorana.ch\/fr\/wp-json\/wp\/v2\/product\/74896\/revisions"}],"wp:featuredmedia":[{"embeddable":true,"href":"https:\/\/dadorana.ch\/fr\/wp-json\/wp\/v2\/media\/74889"}],"wp:attachment":[{"href":"https:\/\/dadorana.ch\/fr\/wp-json\/wp\/v2\/media?parent=74896"}],"wp:term":[{"taxonomy":"pwb-brand","embeddable":true,"href":"https:\/\/dadorana.ch\/fr\/wp-json\/wp\/v2\/pwb-brand?post=74896"},{"taxonomy":"product_brand","embeddable":true,"href":"https:\/\/dadorana.ch\/fr\/wp-json\/wp\/v2\/product_brand?post=74896"},{"taxonomy":"product_cat","embeddable":true,"href":"https:\/\/dadorana.ch\/fr\/wp-json\/wp\/v2\/product_cat?post=74896"},{"taxonomy":"product_tag","embeddable":true,"href":"https:\/\/dadorana.ch\/fr\/wp-json\/wp\/v2\/product_tag?post=74896"}],"curies":[{"name":"wp","href":"https:\/\/api.w.org\/{rel}","templated":true}]}}