{"id":74926,"date":"2026-04-06T20:55:28","date_gmt":"2026-04-06T18:55:28","guid":{"rendered":"https:\/\/dadorana.ch\/produkt\/bepure-adult-cat-taste-of-river-sea\/"},"modified":"2026-04-14T13:09:56","modified_gmt":"2026-04-14T11:09:56","slug":"bepure-taste-of-river-sea-adult-cat","status":"publish","type":"product","link":"https:\/\/dadorana.ch\/fr\/produit\/bepure-taste-of-river-sea-adult-cat\/","title":{"rendered":"bePure Taste of River \u200b&#038; Sea \u2013 Adult Cat"},"content":{"rendered":"<div class=\"wysiwyg\">\n<div class=\"wysiwyg\">\n<p>Ces croquettes de qualit\u00e9 sup\u00e9rieure sont compos\u00e9es de<strong>\u00a0saumon frais<\/strong>, de poisson s\u00e9ch\u00e9, compl\u00e9t\u00e9s par de d\u00e9licieuses pommes de terre et des l\u00e9gumes.\u00a0<strong>Sans sucre ajout\u00e9<\/strong>\u00a0et\u00a0<strong>sans c\u00e9r\u00e9ales\u00a0<\/strong>, cette nourriture est id\u00e9ale pour une alimentation saine, sans colorants, conservateurs ou ar\u00f4mes artificiels. Les ingr\u00e9dients soigneusement s\u00e9lectionn\u00e9s offrent une\u00a0<strong>recette<\/strong>\u00a0\u00e9quilibr\u00e9e et\u00a0<strong>adapt\u00e9e<\/strong>\u00a0aux besoins de la phase de vie du chat. Gr\u00e2ce \u00e0 la diversit\u00e9 des ingr\u00e9dients s\u00e9lectionn\u00e9s, \u00ab\u00a0Taste of River &amp; Sea\u00a0\u00bb r\u00e9pond \u00e0 tous les go\u00fbts et garantit des chats heureux et en bonne sant\u00e9.<\/p>\n<p><strong>Avantages :<\/strong><\/p>\n<\/div>\n<ul>\n<li>haute teneur en saumon frais<\/li>\n<li>sans c\u00e9r\u00e9ales ni gluten<\/li>\n<li>recette adapt\u00e9e aux besoins<\/li>\n<li>pour chats adultes<\/li>\n<li>produit en Autriche<\/li>\n<\/ul>\n<\/div>\n","protected":false},"excerpt":{"rendered":"<ul>\n<li><span style=\"color: #ff8800;\">Nourriture s\u00e8che pour chats adultes, avec saumon et poisson<\/span><\/li>\n<\/ul>\n","protected":false},"featured_media":74924,"template":"","meta":[],"pwb-brand":[7769],"product_brand":[7770],"product_cat":[7230,7238,7167],"product_tag":[],"class_list":{"0":"post-74926","1":"product","2":"type-product","3":"status-publish","4":"has-post-thumbnail","6":"pwb-brand-bepure","7":"product_brand-bepure","8":"product_cat-nourriture-seche-chat","9":"product_cat-chats","10":"product_cat-tous","11":"pa_brand-bepure","12":"pa_eigenschaften-peau-et-fourrure","13":"pa_eigenschaften-sans-ble","14":"pa_eigenschaften-sans-cereales","15":"pa_eigenschaften-sans-gluten","16":"pa_geschmack-saumon","17":"pa_haustier-chat","18":"pa_lebensphase-katze-adulte","19":"pa_marke-bepure","20":"pa_ursprungsland-autriche","21":"pa_z_cat2-katzenfutter","23":"first","24":"instock","25":"taxable","26":"shipping-taxable","27":"purchasable","28":"product-type-variable"},"brands":[{"id":7769,"name":"bePure","slug":"bepure"}],"meta_box":{"lieferant":"Businesscom","lieferanten_email":"","produktzusammensetzung":"","restock_quantities_galaxus":"5","galaxus_restock_time":"21","galaxus_restock_date":"","galaxus_preis":"","export":"Nein","signalwort":[],"gefahrenpiktogramm":[],"gefahrenhinweise":[]},"_links":{"self":[{"href":"https:\/\/dadorana.ch\/fr\/wp-json\/wp\/v2\/product\/74926","targetHints":{"allow":["GET"]}}],"collection":[{"href":"https:\/\/dadorana.ch\/fr\/wp-json\/wp\/v2\/product"}],"about":[{"href":"https:\/\/dadorana.ch\/fr\/wp-json\/wp\/v2\/types\/product"}],"version-history":[{"count":3,"href":"https:\/\/dadorana.ch\/fr\/wp-json\/wp\/v2\/product\/74926\/revisions"}],"predecessor-version":[{"id":75017,"href":"https:\/\/dadorana.ch\/fr\/wp-json\/wp\/v2\/product\/74926\/revisions\/75017"}],"wp:featuredmedia":[{"embeddable":true,"href":"https:\/\/dadorana.ch\/fr\/wp-json\/wp\/v2\/media\/74924"}],"wp:attachment":[{"href":"https:\/\/dadorana.ch\/fr\/wp-json\/wp\/v2\/media?parent=74926"}],"wp:term":[{"taxonomy":"pwb-brand","embeddable":true,"href":"https:\/\/dadorana.ch\/fr\/wp-json\/wp\/v2\/pwb-brand?post=74926"},{"taxonomy":"product_brand","embeddable":true,"href":"https:\/\/dadorana.ch\/fr\/wp-json\/wp\/v2\/product_brand?post=74926"},{"taxonomy":"product_cat","embeddable":true,"href":"https:\/\/dadorana.ch\/fr\/wp-json\/wp\/v2\/product_cat?post=74926"},{"taxonomy":"product_tag","embeddable":true,"href":"https:\/\/dadorana.ch\/fr\/wp-json\/wp\/v2\/product_tag?post=74926"}],"curies":[{"name":"wp","href":"https:\/\/api.w.org\/{rel}","templated":true}]}}