{"id":75051,"date":"2026-04-06T20:55:29","date_gmt":"2026-04-06T18:55:29","guid":{"rendered":"https:\/\/dadorana.ch\/produkt\/bepure-taste-of-sea-forest-adult-cat-sterilised\/"},"modified":"2026-04-14T13:10:02","modified_gmt":"2026-04-14T11:10:02","slug":"bepure-taste-of-sea-forest-adult-cat-sterilised","status":"publish","type":"product","link":"https:\/\/dadorana.ch\/fr\/produit\/bepure-taste-of-sea-forest-adult-cat-sterilised\/","title":{"rendered":"bePure Taste of Sea &amp; Forest \u2013 Adult Cat Sterilised"},"content":{"rendered":"<div class=\"product-info__content product-info__toggle-target\">\n<div class=\"wysiwyg\">\n<div class=\"product-info__content product-info__toggle-target\">\n<div class=\"wysiwyg\">\n<p>Ces croquettes de qualit\u00e9 sup\u00e9rieure sont compos\u00e9es de\u00a0<strong>saumon frais<\/strong>, de patates douces d\u00e9shydrat\u00e9es et de l\u00e9gumes. Sans sucre ajout\u00e9 et\u00a0<strong>sans c\u00e9r\u00e9ales\u00a0<\/strong>, cette nourriture est id\u00e9ale pour une alimentation saine, sans colorants, conservateurs ou ar\u00f4mes artificiels. Les ingr\u00e9dients soigneusement s\u00e9lectionn\u00e9s offrent une\u00a0<strong>recette<\/strong>\u00a0\u00e9quilibr\u00e9e et\u00a0<strong>adapt\u00e9e<\/strong>\u00a0aux besoins des\u00a0<strong>chats st\u00e9rilis\u00e9s<\/strong>. Gr\u00e2ce \u00e0 la diversit\u00e9 des ingr\u00e9dients s\u00e9lectionn\u00e9s, \u00ab\u00a0Taste of Forest &amp; Sea\u00a0\u00bb r\u00e9pond \u00e0 tous les go\u00fbts et garantit des chats heureux et en bonne sant\u00e9.<\/p>\n<\/div>\n<\/div>\n<p><strong>Avantages :<\/strong><\/p>\n<ul>\n<li>haute teneur en viande<\/li>\n<li>Sans c\u00e9r\u00e9ales ni gluten<\/li>\n<li>recette adapt\u00e9e aux besoins<\/li>\n<li>pour chats adultes<\/li>\n<li>produit en Autriche<\/li>\n<\/ul>\n<\/div>\n<\/div>\n","protected":false},"excerpt":{"rendered":"<ul>\n<li><span style=\"color: #ff8800;\">Nourriture s\u00e8che pour chats adultes st\u00e9rilis\u00e9s, au saumon et au poulet<\/span><\/li>\n<\/ul>\n","protected":false},"featured_media":75035,"template":"","meta":[],"pwb-brand":[7769],"product_brand":[7770],"product_cat":[7230,7238,7167],"product_tag":[],"class_list":{"0":"post-75051","1":"product","2":"type-product","3":"status-publish","4":"has-post-thumbnail","6":"pwb-brand-bepure","7":"product_brand-bepure","8":"product_cat-nourriture-seche-chat","9":"product_cat-chats","10":"product_cat-tous","11":"pa_brand-bepure","12":"pa_eigenschaften-sans-ble","13":"pa_eigenschaften-sans-cereales","14":"pa_eigenschaften-sans-gluten","15":"pa_eigenschaften-sterilisation-castration","16":"pa_geschmack-poulet","17":"pa_geschmack-saumon","18":"pa_haustier-chat","19":"pa_lebensphase-katze-adulte","20":"pa_marke-bepure","21":"pa_ursprungsland-autriche","22":"pa_z_cat2-katzenfutter","24":"first","25":"instock","26":"taxable","27":"shipping-taxable","28":"purchasable","29":"product-type-variable"},"brands":[{"id":7769,"name":"bePure","slug":"bepure"}],"meta_box":{"lieferant":"Businesscom","lieferanten_email":"","produktzusammensetzung":"","restock_quantities_galaxus":"5","galaxus_restock_time":"21","galaxus_restock_date":"","galaxus_preis":"","export":"Nein","signalwort":[],"gefahrenpiktogramm":[],"gefahrenhinweise":[]},"_links":{"self":[{"href":"https:\/\/dadorana.ch\/fr\/wp-json\/wp\/v2\/product\/75051","targetHints":{"allow":["GET"]}}],"collection":[{"href":"https:\/\/dadorana.ch\/fr\/wp-json\/wp\/v2\/product"}],"about":[{"href":"https:\/\/dadorana.ch\/fr\/wp-json\/wp\/v2\/types\/product"}],"version-history":[{"count":2,"href":"https:\/\/dadorana.ch\/fr\/wp-json\/wp\/v2\/product\/75051\/revisions"}],"predecessor-version":[{"id":75060,"href":"https:\/\/dadorana.ch\/fr\/wp-json\/wp\/v2\/product\/75051\/revisions\/75060"}],"wp:featuredmedia":[{"embeddable":true,"href":"https:\/\/dadorana.ch\/fr\/wp-json\/wp\/v2\/media\/75035"}],"wp:attachment":[{"href":"https:\/\/dadorana.ch\/fr\/wp-json\/wp\/v2\/media?parent=75051"}],"wp:term":[{"taxonomy":"pwb-brand","embeddable":true,"href":"https:\/\/dadorana.ch\/fr\/wp-json\/wp\/v2\/pwb-brand?post=75051"},{"taxonomy":"product_brand","embeddable":true,"href":"https:\/\/dadorana.ch\/fr\/wp-json\/wp\/v2\/product_brand?post=75051"},{"taxonomy":"product_cat","embeddable":true,"href":"https:\/\/dadorana.ch\/fr\/wp-json\/wp\/v2\/product_cat?post=75051"},{"taxonomy":"product_tag","embeddable":true,"href":"https:\/\/dadorana.ch\/fr\/wp-json\/wp\/v2\/product_tag?post=75051"}],"curies":[{"name":"wp","href":"https:\/\/api.w.org\/{rel}","templated":true}]}}