{"id":75089,"date":"2026-04-06T20:55:30","date_gmt":"2026-04-06T18:55:30","guid":{"rendered":"https:\/\/dadorana.ch\/produkt\/almo-nature-sterilised-cat-mit-frischem-lachs\/"},"modified":"2026-04-14T13:10:02","modified_gmt":"2026-04-14T11:10:02","slug":"almo-nature-sterilised-cat-with-fresh-salmon","status":"publish","type":"product","link":"https:\/\/dadorana.ch\/fr\/produit\/almo-nature-sterilised-cat-with-fresh-salmon\/","title":{"rendered":"Almo Nature Sterilised Cat with Fresh Salmon"},"content":{"rendered":"<p>Les croquettes Almo Nature Saumon et Riz pour chat st\u00e9rilis\u00e9 contiennent une teneur contr\u00f4l\u00e9e en min\u00e9raux pour favoriser le bon fonctionnement du syst\u00e8me urinaire. Leur faible teneur en mati\u00e8res grasses facilite la gestion du poids. Le saumon, facile \u00e0 dig\u00e9rer et riche en acides gras om\u00e9ga-3 et om\u00e9ga-6, constitue une excellente source de prot\u00e9ines animales. Les pr\u00e9biotiques, tels que les MOS et les FOS, contribuent \u00e0 une digestion optimale, tandis que le Yucca schidigera aide \u00e0 r\u00e9duire les odeurs d\u00e9sagr\u00e9ables des selles.<\/p>\n<p><strong>Almo Nature Sterilised avec Saumon frais Aper\u00e7u :<\/strong><\/p>\n<ul>\n<li>Aliment complet pour chats adultes st\u00e9rilis\u00e9s<\/li>\n<li><strong>Id\u00e9al pour la gestion du poids :<\/strong> gr\u00e2ce \u00e0 sa faible teneur en mati\u00e8res grasses<\/li>\n<li><strong>26,0 % de saumon frais :<\/strong> facilement digestible et riche en acides gras om\u00e9ga-3 et om\u00e9ga-6 naturels<\/li>\n<li><strong>Avec MOS et FOS :<\/strong> favorisent une digestion optimale<\/li>\n<li><strong>Avec Yucca Schidigera :<\/strong> contribue \u00e0 r\u00e9duire les odeurs d\u00e9sagr\u00e9ables des selles<\/li>\n<li><strong>Contient des graines de lin :<\/strong> riches en acides gras om\u00e9ga-3<\/li>\n<li><strong>Composition min\u00e9rale optimis\u00e9e :<\/strong> pour le bon fonctionnement du syst\u00e8me urinaire<\/li>\n<li><strong>Formule compl\u00e8te :<\/strong> enrichie en vitamines et min\u00e9raux essentiels<\/li>\n<li><strong>Contient de la taurine :<\/strong> contribue au bon fonctionnement de la vision et du c\u0153ur<\/li>\n<li><strong>Riche en biotine :<\/strong> contribue au maintien d\u2019une peau et d\u2019un pelage normaux<\/li>\n<li><strong>Sans :<\/strong> additifs chimiques, conservateurs ni colorants<\/li>\n<li><strong>Sans OGM :<\/strong> sans organismes g\u00e9n\u00e9tiquement modifi\u00e9s<\/li>\n<\/ul>\n","protected":false},"excerpt":{"rendered":"<ul>\n<li><span style=\"color: #ff8800;\">Avec Saumon frais<\/span><\/li>\n<li><span style=\"color: #ff8800;\">Sans colorants ni conservateurs artificiels<\/span><\/li>\n<li><span style=\"color: #ff8800;\">Pour chats st\u00e9rilis\u00e9s<\/span><\/li>\n<li><span style=\"color: #ff8800;\">Faible teneur en magn\u00e9sium<\/span><\/li>\n<li><span style=\"color: #ff8800;\">Id\u00e9al pour le contr\u00f4le du poids<\/span><\/li>\n<\/ul>\n","protected":false},"featured_media":75087,"template":"","meta":[],"pwb-brand":[7787],"product_brand":[7788],"product_cat":[7230,7238,7167],"product_tag":[],"class_list":{"0":"post-75089","1":"product","2":"type-product","3":"status-publish","4":"has-post-thumbnail","6":"pwb-brand-almo-nature","7":"product_brand-almo-nature","8":"product_cat-nourriture-seche-chat","9":"product_cat-chats","10":"product_cat-tous","11":"pa_brand-almo-nature","12":"pa_geschmack-saumon","13":"pa_marke-almo-nature","14":"pa_ursprungsland-italie","15":"pa_z_cat2-katzenfutter","17":"first","18":"instock","19":"taxable","20":"shipping-taxable","21":"purchasable","22":"product-type-variable"},"brands":[{"id":7787,"name":"Almo Nature","slug":"almo-nature"}],"meta_box":{"lieferant":"Businesscom","lieferanten_email":"","produktzusammensetzung":"","restock_quantities_galaxus":"5","galaxus_restock_time":"21","galaxus_restock_date":"","galaxus_preis":"","export":"Nein","signalwort":[],"gefahrenpiktogramm":[],"gefahrenhinweise":[]},"_links":{"self":[{"href":"https:\/\/dadorana.ch\/fr\/wp-json\/wp\/v2\/product\/75089","targetHints":{"allow":["GET"]}}],"collection":[{"href":"https:\/\/dadorana.ch\/fr\/wp-json\/wp\/v2\/product"}],"about":[{"href":"https:\/\/dadorana.ch\/fr\/wp-json\/wp\/v2\/types\/product"}],"version-history":[{"count":3,"href":"https:\/\/dadorana.ch\/fr\/wp-json\/wp\/v2\/product\/75089\/revisions"}],"predecessor-version":[{"id":75092,"href":"https:\/\/dadorana.ch\/fr\/wp-json\/wp\/v2\/product\/75089\/revisions\/75092"}],"wp:featuredmedia":[{"embeddable":true,"href":"https:\/\/dadorana.ch\/fr\/wp-json\/wp\/v2\/media\/75087"}],"wp:attachment":[{"href":"https:\/\/dadorana.ch\/fr\/wp-json\/wp\/v2\/media?parent=75089"}],"wp:term":[{"taxonomy":"pwb-brand","embeddable":true,"href":"https:\/\/dadorana.ch\/fr\/wp-json\/wp\/v2\/pwb-brand?post=75089"},{"taxonomy":"product_brand","embeddable":true,"href":"https:\/\/dadorana.ch\/fr\/wp-json\/wp\/v2\/product_brand?post=75089"},{"taxonomy":"product_cat","embeddable":true,"href":"https:\/\/dadorana.ch\/fr\/wp-json\/wp\/v2\/product_cat?post=75089"},{"taxonomy":"product_tag","embeddable":true,"href":"https:\/\/dadorana.ch\/fr\/wp-json\/wp\/v2\/product_tag?post=75089"}],"curies":[{"name":"wp","href":"https:\/\/api.w.org\/{rel}","templated":true}]}}