{"id":75555,"date":"2026-03-29T13:10:43","date_gmt":"2026-03-29T11:10:43","guid":{"rendered":"https:\/\/dadorana.ch\/produkt\/in-fluence-fur-cleaning-wipes-babypowder\/"},"modified":"2026-04-10T15:52:51","modified_gmt":"2026-04-10T13:52:51","slug":"in-fluence-fur-cleaning-wipes-babypowder","status":"publish","type":"product","link":"https:\/\/dadorana.ch\/fr\/produit\/in-fluence-fur-cleaning-wipes-babypowder\/","title":{"rendered":"IN-Fluence Fur Cleaning Wipes \u2013 Babypowder"},"content":{"rendered":"<p>Les\u00a0<strong>IN-Fluence Fur Cleaning Wipes<\/strong>\u00a0sont des\u00a0<strong>lingettes\u00a0<\/strong><b>nettoyantes<\/b>\u00a0<strong>pour le pelage<\/strong>\u00a0pour\u00a0<strong>chiens<\/strong>\u00a0et\u00a0<strong>chats<\/strong>\u00a0et\u00a0t&rsquo;aident \u00e0 nettoyer en douceur et efficacement le pelage de ton animal de compagnie.\u00a0Elles contiennent\u00a0<strong>de la poudre pour b\u00e9b\u00e9<\/strong>\u00a0qui aide \u00e0 nettoyer le pelage et \u00e0 le garder doux et parfum\u00e9. Brosse le pelage avant de l&rsquo;utiliser, puis passe l&rsquo;une de ces lingettes sur le pelage de ton animal pour \u00e9liminer les poils d\u00e9tach\u00e9s et le nettoyer.\u00a0Les lingettes \u00e9liminent la salet\u00e9 et les impuret\u00e9s. Conserve les lingettes \u00e0 temp\u00e9rature ambiante.<\/p>\n<p><strong>Avantages du produit :<\/strong><\/p>\n<ul>\n<li>Id\u00e9al pour les chiens et les chats<\/li>\n<li>Nettoyage pour le pelage<\/li>\n<li>Elimination douce et efficace de la salet\u00e9<\/li>\n<li>S\u00fbr et facile \u00e0 utiliser<\/li>\n<\/ul>\n","protected":false},"excerpt":{"rendered":"<p><span style=\"color: #ff8800;\">Lingettes nettoyantes pour le pelage avec de la poudre pour b\u00e9b\u00e9 pour chiens et chats :<\/span><\/p>\n<ul>\n<li><span style=\"color: #ff8800;\">Nettoyage pour le pelage<\/span><\/li>\n<li><span style=\"color: #ff8800;\">Elimination douce et efficace de la salet\u00e9<\/span><\/li>\n<li><span style=\"color: #ff8800;\">S\u00fbr et facile \u00e0 utiliser<\/span><\/li>\n<\/ul>\n","protected":false},"featured_media":75553,"template":"","meta":[],"pwb-brand":[7880],"product_brand":[7883],"product_cat":[7360,7238,7155,7272,7167],"product_tag":[],"class_list":{"0":"post-75555","1":"product","2":"type-product","3":"status-publish","4":"has-post-thumbnail","6":"pwb-brand-in-fluence","7":"product_brand-in-fluence","8":"product_cat-produits-de-soins","9":"product_cat-chats","10":"product_cat-chiens","11":"product_cat-produits-de-soin-chats","12":"product_cat-tous","13":"pa_brand-in-fluence","14":"pa_eigenschaften-pflegeprodukte-soins-de-la-peau-et-du-pelage","15":"pa_haustier-chat","16":"pa_haustier-chien-2","17":"pa_marke-in-fluence","18":"pa_ursprungsland-chine","19":"pa_z_cat2-hygiene","21":"first","22":"instock","23":"taxable","24":"shipping-taxable","25":"purchasable","26":"product-type-variable"},"brands":[{"id":7880,"name":"In-Fluence","slug":"in-fluence"}],"meta_box":{"lieferant":"Businesscom","lieferanten_email":"","produktzusammensetzung":"","restock_quantities_galaxus":"5","galaxus_restock_time":"21","galaxus_restock_date":"","galaxus_preis":"","export":"Nein","signalwort":[],"gefahrenpiktogramm":[],"gefahrenhinweise":[],"url_sicherheitdsdatenblatt":""},"_links":{"self":[{"href":"https:\/\/dadorana.ch\/fr\/wp-json\/wp\/v2\/product\/75555","targetHints":{"allow":["GET"]}}],"collection":[{"href":"https:\/\/dadorana.ch\/fr\/wp-json\/wp\/v2\/product"}],"about":[{"href":"https:\/\/dadorana.ch\/fr\/wp-json\/wp\/v2\/types\/product"}],"version-history":[{"count":3,"href":"https:\/\/dadorana.ch\/fr\/wp-json\/wp\/v2\/product\/75555\/revisions"}],"predecessor-version":[{"id":75590,"href":"https:\/\/dadorana.ch\/fr\/wp-json\/wp\/v2\/product\/75555\/revisions\/75590"}],"wp:featuredmedia":[{"embeddable":true,"href":"https:\/\/dadorana.ch\/fr\/wp-json\/wp\/v2\/media\/75553"}],"wp:attachment":[{"href":"https:\/\/dadorana.ch\/fr\/wp-json\/wp\/v2\/media?parent=75555"}],"wp:term":[{"taxonomy":"pwb-brand","embeddable":true,"href":"https:\/\/dadorana.ch\/fr\/wp-json\/wp\/v2\/pwb-brand?post=75555"},{"taxonomy":"product_brand","embeddable":true,"href":"https:\/\/dadorana.ch\/fr\/wp-json\/wp\/v2\/product_brand?post=75555"},{"taxonomy":"product_cat","embeddable":true,"href":"https:\/\/dadorana.ch\/fr\/wp-json\/wp\/v2\/product_cat?post=75555"},{"taxonomy":"product_tag","embeddable":true,"href":"https:\/\/dadorana.ch\/fr\/wp-json\/wp\/v2\/product_tag?post=75555"}],"curies":[{"name":"wp","href":"https:\/\/api.w.org\/{rel}","templated":true}]}}