{"id":75571,"date":"2026-03-29T13:05:43","date_gmt":"2026-03-29T11:05:43","guid":{"rendered":"https:\/\/dadorana.ch\/produkt\/in-fluence-eye-cleaning-wipes\/"},"modified":"2026-04-10T15:52:32","modified_gmt":"2026-04-10T13:52:32","slug":"in-fluence-eye-cleaning-wipes-aloe-vera","status":"publish","type":"product","link":"https:\/\/dadorana.ch\/fr\/produit\/in-fluence-eye-cleaning-wipes-aloe-vera\/","title":{"rendered":"In\u200b-\u200bFluence Eye Cleaning Wipes \u2013 Aloe Vera"},"content":{"rendered":"<p>Les lingettes nettoyantes\u00a0<strong>pour les yeux IN-Fluence Eye Cleaning Wipes\u00a0<\/strong>sont des\u00a0<strong>lingettes nettoyantes pour les yeux<\/strong>\u00a0avec de l&rsquo;aloe vera pour les\u00a0<strong>chiens<\/strong>\u00a0et\u00a0<strong>les chats<\/strong>\u00a0et ont \u00e9t\u00e9 con\u00e7ues sp\u00e9cifiquement pour nettoyer la zone sensible des yeux. Elles \u00e9liminent en douceur les s\u00e9cr\u00e9tions oculaires, qu&rsquo;elles soient fra\u00eeches ou s\u00e9ch\u00e9es, et\u00a0<strong>r\u00e9duisent les taches de larmes<\/strong>. Les lingettes\u00a0<strong>ont un effet apaisant et sont hypoallerg\u00e9niques<\/strong>. Pour des r\u00e9sultats optimaux, il est recommand\u00e9 d&rsquo;utiliser les lingettes tous les jours. Elles doivent \u00eatre conserv\u00e9es \u00e0 temp\u00e9rature ambiante.<\/p>\n<p><strong>Avantages du produit :<\/strong><\/p>\n<ul>\n<li>Nettoyage pour les yeux<\/li>\n<li>\u00c9limine en douceur les s\u00e9cr\u00e9tions oculaires fra\u00eeches et s\u00e8ches<\/li>\n<li>Avec de l&rsquo;aloe vera<\/li>\n<li>Pratique \u00e0 emporter<\/li>\n<li>Facile \u00e0 utiliser, offre une option de nettoyage s\u00fbre et optimale m\u00eame en d\u00e9placement<\/li>\n<li>Convient pour le nettoyage quotidien<\/li>\n<\/ul>\n<p>&nbsp;<\/p>\n","protected":false},"excerpt":{"rendered":"<ul>\n<li><span style=\"color: #ff8800;\">Lingettes nettoyantes apaisantes pour les yeux \u00e0 l&rsquo;aloe vera pour chiens et chats disponible en diff\u00e9rentes tailles<\/span><\/li>\n<\/ul>\n<p>&nbsp;<\/p>\n","protected":false},"featured_media":75568,"template":"","meta":[],"pwb-brand":[7880],"product_brand":[7883],"product_cat":[7360,7238,7155,7272,7167],"product_tag":[],"class_list":{"0":"post-75571","1":"product","2":"type-product","3":"status-publish","4":"has-post-thumbnail","6":"pwb-brand-in-fluence","7":"product_brand-in-fluence","8":"product_cat-produits-de-soins","9":"product_cat-chats","10":"product_cat-chiens","11":"product_cat-produits-de-soin-chats","12":"product_cat-tous","13":"pa_brand-in-fluence","14":"pa_eigenschaften-pflegeprodukte-soins-des-yeux","15":"pa_haustier-chat","16":"pa_haustier-chien-2","17":"pa_marke-in-fluence","18":"pa_ursprungsland-chine","19":"pa_z_cat2-pflege","21":"first","22":"instock","23":"taxable","24":"shipping-taxable","25":"purchasable","26":"product-type-variable"},"brands":[{"id":7880,"name":"In-Fluence","slug":"in-fluence"}],"meta_box":{"lieferant":"Businesscom","lieferanten_email":"","produktzusammensetzung":"","restock_quantities_galaxus":"5","galaxus_restock_time":"21","galaxus_restock_date":"","galaxus_preis":"","export":"Nein","signalwort":[],"gefahrenpiktogramm":[],"gefahrenhinweise":[]},"_links":{"self":[{"href":"https:\/\/dadorana.ch\/fr\/wp-json\/wp\/v2\/product\/75571","targetHints":{"allow":["GET"]}}],"collection":[{"href":"https:\/\/dadorana.ch\/fr\/wp-json\/wp\/v2\/product"}],"about":[{"href":"https:\/\/dadorana.ch\/fr\/wp-json\/wp\/v2\/types\/product"}],"version-history":[{"count":4,"href":"https:\/\/dadorana.ch\/fr\/wp-json\/wp\/v2\/product\/75571\/revisions"}],"predecessor-version":[{"id":75574,"href":"https:\/\/dadorana.ch\/fr\/wp-json\/wp\/v2\/product\/75571\/revisions\/75574"}],"wp:featuredmedia":[{"embeddable":true,"href":"https:\/\/dadorana.ch\/fr\/wp-json\/wp\/v2\/media\/75568"}],"wp:attachment":[{"href":"https:\/\/dadorana.ch\/fr\/wp-json\/wp\/v2\/media?parent=75571"}],"wp:term":[{"taxonomy":"pwb-brand","embeddable":true,"href":"https:\/\/dadorana.ch\/fr\/wp-json\/wp\/v2\/pwb-brand?post=75571"},{"taxonomy":"product_brand","embeddable":true,"href":"https:\/\/dadorana.ch\/fr\/wp-json\/wp\/v2\/product_brand?post=75571"},{"taxonomy":"product_cat","embeddable":true,"href":"https:\/\/dadorana.ch\/fr\/wp-json\/wp\/v2\/product_cat?post=75571"},{"taxonomy":"product_tag","embeddable":true,"href":"https:\/\/dadorana.ch\/fr\/wp-json\/wp\/v2\/product_tag?post=75571"}],"curies":[{"name":"wp","href":"https:\/\/api.w.org\/{rel}","templated":true}]}}