{"id":75602,"date":"2026-03-29T13:20:27","date_gmt":"2026-03-29T11:20:27","guid":{"rendered":"https:\/\/dadorana.ch\/produkt\/in-fluence-ear-cleaner-ohrenreiniger\/"},"modified":"2026-04-10T16:21:20","modified_gmt":"2026-04-10T14:21:20","slug":"in-fluence-ear-cleaner-nettoyant-auriculaire","status":"publish","type":"product","link":"https:\/\/dadorana.ch\/fr\/produit\/in-fluence-ear-cleaner-nettoyant-auriculaire\/","title":{"rendered":"In\u200b-\u200bFluence Ear Cleaner \u2013 Nettoyant auriculaire"},"content":{"rendered":"<p><strong>In-Fluence Ear Cleaner<\/strong>\u00a0est un produit de soin doux pour chiens et chats destin\u00e9 au\u00a0<strong>nettoyage r\u00e9gulier et en douceur des oreilles<\/strong>. Il a \u00e9t\u00e9 con\u00e7u pour dissoudre la salet\u00e9 et soutenir l&rsquo;\u00e9quilibre naturel de la zone auriculaire.<\/p>\n<p>La formule s\u00e9lectionn\u00e9e, qui contient de l&rsquo;hamam\u00e9lis apaisant et de l&rsquo;allanto\u00efne r\u00e9g\u00e9n\u00e9ratrice, convient au soin en douceur des oreilles sensibles. Le nettoyant aide \u00e0\u00a0<strong>\u00e9liminer efficacement la salet\u00e9 et les d\u00e9p\u00f4ts<\/strong>\u00a0et peut ainsi contribuer \u00e0 am\u00e9liorer le climat auriculaire. Son parfum frais garantit en outre une exp\u00e9rience de soin agr\u00e9able.<\/p>\n<p>Gr\u00e2ce \u00e0 son utilisation simple, le nettoyant pour les oreilles s&rsquo;int\u00e8gre facilement dans la routine de soins r\u00e9guliers. L&rsquo;accent est mis sur l\u00a0<strong>&lsquo;hygi\u00e8ne, la tol\u00e9rance et le bien-\u00eatre des animaux<\/strong>.<\/p>\n<p><strong>Avantages :<\/strong><\/p>\n<ul>\n<li>Nettoyage doux et efficace des oreilles<\/li>\n<li>Avec de l&rsquo;hamam\u00e9lis apaisant<\/li>\n<li>Allanto\u00efne r\u00e9g\u00e9n\u00e9ratrice<\/li>\n<li>Parfum frais de p\u00eache<\/li>\n<li>Favorise un climat auriculaire sain<\/li>\n<li>Convient pour une utilisation r\u00e9guli\u00e8re<\/li>\n<\/ul>\n","protected":false},"excerpt":{"rendered":"<ul>\n<li><span style=\"color: #ff8800;\">Nettoyant auriculaire apaisant \u00e0 la camomille et \u00e0 l&rsquo;allanto\u00efne pour chiens et chats<\/span><\/li>\n<\/ul>\n<p>&nbsp;<\/p>\n","protected":false},"featured_media":75601,"template":"","meta":[],"pwb-brand":[7880],"product_brand":[7883],"product_cat":[7155,7238,7272,7360,7167],"product_tag":[],"class_list":{"0":"post-75602","1":"product","2":"type-product","3":"status-publish","4":"has-post-thumbnail","6":"pwb-brand-in-fluence","7":"product_brand-in-fluence","8":"product_cat-chiens","9":"product_cat-chats","10":"product_cat-produits-de-soin-chats","11":"product_cat-produits-de-soins","12":"product_cat-tous","13":"pa_brand-in-fluence","14":"pa_eigenschaften-pflegeprodukte-soins-des-oreilles","15":"pa_haustier-chien-2","16":"pa_marke-in-fluence","17":"pa_ursprungsland-allemagne","18":"pa_z_cat2-pflege","20":"first","21":"instock","22":"taxable","23":"shipping-taxable","24":"purchasable","25":"product-type-simple"},"brands":[{"id":7880,"name":"In-Fluence","slug":"in-fluence"}],"meta_box":{"lieferant":"Businesscom","lieferanten_email":"","produktzusammensetzung":"","restock_quantities_galaxus":"5","galaxus_restock_time":"21","galaxus_restock_date":"","galaxus_preis":"","export":"Nein","signalwort":[],"gefahrenpiktogramm":[],"gefahrenhinweise":[],"url_sicherheitdsdatenblatt":""},"_links":{"self":[{"href":"https:\/\/dadorana.ch\/fr\/wp-json\/wp\/v2\/product\/75602","targetHints":{"allow":["GET"]}}],"collection":[{"href":"https:\/\/dadorana.ch\/fr\/wp-json\/wp\/v2\/product"}],"about":[{"href":"https:\/\/dadorana.ch\/fr\/wp-json\/wp\/v2\/types\/product"}],"version-history":[{"count":2,"href":"https:\/\/dadorana.ch\/fr\/wp-json\/wp\/v2\/product\/75602\/revisions"}],"predecessor-version":[{"id":75603,"href":"https:\/\/dadorana.ch\/fr\/wp-json\/wp\/v2\/product\/75602\/revisions\/75603"}],"wp:featuredmedia":[{"embeddable":true,"href":"https:\/\/dadorana.ch\/fr\/wp-json\/wp\/v2\/media\/75601"}],"wp:attachment":[{"href":"https:\/\/dadorana.ch\/fr\/wp-json\/wp\/v2\/media?parent=75602"}],"wp:term":[{"taxonomy":"pwb-brand","embeddable":true,"href":"https:\/\/dadorana.ch\/fr\/wp-json\/wp\/v2\/pwb-brand?post=75602"},{"taxonomy":"product_brand","embeddable":true,"href":"https:\/\/dadorana.ch\/fr\/wp-json\/wp\/v2\/product_brand?post=75602"},{"taxonomy":"product_cat","embeddable":true,"href":"https:\/\/dadorana.ch\/fr\/wp-json\/wp\/v2\/product_cat?post=75602"},{"taxonomy":"product_tag","embeddable":true,"href":"https:\/\/dadorana.ch\/fr\/wp-json\/wp\/v2\/product_tag?post=75602"}],"curies":[{"name":"wp","href":"https:\/\/api.w.org\/{rel}","templated":true}]}}