{"id":75729,"date":"2026-04-11T12:15:55","date_gmt":"2026-04-11T10:15:55","guid":{"rendered":"https:\/\/dadorana.ch\/produkt\/snuggis-rouladen-ente-und-fisch\/"},"modified":"2026-04-14T19:04:17","modified_gmt":"2026-04-14T17:04:17","slug":"snuggis-paupiettes-au-canard-et-poisson","status":"publish","type":"product","link":"https:\/\/dadorana.ch\/fr\/produit\/snuggis-paupiettes-au-canard-et-poisson\/","title":{"rendered":"Snuggis Paupiettes au canard et poisson"},"content":{"rendered":"<p>Une source optimale de nutriments pour votre chien : <strong>canard &amp; poisson<\/strong><\/p>\n<p>Les roulades de canard et de poisson Snuggis offrent \u00e0 votre chien un compl\u00e9ment de qualit\u00e9 \u00e0 son alimentation quotidienne. La viande de canard contenue dans les roulades fournit des prot\u00e9ines tr\u00e8s digestes et des graisses saines. Compl\u00e9t\u00e9 par du poisson, qui est une excellente source d&rsquo;om\u00e9ga 3, ce compl\u00e9ment alimentaire contribue activement \u00e0 la brillance du pelage et \u00e0 la sant\u00e9 de la peau de votre chien.<\/p>\n<p><strong>Pratique au quotidien :<\/strong> refermable et adapt\u00e9 \u00e0 tous les chiens.<\/p>\n<p>Les roulades de canard et de poisson Snuggis sont emball\u00e9es dans un sachet pratique et refermable, qui garantit la fra\u00eecheur du produit et permet une utilisation facile au quotidien. Con\u00e7ues pour r\u00e9pondre aux besoins des chiens de toutes races, tailles et \u00e2ges.<\/p>\n","protected":false},"excerpt":{"rendered":"<div class=\"product attribute overview\">\n<div class=\"value\">\n<ul>\n<li><span style=\"color: #ff8800;\">source optimale de nutriments: canard &amp; poisson<\/span><\/li>\n<li><span style=\"color: #ff8800;\">favorise un pelage brillant et une peau saine<\/span><\/li>\n<li><span style=\"color: #ff8800;\">sachet pratique: refermable<\/span><\/li>\n<li><span style=\"color: #ff8800;\">fra\u00eecheur garantie pour le produit<\/span><\/li>\n<li><span style=\"color: #ff8800;\">pour toutes les races de chiens, toutes les tailles et tous les \u00e2ges<\/span><\/li>\n<\/ul>\n<\/div>\n<\/div>\n","protected":false},"featured_media":75774,"template":"","meta":[],"pwb-brand":[8072],"product_brand":[8073],"product_cat":[7651,7155,7167],"product_tag":[],"class_list":{"0":"post-75729","1":"product","2":"type-product","3":"status-publish","4":"has-post-thumbnail","6":"pwb-brand-snuggis","7":"product_brand-snuggis","8":"product_cat-snacks","9":"product_cat-chiens","10":"product_cat-tous","11":"pa_brand-snuggis","12":"pa_geschmack-canard","13":"pa_geschmack-morue","14":"pa_haustier-chien-2","15":"pa_lebensphase-de-adulte","16":"pa_marke-snuggis","17":"pa_ursprungsland-chine","18":"pa_z_cat2-hundefutter","20":"first","21":"instock","22":"taxable","23":"shipping-taxable","24":"purchasable","25":"product-type-variable"},"brands":[{"id":8072,"name":"Snuggis","slug":"snuggis"}],"meta_box":{"lieferant":"Businesscom","lieferanten_email":"","produktzusammensetzung":"","restock_quantities_galaxus":"5","galaxus_restock_time":"21","galaxus_restock_date":"","galaxus_preis":"","export":"Nein","signalwort":[],"gefahrenpiktogramm":[],"gefahrenhinweise":[]},"_links":{"self":[{"href":"https:\/\/dadorana.ch\/fr\/wp-json\/wp\/v2\/product\/75729","targetHints":{"allow":["GET"]}}],"collection":[{"href":"https:\/\/dadorana.ch\/fr\/wp-json\/wp\/v2\/product"}],"about":[{"href":"https:\/\/dadorana.ch\/fr\/wp-json\/wp\/v2\/types\/product"}],"version-history":[{"count":3,"href":"https:\/\/dadorana.ch\/fr\/wp-json\/wp\/v2\/product\/75729\/revisions"}],"predecessor-version":[{"id":75732,"href":"https:\/\/dadorana.ch\/fr\/wp-json\/wp\/v2\/product\/75729\/revisions\/75732"}],"wp:featuredmedia":[{"embeddable":true,"href":"https:\/\/dadorana.ch\/fr\/wp-json\/wp\/v2\/media\/75774"}],"wp:attachment":[{"href":"https:\/\/dadorana.ch\/fr\/wp-json\/wp\/v2\/media?parent=75729"}],"wp:term":[{"taxonomy":"pwb-brand","embeddable":true,"href":"https:\/\/dadorana.ch\/fr\/wp-json\/wp\/v2\/pwb-brand?post=75729"},{"taxonomy":"product_brand","embeddable":true,"href":"https:\/\/dadorana.ch\/fr\/wp-json\/wp\/v2\/product_brand?post=75729"},{"taxonomy":"product_cat","embeddable":true,"href":"https:\/\/dadorana.ch\/fr\/wp-json\/wp\/v2\/product_cat?post=75729"},{"taxonomy":"product_tag","embeddable":true,"href":"https:\/\/dadorana.ch\/fr\/wp-json\/wp\/v2\/product_tag?post=75729"}],"curies":[{"name":"wp","href":"https:\/\/api.w.org\/{rel}","templated":true}]}}