{"id":75810,"date":"2026-03-23T16:16:35","date_gmt":"2026-03-23T15:16:35","guid":{"rendered":"https:\/\/dadorana.ch\/produkt\/in-fluence-anti-parasit-kokossticks-150-g\/"},"modified":"2026-04-14T13:22:32","modified_gmt":"2026-04-14T11:22:32","slug":"in-fluence-batonnets-de-coco-antiparasitaire","status":"publish","type":"product","link":"https:\/\/dadorana.ch\/fr\/produit\/in-fluence-batonnets-de-coco-antiparasitaire\/","title":{"rendered":"In-Fluence b\u00e2tonnets de coco antiparasitaire"},"content":{"rendered":"<p>Les\u00a0<strong>b\u00e2tonnets de noix de coco anti-parasites<\/strong>\u00a0constituent une friandise naturelle et savoureuse \u00e0 grignoter entre les repas. La chair de noix de coco qu&rsquo;ils contiennent peut renforcer les\u00a0<strong>d\u00e9fenses naturelles contre les tiques et les parasites<\/strong>\u00a0et convient parfaitement \u00e0 une utilisation quotidienne.<\/p>\n<p>La structure stri\u00e9e particuli\u00e8re contribue au\u00a0<strong>nettoyage des dents<\/strong>\u00a0et favorise l&rsquo;hygi\u00e8ne dentaire de mani\u00e8re naturelle. Fabriqu\u00e9s \u00e0 partir de\u00a0<strong>chair de noix de coco 100 % bio<\/strong>, s\u00e9ch\u00e9e avec soin, ils conservent de mani\u00e8re optimale leur go\u00fbt et leurs nutriments. La recette est sans sucre ajout\u00e9, sans gluten et sans colorants, ar\u00f4mes ni conservateurs artificiels.<\/p>\n<p><strong>Avantages :<\/strong><\/p>\n<ul>\n<li>favorise la d\u00e9fense naturelle contre les tiques et les parasites<\/li>\n<li>favorise le nettoyage des dents<\/li>\n<li>\u00e0 base de chair de noix de coco 100 % bio<\/li>\n<li>sans sucre ni additifs<\/li>\n<li>sans gluten<\/li>\n<\/ul>\n","protected":false},"excerpt":{"rendered":"<ul>\n<li><span style=\"color: #ff8800;\">De savoureux b\u00e2tonnets \u00e0 la noix de coco qui aident \u00e0 lutter contre les parasites<\/span><\/li>\n<\/ul>\n","protected":false},"featured_media":75809,"template":"","meta":[],"pwb-brand":[7880],"product_brand":[7883],"product_cat":[7651,7155,7167],"product_tag":[],"class_list":{"0":"post-75810","1":"product","2":"type-product","3":"status-publish","4":"has-post-thumbnail","6":"pwb-brand-in-fluence","7":"product_brand-in-fluence","8":"product_cat-snacks","9":"product_cat-chiens","10":"product_cat-tous","11":"pa_brand-in-fluence","12":"pa_haustier-chien-2","13":"pa_marke-in-fluence","14":"pa_ursprungsland-allemagne","15":"pa_z_cat2-hundefutter","17":"first","18":"instock","19":"taxable","20":"shipping-taxable","21":"purchasable","22":"product-type-simple"},"brands":[{"id":7880,"name":"In-Fluence","slug":"in-fluence"}],"meta_box":{"lieferant":"Businesscom","lieferanten_email":"","produktzusammensetzung":"","restock_quantities_galaxus":"5","galaxus_restock_time":"21","galaxus_restock_date":"","galaxus_preis":"","export":"Nein","signalwort":[],"gefahrenpiktogramm":[],"gefahrenhinweise":[]},"_links":{"self":[{"href":"https:\/\/dadorana.ch\/fr\/wp-json\/wp\/v2\/product\/75810","targetHints":{"allow":["GET"]}}],"collection":[{"href":"https:\/\/dadorana.ch\/fr\/wp-json\/wp\/v2\/product"}],"about":[{"href":"https:\/\/dadorana.ch\/fr\/wp-json\/wp\/v2\/types\/product"}],"version-history":[{"count":3,"href":"https:\/\/dadorana.ch\/fr\/wp-json\/wp\/v2\/product\/75810\/revisions"}],"predecessor-version":[{"id":75811,"href":"https:\/\/dadorana.ch\/fr\/wp-json\/wp\/v2\/product\/75810\/revisions\/75811"}],"wp:featuredmedia":[{"embeddable":true,"href":"https:\/\/dadorana.ch\/fr\/wp-json\/wp\/v2\/media\/75809"}],"wp:attachment":[{"href":"https:\/\/dadorana.ch\/fr\/wp-json\/wp\/v2\/media?parent=75810"}],"wp:term":[{"taxonomy":"pwb-brand","embeddable":true,"href":"https:\/\/dadorana.ch\/fr\/wp-json\/wp\/v2\/pwb-brand?post=75810"},{"taxonomy":"product_brand","embeddable":true,"href":"https:\/\/dadorana.ch\/fr\/wp-json\/wp\/v2\/product_brand?post=75810"},{"taxonomy":"product_cat","embeddable":true,"href":"https:\/\/dadorana.ch\/fr\/wp-json\/wp\/v2\/product_cat?post=75810"},{"taxonomy":"product_tag","embeddable":true,"href":"https:\/\/dadorana.ch\/fr\/wp-json\/wp\/v2\/product_tag?post=75810"}],"curies":[{"name":"wp","href":"https:\/\/api.w.org\/{rel}","templated":true}]}}