{"id":75832,"date":"2026-03-31T22:00:22","date_gmt":"2026-03-31T20:00:22","guid":{"rendered":"https:\/\/dadorana.ch\/produkt\/in-fluence-insect-fogger-hygienezubehoer-fuer-hunde-150-ml\/"},"modified":"2026-04-12T20:53:14","modified_gmt":"2026-04-12T18:53:14","slug":"in-fluence-insect-fogger-diffuseur-insectiside-pour-chiens","status":"publish","type":"product","link":"https:\/\/dadorana.ch\/fr\/produit\/in-fluence-insect-fogger-diffuseur-insectiside-pour-chiens\/","title":{"rendered":"In-Fluence Insect Fogger \u2013 Diffuseur insectiside pour chiens"},"content":{"rendered":"<p>L&rsquo;<strong>IN-FLUENCE Insect Fogger<\/strong>\u00a0est un\u00a0<strong>accessoire d&rsquo;hygi\u00e8ne<\/strong>\u00a0efficace\u00a0<strong>pour chiens,<\/strong>\u00a0destin\u00e9 au traitement cibl\u00e9 des\u00a0<strong>infestations d&rsquo;insectes dans les pi\u00e8ces \u00e0 vivre<\/strong>. Le syst\u00e8me de pulv\u00e9risation automatique convient aux pi\u00e8ces jusqu&rsquo;\u00e0\u00a0<strong>30 m\u00b2<\/strong>\u00a0et garantit un environnement hygi\u00e9nique et exempt de parasites pour les animaux et les humains.<\/p>\n<p>Gr\u00e2ce \u00e0 sa formulation sp\u00e9ciale \u00e0 base de\u00a0<strong>pyr\u00e8thre issu de fleurs de chrysanth\u00e8me<\/strong>, l&rsquo;Insect Fogger agit\u00a0<strong>rapidement et efficacement<\/strong>\u00a0contre\u00a0<strong>les puces, les acariens, les poux de soie, les poux<\/strong>\u00a0ainsi que d&rsquo;autres nuisibles. La fine brume se r\u00e9partit uniform\u00e9ment dans toute la pi\u00e8ce, p\u00e9n\u00e8tre m\u00eame dans\u00a0<strong>les coins, les fissures et les zones difficiles d&rsquo;acc\u00e8s<\/strong>, et combat efficacement les parasites.<\/p>\n<p>Le n\u00e9buliseur automatique permet une utilisation simple sans effort suppl\u00e9mentaire et favorise une\u00a0<strong>hygi\u00e8ne durable dans l&rsquo;environnement de l&rsquo;animal<\/strong>. L&rsquo;IN-FLUENCE Insect Fogger est une solution fiable, en particulier en cas d&rsquo;infestation aigu\u00eb ou pour un traitement en profondeur de l&rsquo;environnement.<\/p>\n<p><strong>Les avantages en un coup d&rsquo;\u0153il :<\/strong><\/p>\n<ul>\n<li>Pour\u00a0<strong>le traitement des infestations d&rsquo;insectes<\/strong>\u00a0dans les pi\u00e8ces d&rsquo;habitation jusqu&rsquo;\u00e0 30 m\u00b2<\/li>\n<li>Efficace contre\u00a0<strong>les puces, les acariens, les poux de sang, les poux<\/strong>\u00a0et autres nuisibles<\/li>\n<li><strong>Syst\u00e8me de pulv\u00e9risation automatique<\/strong>\u00a0pour une n\u00e9bulisation homog\u00e8ne<\/li>\n<li>La fine brume atteint m\u00eame\u00a0<strong>les coins et les fissures<\/strong><\/li>\n<li>\u00c0 base de\u00a0<strong>pyr\u00e8thre issu de fleurs de chrysanth\u00e8me<\/strong><\/li>\n<li>Assure un\u00a0<strong>environnement<\/strong>\u00a0<strong>hygi\u00e9nique et exempt de parasites\u00a0<\/strong>pour les animaux<\/li>\n<li><strong>Utilisation simple<\/strong>\u00a0sans pulv\u00e9risation manuelle<\/li>\n<\/ul>\n<p><strong>IN-FLUENCE Insect Fogger<\/strong> \u2013 pour un environnement propre, s\u00fbr et exempt de parasites, dans lequel votre chien peut se sentir parfaitement \u00e0 l&rsquo;aise.<\/p>\n","protected":false},"excerpt":{"rendered":"<ul>\n<li><span style=\"color: #ff8800;\">Syst\u00e8me de pulv\u00e9risation automatique pour insectes<\/span><\/li>\n<li><span style=\"color: #ff8800;\">Solution efficace contre les infestations d&rsquo;insectes<\/span><\/li>\n<li><span style=\"color: #ff8800;\">Traite des surfaces jusqu&rsquo;\u00e0 30 m\u00b2<\/span><\/li>\n<li><span style=\"color: #ff8800;\">Ingr\u00e9dients naturels pour une action fiable<\/span><\/li>\n<li><span style=\"color: #ff8800;\">Utilisation simple pour un environnement hygi\u00e9nique<\/span><\/li>\n<li><span style=\"color: #ff8800;\">Non adapt\u00e9 aux foyers avec des chats<\/span><\/li>\n<\/ul>\n","protected":false},"featured_media":75829,"template":"","meta":[],"pwb-brand":[7880],"product_brand":[7883],"product_cat":[7360,7155,7167],"product_tag":[],"class_list":{"0":"post-75832","1":"product","2":"type-product","3":"status-publish","4":"has-post-thumbnail","6":"pwb-brand-in-fluence","7":"product_brand-in-fluence","8":"product_cat-produits-de-soins","9":"product_cat-chiens","10":"product_cat-tous","11":"pa_brand-in-fluence","12":"pa_eigenschaften-pflegeprodukte-defense","13":"pa_haustier-chien-2","14":"pa_marke-in-fluence","15":"pa_ursprungsland-allemagne","16":"pa_z_cat2-hygiene","18":"first","19":"instock","20":"taxable","21":"shipping-taxable","22":"purchasable","23":"product-type-simple"},"brands":[{"id":7880,"name":"In-Fluence","slug":"in-fluence"}],"meta_box":{"lieferant":"Businesscom","lieferanten_email":"","produktzusammensetzung":"","restock_quantities_galaxus":"5","galaxus_restock_time":"21","galaxus_restock_date":"","galaxus_preis":"","export":"Nein","signalwort":[],"gefahrenpiktogramm":[],"gefahrenhinweise":[]},"_links":{"self":[{"href":"https:\/\/dadorana.ch\/fr\/wp-json\/wp\/v2\/product\/75832","targetHints":{"allow":["GET"]}}],"collection":[{"href":"https:\/\/dadorana.ch\/fr\/wp-json\/wp\/v2\/product"}],"about":[{"href":"https:\/\/dadorana.ch\/fr\/wp-json\/wp\/v2\/types\/product"}],"version-history":[{"count":4,"href":"https:\/\/dadorana.ch\/fr\/wp-json\/wp\/v2\/product\/75832\/revisions"}],"predecessor-version":[{"id":75959,"href":"https:\/\/dadorana.ch\/fr\/wp-json\/wp\/v2\/product\/75832\/revisions\/75959"}],"wp:featuredmedia":[{"embeddable":true,"href":"https:\/\/dadorana.ch\/fr\/wp-json\/wp\/v2\/media\/75829"}],"wp:attachment":[{"href":"https:\/\/dadorana.ch\/fr\/wp-json\/wp\/v2\/media?parent=75832"}],"wp:term":[{"taxonomy":"pwb-brand","embeddable":true,"href":"https:\/\/dadorana.ch\/fr\/wp-json\/wp\/v2\/pwb-brand?post=75832"},{"taxonomy":"product_brand","embeddable":true,"href":"https:\/\/dadorana.ch\/fr\/wp-json\/wp\/v2\/product_brand?post=75832"},{"taxonomy":"product_cat","embeddable":true,"href":"https:\/\/dadorana.ch\/fr\/wp-json\/wp\/v2\/product_cat?post=75832"},{"taxonomy":"product_tag","embeddable":true,"href":"https:\/\/dadorana.ch\/fr\/wp-json\/wp\/v2\/product_tag?post=75832"}],"curies":[{"name":"wp","href":"https:\/\/api.w.org\/{rel}","templated":true}]}}