{"id":76015,"date":"2026-04-11T07:30:10","date_gmt":"2026-04-11T05:30:10","guid":{"rendered":"https:\/\/dadorana.ch\/produkt\/snuggis-roll-stick-mit-ente\/"},"modified":"2026-04-14T18:49:42","modified_gmt":"2026-04-14T16:49:42","slug":"snuggis-roll-sticks-au-canard","status":"publish","type":"product","link":"https:\/\/dadorana.ch\/fr\/produit\/snuggis-roll-sticks-au-canard\/","title":{"rendered":"Snuggis Roll-Sticks au canard"},"content":{"rendered":"<p><strong>Une collation irr\u00e9sistible pour votre compagnon \u00e0 quatre pattes<br \/><\/strong>Les Snuggis Roll-Sticks au canard sont un v\u00e9ritable r\u00e9gal pour votre chien. Fabriqu\u00e9s \u00e0 partir de viande de canard de haute qualit\u00e9, soigneusement transform\u00e9e, ces b\u00e2tonnets offrent une collation ou une r\u00e9compense id\u00e9ale. Leur consistance et le d\u00e9licieux parfum de canard les rendent particuli\u00e8rement attrayants pour votre chien et garantissent un plaisir de mastication savoureux.<\/p>\n<p><strong>Soutien pour la musculature de votre chien<br \/><\/strong>Gr\u00e2ce aux prot\u00e9ines naturelles de la viande de canard, les Snuggis Roll-Sticks soutiennent la formation et le maintien de la musculature de votre chien. Cette prot\u00e9ine facilement digestible est id\u00e9ale pour l&rsquo;alimentation quotidienne et favorise la sant\u00e9 de votre compagnon \u00e0 quatre pattes. Les b\u00e2tonnets satisfont \u00e9galement l&rsquo;instinct naturel de mastication de votre chien, contribuant ainsi \u00e0 un comportement \u00e9quilibr\u00e9.<\/p>\n","protected":false},"excerpt":{"rendered":"<ul>\n<li><span style=\"color: #ff8800;\">Favorise l&rsquo;hygi\u00e8ne dentaire<\/span><\/li>\n<li><span style=\"color: #ff8800;\">Renforce les muscles de la mastication<\/span><\/li>\n<li><span style=\"color: #ff8800;\">Friandise \u00e0 m\u00e2cher au canard<\/span><\/li>\n<li><span style=\"color: #ff8800;\">Consistance dure pour un plaisir de mastication satisfaisant<\/span><\/li>\n<\/ul>\n","protected":false},"featured_media":76014,"template":"","meta":[],"pwb-brand":[8072],"product_brand":[8073],"product_cat":[8138,7155,7167],"product_tag":[],"class_list":{"0":"post-76015","1":"product","2":"type-product","3":"status-publish","4":"has-post-thumbnail","6":"pwb-brand-snuggis","7":"product_brand-snuggis","8":"product_cat-articles-a-macher","9":"product_cat-chiens","10":"product_cat-tous","11":"pa_brand-snuggis","12":"pa_marke-snuggis","13":"pa_z_cat2-hundefutter","15":"first","16":"instock","17":"taxable","18":"shipping-taxable","19":"purchasable","20":"product-type-variable"},"brands":[{"id":8072,"name":"Snuggis","slug":"snuggis"}],"meta_box":{"lieferant":"Businesscom","lieferanten_email":"","produktzusammensetzung":"","restock_quantities_galaxus":"5","galaxus_restock_time":"21","galaxus_restock_date":"","galaxus_preis":"","export":"Nein","signalwort":[],"gefahrenpiktogramm":[],"gefahrenhinweise":[]},"_links":{"self":[{"href":"https:\/\/dadorana.ch\/fr\/wp-json\/wp\/v2\/product\/76015","targetHints":{"allow":["GET"]}}],"collection":[{"href":"https:\/\/dadorana.ch\/fr\/wp-json\/wp\/v2\/product"}],"about":[{"href":"https:\/\/dadorana.ch\/fr\/wp-json\/wp\/v2\/types\/product"}],"version-history":[{"count":2,"href":"https:\/\/dadorana.ch\/fr\/wp-json\/wp\/v2\/product\/76015\/revisions"}],"predecessor-version":[{"id":76021,"href":"https:\/\/dadorana.ch\/fr\/wp-json\/wp\/v2\/product\/76015\/revisions\/76021"}],"wp:featuredmedia":[{"embeddable":true,"href":"https:\/\/dadorana.ch\/fr\/wp-json\/wp\/v2\/media\/76014"}],"wp:attachment":[{"href":"https:\/\/dadorana.ch\/fr\/wp-json\/wp\/v2\/media?parent=76015"}],"wp:term":[{"taxonomy":"pwb-brand","embeddable":true,"href":"https:\/\/dadorana.ch\/fr\/wp-json\/wp\/v2\/pwb-brand?post=76015"},{"taxonomy":"product_brand","embeddable":true,"href":"https:\/\/dadorana.ch\/fr\/wp-json\/wp\/v2\/product_brand?post=76015"},{"taxonomy":"product_cat","embeddable":true,"href":"https:\/\/dadorana.ch\/fr\/wp-json\/wp\/v2\/product_cat?post=76015"},{"taxonomy":"product_tag","embeddable":true,"href":"https:\/\/dadorana.ch\/fr\/wp-json\/wp\/v2\/product_tag?post=76015"}],"curies":[{"name":"wp","href":"https:\/\/api.w.org\/{rel}","templated":true}]}}