{"id":76029,"date":"2026-04-11T05:45:59","date_gmt":"2026-04-11T03:45:59","guid":{"rendered":"https:\/\/dadorana.ch\/produkt\/snuggis-huehnerbrust-getrocknet\/"},"modified":"2026-04-16T13:16:12","modified_gmt":"2026-04-16T11:16:12","slug":"snuggis-poitrine-de-poulet-sechee","status":"publish","type":"product","link":"https:\/\/dadorana.ch\/fr\/produit\/snuggis-poitrine-de-poulet-sechee\/","title":{"rendered":"Snuggis Poitrine de poulet s\u00e9ch\u00e9e"},"content":{"rendered":"<p><strong>Une d\u00e9licieuse gourmandise pour votre chien<br \/><\/strong>La poitrine de poulet s\u00e9ch\u00e9e Snuggis offre \u00e0 votre chien un plaisir de mastication unique. Cette friandise de haute qualit\u00e9 est id\u00e9ale comme aliment compl\u00e9mentaire pour les chiens et apporte une vari\u00e9t\u00e9 savoureuse au quotidien. La consistance dure de la poitrine de poulet s\u00e9ch\u00e9e garantit que votre compagnon \u00e0 quatre pattes profite longtemps de la mastication. En m\u00eame temps, le snack soutient le besoin naturel de mastiquer et favorise ainsi la sant\u00e9 dentaire de votre chien.<\/p>\n<p><strong>Un choix sain pour les propri\u00e9taires de chiens conscients<br \/><\/strong>La poitrine de poulet s\u00e9ch\u00e9e Snuggis est particuli\u00e8rement pauvre en mati\u00e8res grasses gr\u00e2ce \u00e0 un traitement doux, ce qui la rend parfaite pour les chiens ayant tendance \u00e0 l&#8217;embonpoint. Cette caract\u00e9ristique fait de cette friandise une alternative saine pour les petites faims, sans sacrifier le go\u00fbt. Ainsi, vous pouvez g\u00e2ter votre chien en toute tranquillit\u00e9 d&rsquo;esprit tout en veillant \u00e0 sa sant\u00e9. La composition pauvre en mati\u00e8res grasses est un avantage essentiel pour tous ceux qui privil\u00e9gient un mode de vie sain pour leur chien.<\/p>\n<p><strong>Pratique et polyvalent<br \/><\/strong>Cette friandise savoureuse n&rsquo;est pas seulement un d\u00e9lice, mais aussi pratique \u00e0 utiliser. La poitrine de poulet s\u00e9ch\u00e9e Snuggis est id\u00e9ale pour les d\u00e9placements et s&rsquo;int\u00e8gre facilement dans la routine quotidienne. Que ce soit comme r\u00e9compense apr\u00e8s l&rsquo;entra\u00eenement ou comme petit en-cas, la poitrine de poulet s\u00e9ch\u00e9e convient \u00e0 toutes les occasions. Vous avez ainsi toujours une option saine et savoureuse \u00e0 port\u00e9e de main pour rendre votre chien heureux.<\/p>\n","protected":false},"excerpt":{"rendered":"<ul>\n<li><span style=\"color: #ff8800;\">Plaisir de mastication durable pour les chiens<\/span><\/li>\n<li><span style=\"color: #ff8800;\">Traitement doux avec peu de mati\u00e8res grasses<\/span><\/li>\n<li><span style=\"color: #ff8800;\">Satisfait le besoin naturel de mastiquer<\/span><\/li>\n<li><span style=\"color: #ff8800;\">Id\u00e9al pour les chiens en surpoids<\/span><\/li>\n<li><span style=\"color: #ff8800;\">En-cas parfait pour entre les repas<\/span><\/li>\n<\/ul>\n","protected":false},"featured_media":76028,"template":"","meta":[],"pwb-brand":[8072],"product_brand":[8073],"product_cat":[7651,7155,7167],"product_tag":[],"class_list":{"0":"post-76029","1":"product","2":"type-product","3":"status-publish","4":"has-post-thumbnail","6":"pwb-brand-snuggis","7":"product_brand-snuggis","8":"product_cat-snacks","9":"product_cat-chiens","10":"product_cat-tous","11":"pa_brand-snuggis","12":"pa_geschmack-poulet","13":"pa_haustier-chien-2","14":"pa_marke-snuggis","15":"pa_ursprungsland-chine","16":"pa_z_cat2-hundefutter","18":"first","19":"instock","20":"taxable","21":"shipping-taxable","22":"purchasable","23":"product-type-simple"},"brands":[{"id":8072,"name":"Snuggis","slug":"snuggis"}],"meta_box":{"lieferant":"Businesscom","lieferanten_email":"","produktzusammensetzung":"","restock_quantities_galaxus":"5","galaxus_restock_time":"21","galaxus_restock_date":"","galaxus_preis":"","export":"Nein","signalwort":[],"gefahrenpiktogramm":[],"gefahrenhinweise":[]},"_links":{"self":[{"href":"https:\/\/dadorana.ch\/fr\/wp-json\/wp\/v2\/product\/76029","targetHints":{"allow":["GET"]}}],"collection":[{"href":"https:\/\/dadorana.ch\/fr\/wp-json\/wp\/v2\/product"}],"about":[{"href":"https:\/\/dadorana.ch\/fr\/wp-json\/wp\/v2\/types\/product"}],"version-history":[{"count":3,"href":"https:\/\/dadorana.ch\/fr\/wp-json\/wp\/v2\/product\/76029\/revisions"}],"predecessor-version":[{"id":76031,"href":"https:\/\/dadorana.ch\/fr\/wp-json\/wp\/v2\/product\/76029\/revisions\/76031"}],"wp:featuredmedia":[{"embeddable":true,"href":"https:\/\/dadorana.ch\/fr\/wp-json\/wp\/v2\/media\/76028"}],"wp:attachment":[{"href":"https:\/\/dadorana.ch\/fr\/wp-json\/wp\/v2\/media?parent=76029"}],"wp:term":[{"taxonomy":"pwb-brand","embeddable":true,"href":"https:\/\/dadorana.ch\/fr\/wp-json\/wp\/v2\/pwb-brand?post=76029"},{"taxonomy":"product_brand","embeddable":true,"href":"https:\/\/dadorana.ch\/fr\/wp-json\/wp\/v2\/product_brand?post=76029"},{"taxonomy":"product_cat","embeddable":true,"href":"https:\/\/dadorana.ch\/fr\/wp-json\/wp\/v2\/product_cat?post=76029"},{"taxonomy":"product_tag","embeddable":true,"href":"https:\/\/dadorana.ch\/fr\/wp-json\/wp\/v2\/product_tag?post=76029"}],"curies":[{"name":"wp","href":"https:\/\/api.w.org\/{rel}","templated":true}]}}