{"id":76065,"date":"2026-04-11T11:25:59","date_gmt":"2026-04-11T09:25:59","guid":{"rendered":"https:\/\/dadorana.ch\/produkt\/snuggis-gegrillte-enten-streifen\/"},"modified":"2026-04-16T13:13:45","modified_gmt":"2026-04-16T11:13:45","slug":"snuggis-lanieres-de-canard-grillees","status":"publish","type":"product","link":"https:\/\/dadorana.ch\/fr\/produit\/snuggis-lanieres-de-canard-grillees\/","title":{"rendered":"Snuggis Lani\u00e8res de canard grill\u00e9es"},"content":{"rendered":"<p>Offrez \u00e0 votre animal de compagnie notre d\u00e9licieux snack <strong>Snuggis aux lamelles de canard grill\u00e9es.<\/strong> Il contient une grande quantit\u00e9 de viande et a \u00e9t\u00e9 fabriqu\u00e9 selon un proc\u00e9d\u00e9 particuli\u00e8rement doux. Les prot\u00e9ines naturelles contenues dans la viande de canard sont une source pr\u00e9cieuse de prot\u00e9ines et contribuent \u00e0 la formation et \u00e0 l&rsquo;entretien de la musculature de votre chien. Gr\u00e2ce \u00e0 leur faible teneur en mati\u00e8res grasses, nos lamelles <strong>de canard grill\u00e9<\/strong> Snuggis conviennent \u00e9galement aux chiens qui ont tendance \u00e0 \u00eatre en surpoids. L&#8217;emballage existe en deux tailles diff\u00e9rentes et peut \u00eatre transport\u00e9 facilement gr\u00e2ce \u00e0 une fermeture \u00e0 pression pratique. Le snack pour chiens peut \u00eatre donn\u00e9 comme r\u00e9compense ou comme friandise en plus des repas habituels.<\/p>\n","protected":false},"excerpt":{"rendered":"<ul>\n<li><span style=\"color: #ff8800;\">Haute teneur en viande pour un meilleur plaisir<\/span><\/li>\n<li><span style=\"color: #ff8800;\">Fabriqu\u00e9 avec soin pour une qualit\u00e9 optimale<\/span><\/li>\n<li><span style=\"color: #ff8800;\">Source naturelle de prot\u00e9ines pour les muscles<\/span><\/li>\n<li><span style=\"color: #ff8800;\">Faible teneur en mati\u00e8res grasses pour les chiens minces<\/span><\/li>\n<li><span style=\"color: #ff8800;\">Fermeture pratique \u00e0 pression pour le transport<\/span><\/li>\n<\/ul>\n","protected":false},"featured_media":76064,"template":"","meta":[],"pwb-brand":[],"product_brand":[],"product_cat":[7167],"product_tag":[],"class_list":{"0":"post-76065","1":"product","2":"type-product","3":"status-publish","4":"has-post-thumbnail","6":"product_cat-tous","7":"pa_brand-snuggis","8":"pa_geschmack-canard","9":"pa_haustier-chien-2","10":"pa_marke-snuggis","11":"pa_ursprungsland-chine","12":"pa_z_cat2-hundefutter","14":"first","15":"instock","16":"taxable","17":"shipping-taxable","18":"purchasable","19":"product-type-simple"},"brands":[],"meta_box":{"lieferant":"Businesscom","lieferanten_email":"","produktzusammensetzung":"","restock_quantities_galaxus":"5","galaxus_restock_time":"21","galaxus_restock_date":"","galaxus_preis":"","export":"Nein","signalwort":[],"gefahrenpiktogramm":[],"gefahrenhinweise":[]},"_links":{"self":[{"href":"https:\/\/dadorana.ch\/fr\/wp-json\/wp\/v2\/product\/76065","targetHints":{"allow":["GET"]}}],"collection":[{"href":"https:\/\/dadorana.ch\/fr\/wp-json\/wp\/v2\/product"}],"about":[{"href":"https:\/\/dadorana.ch\/fr\/wp-json\/wp\/v2\/types\/product"}],"version-history":[{"count":2,"href":"https:\/\/dadorana.ch\/fr\/wp-json\/wp\/v2\/product\/76065\/revisions"}],"predecessor-version":[{"id":76067,"href":"https:\/\/dadorana.ch\/fr\/wp-json\/wp\/v2\/product\/76065\/revisions\/76067"}],"wp:featuredmedia":[{"embeddable":true,"href":"https:\/\/dadorana.ch\/fr\/wp-json\/wp\/v2\/media\/76064"}],"wp:attachment":[{"href":"https:\/\/dadorana.ch\/fr\/wp-json\/wp\/v2\/media?parent=76065"}],"wp:term":[{"taxonomy":"pwb-brand","embeddable":true,"href":"https:\/\/dadorana.ch\/fr\/wp-json\/wp\/v2\/pwb-brand?post=76065"},{"taxonomy":"product_brand","embeddable":true,"href":"https:\/\/dadorana.ch\/fr\/wp-json\/wp\/v2\/product_brand?post=76065"},{"taxonomy":"product_cat","embeddable":true,"href":"https:\/\/dadorana.ch\/fr\/wp-json\/wp\/v2\/product_cat?post=76065"},{"taxonomy":"product_tag","embeddable":true,"href":"https:\/\/dadorana.ch\/fr\/wp-json\/wp\/v2\/product_tag?post=76065"}],"curies":[{"name":"wp","href":"https:\/\/api.w.org\/{rel}","templated":true}]}}