{"id":76087,"date":"2026-04-11T11:20:31","date_gmt":"2026-04-11T09:20:31","guid":{"rendered":"https:\/\/dadorana.ch\/produkt\/snuggis-gegrillte-poulet-filets\/"},"modified":"2026-04-14T18:54:32","modified_gmt":"2026-04-14T16:54:32","slug":"snuggis-filets-de-poulet-grilles","status":"publish","type":"product","link":"https:\/\/dadorana.ch\/fr\/produit\/snuggis-filets-de-poulet-grilles\/","title":{"rendered":"Snuggis Filets de poulet grill\u00e9s"},"content":{"rendered":"<p><strong>Une d\u00e9licieuse collation pour entre les repas<\/strong><br \/>Les filets de poulet Snuggis offrent \u00e0 votre chien une collation nutritive, id\u00e9ale entre les repas r\u00e9guliers. Ces filets grill\u00e9s se distinguent par une teneur particuli\u00e8rement \u00e9lev\u00e9e en viande, qui pla\u00eet \u00e0 tous les chiens et apporte une agr\u00e9able diversit\u00e9. Les ingr\u00e9dients sont choisis de mani\u00e8re \u00e0 convenir aux chiens de toutes tailles et races.<\/p>\n<p><strong>Source pr\u00e9cieuse de prot\u00e9ines pour les chiens actifs<\/strong><br \/>Les prot\u00e9ines contenues dans la viande de poulet des filets Snuggis servent de source pr\u00e9cieuse de prot\u00e9ines, soutenant le maintien et le d\u00e9veloppement de la musculature de votre chien. Ces prot\u00e9ines fournissent \u00e0 votre chien l&rsquo;\u00e9nergie n\u00e9cessaire pour la journ\u00e9e et contribuent \u00e0 accro\u00eetre sa vitalit\u00e9 et sa joie de vivre. Cette collation savoureuse est donc non seulement un r\u00e9gal, mais aussi un \u00e9l\u00e9ment important pour la sant\u00e9 de votre chien.<\/p>\n<p><strong>Sac pratique pour plus de fra\u00eecheur en d\u00e9placement<\/strong><br \/>Les filets de poulet Snuggis sont livr\u00e9s dans un sac refermable qui simplifie la conservation des collations. Cela facilite le transport, que vous soyez en d\u00e9placement ou \u00e0 la maison, et garantit que les filets restent frais plus longtemps. Avec ce sac pratique, vous pouvez toujours avoir une d\u00e9licieuse collation \u00e0 port\u00e9e de main pour votre chien, sans qu&rsquo;elle perde de sa saveur.<\/p>\n","protected":false},"excerpt":{"rendered":"<div class=\"product attribute overview\">\n<div class=\"value\">\n<ul>\n<li><span style=\"color: #ff8800;\">Haut teneur en viande pour un meilleur plaisir<\/span><\/li>\n<li><span style=\"color: #ff8800;\">Source de prot\u00e9ines pour des muscles forts<\/span><\/li>\n<li><span style=\"color: #ff8800;\">Convient aux chiens de toutes tailles<\/span><\/li>\n<li><span style=\"color: #ff8800;\">Sachet refermable pour la fra\u00eecheur<\/span><\/li>\n<\/ul>\n<\/div>\n<\/div>\n","protected":false},"featured_media":76086,"template":"","meta":[],"pwb-brand":[8072],"product_brand":[8073],"product_cat":[7651,7155,7167],"product_tag":[],"class_list":{"0":"post-76087","1":"product","2":"type-product","3":"status-publish","4":"has-post-thumbnail","6":"pwb-brand-snuggis","7":"product_brand-snuggis","8":"product_cat-snacks","9":"product_cat-chiens","10":"product_cat-tous","11":"pa_brand-snuggis","12":"pa_geschmack-poulet","13":"pa_haustier-chien-2","14":"pa_marke-snuggis","15":"pa_ursprungsland-chine","16":"pa_z_cat2-hundefutter","18":"first","19":"instock","20":"taxable","21":"shipping-taxable","22":"purchasable","23":"product-type-simple"},"brands":[{"id":8072,"name":"Snuggis","slug":"snuggis"}],"meta_box":{"lieferant":"Businesscom","lieferanten_email":"","produktzusammensetzung":"","restock_quantities_galaxus":"5","galaxus_restock_time":"21","galaxus_restock_date":"","galaxus_preis":"","export":"Nein","signalwort":[],"gefahrenpiktogramm":[],"gefahrenhinweise":[]},"_links":{"self":[{"href":"https:\/\/dadorana.ch\/fr\/wp-json\/wp\/v2\/product\/76087","targetHints":{"allow":["GET"]}}],"collection":[{"href":"https:\/\/dadorana.ch\/fr\/wp-json\/wp\/v2\/product"}],"about":[{"href":"https:\/\/dadorana.ch\/fr\/wp-json\/wp\/v2\/types\/product"}],"version-history":[{"count":2,"href":"https:\/\/dadorana.ch\/fr\/wp-json\/wp\/v2\/product\/76087\/revisions"}],"predecessor-version":[{"id":76088,"href":"https:\/\/dadorana.ch\/fr\/wp-json\/wp\/v2\/product\/76087\/revisions\/76088"}],"wp:featuredmedia":[{"embeddable":true,"href":"https:\/\/dadorana.ch\/fr\/wp-json\/wp\/v2\/media\/76086"}],"wp:attachment":[{"href":"https:\/\/dadorana.ch\/fr\/wp-json\/wp\/v2\/media?parent=76087"}],"wp:term":[{"taxonomy":"pwb-brand","embeddable":true,"href":"https:\/\/dadorana.ch\/fr\/wp-json\/wp\/v2\/pwb-brand?post=76087"},{"taxonomy":"product_brand","embeddable":true,"href":"https:\/\/dadorana.ch\/fr\/wp-json\/wp\/v2\/product_brand?post=76087"},{"taxonomy":"product_cat","embeddable":true,"href":"https:\/\/dadorana.ch\/fr\/wp-json\/wp\/v2\/product_cat?post=76087"},{"taxonomy":"product_tag","embeddable":true,"href":"https:\/\/dadorana.ch\/fr\/wp-json\/wp\/v2\/product_tag?post=76087"}],"curies":[{"name":"wp","href":"https:\/\/api.w.org\/{rel}","templated":true}]}}