{"id":76104,"date":"2026-04-11T11:35:36","date_gmt":"2026-04-11T09:35:36","guid":{"rendered":"https:\/\/dadorana.ch\/produkt\/snuggis-biscuit-knoecheli-mit-poulet\/"},"modified":"2026-04-14T18:56:24","modified_gmt":"2026-04-14T16:56:24","slug":"snuggis-biscuit-os-avec-poulet","status":"publish","type":"product","link":"https:\/\/dadorana.ch\/fr\/produit\/snuggis-biscuit-os-avec-poulet\/","title":{"rendered":"Snuggis Biscuit os avec poulet"},"content":{"rendered":"<p><strong>D\u00e9lice croustillant pour entre les repas<\/strong><br \/>Les Snuggis Biscuit-Kn\u00f6cheli Poulet 80 g sont le compl\u00e9ment id\u00e9al pour l&rsquo;alimentation de votre chien. Ces petites friandises en forme d&rsquo;os ne sont pas seulement un r\u00e9gal savoureux, mais elles favorisent \u00e9galement la sant\u00e9 de votre compagnon \u00e0 quatre pattes. La consistance dure des biscuits stimule les muscles masticateurs et satisfait le besoin naturel de m\u00e2cher de votre chien. En m\u00eame temps, le poulet contenu dans ces friandises constitue une source pr\u00e9cieuse de prot\u00e9ines, contribuant \u00e0 une alimentation saine.<\/p>\n<p><strong>Soins dentaires simplifi\u00e9s<\/strong><br \/>Avec les Snuggis Biscuit-Kn\u00f6cheli Poulet 80 g, vous soutenez facilement l&rsquo;hygi\u00e8ne dentaire de votre chien. La forme et la consistance sp\u00e9ciales des friandises aident \u00e0 r\u00e9duire la plaque dentaire et \u00e0 garder les dents de votre compagnon en bonne sant\u00e9. Cette fonction fait des biscuits un auxiliaire pratique au quotidien, qui assure non seulement le plaisir, mais aussi le soin des dents. Gr\u00e2ce \u00e0 leur faible teneur en mati\u00e8res grasses, vous pouvez \u00e9galement donner ces friandises aux chiens ayant tendance \u00e0 l&#8217;embonpoint.<\/p>\n<p><strong>Fra\u00eecheur et confort dans un seul emballage<\/strong><br \/>Les Snuggis Biscuit-Kn\u00f6cheli Poulet 80 g sont pr\u00e9sent\u00e9s dans un emballage avec une fermeture \u00e0 pression pratique. Celle-ci garantit que les friandises restent fra\u00eeches plus longtemps et que l&rsquo;ar\u00f4me est pr\u00e9serv\u00e9. De plus, cet emballage permet un transport facile, vous permettant d&#8217;emporter les friandises partout, que ce soit lors de promenades ou de voyages. Ainsi, votre chien reste toujours approvisionn\u00e9 en une friandise d\u00e9licieuse et saine, qui ravira \u00e0 la fois vous et votre animal.<\/p>\n","protected":false},"excerpt":{"rendered":"<ul>\n<li><span style=\"color: #ff8800;\">Consistance dure pour des dents saines<\/span><\/li>\n<li><span style=\"color: #ff8800;\">Haute teneur en prot\u00e9ines pour des muscles forts<\/span><\/li>\n<li><span style=\"color: #ff8800;\">Faible teneur en mati\u00e8res grasses pour la silhouette<\/span><\/li>\n<li><span style=\"color: #ff8800;\">Fermeture pratique \u00e0 pression pour la fra\u00eecheur<\/span><\/li>\n<\/ul>\n","protected":false},"featured_media":76103,"template":"","meta":[],"pwb-brand":[8072],"product_brand":[8073],"product_cat":[7651,7155,7167],"product_tag":[],"class_list":{"0":"post-76104","1":"product","2":"type-product","3":"status-publish","4":"has-post-thumbnail","6":"pwb-brand-snuggis","7":"product_brand-snuggis","8":"product_cat-snacks","9":"product_cat-chiens","10":"product_cat-tous","11":"pa_brand-snuggis","12":"pa_geschmack-poulet","13":"pa_haustier-chien-2","14":"pa_marke-snuggis","15":"pa_ursprungsland-chine","16":"pa_z_cat2-hundefutter","18":"first","19":"instock","20":"taxable","21":"shipping-taxable","22":"purchasable","23":"product-type-simple"},"brands":[{"id":8072,"name":"Snuggis","slug":"snuggis"}],"meta_box":{"lieferant":"Businesscom","lieferanten_email":"","produktzusammensetzung":"","restock_quantities_galaxus":"5","galaxus_restock_time":"21","galaxus_restock_date":"","galaxus_preis":"","export":"Nein","signalwort":[],"gefahrenpiktogramm":[],"gefahrenhinweise":[]},"_links":{"self":[{"href":"https:\/\/dadorana.ch\/fr\/wp-json\/wp\/v2\/product\/76104","targetHints":{"allow":["GET"]}}],"collection":[{"href":"https:\/\/dadorana.ch\/fr\/wp-json\/wp\/v2\/product"}],"about":[{"href":"https:\/\/dadorana.ch\/fr\/wp-json\/wp\/v2\/types\/product"}],"version-history":[{"count":2,"href":"https:\/\/dadorana.ch\/fr\/wp-json\/wp\/v2\/product\/76104\/revisions"}],"predecessor-version":[{"id":76105,"href":"https:\/\/dadorana.ch\/fr\/wp-json\/wp\/v2\/product\/76104\/revisions\/76105"}],"wp:featuredmedia":[{"embeddable":true,"href":"https:\/\/dadorana.ch\/fr\/wp-json\/wp\/v2\/media\/76103"}],"wp:attachment":[{"href":"https:\/\/dadorana.ch\/fr\/wp-json\/wp\/v2\/media?parent=76104"}],"wp:term":[{"taxonomy":"pwb-brand","embeddable":true,"href":"https:\/\/dadorana.ch\/fr\/wp-json\/wp\/v2\/pwb-brand?post=76104"},{"taxonomy":"product_brand","embeddable":true,"href":"https:\/\/dadorana.ch\/fr\/wp-json\/wp\/v2\/product_brand?post=76104"},{"taxonomy":"product_cat","embeddable":true,"href":"https:\/\/dadorana.ch\/fr\/wp-json\/wp\/v2\/product_cat?post=76104"},{"taxonomy":"product_tag","embeddable":true,"href":"https:\/\/dadorana.ch\/fr\/wp-json\/wp\/v2\/product_tag?post=76104"}],"curies":[{"name":"wp","href":"https:\/\/api.w.org\/{rel}","templated":true}]}}