{"id":76113,"date":"2026-04-11T11:45:59","date_gmt":"2026-04-11T09:45:59","guid":{"rendered":"https:\/\/dadorana.ch\/produkt\/snuggis-sticks-mit-ente\/"},"modified":"2026-04-14T13:01:15","modified_gmt":"2026-04-14T11:01:15","slug":"snuggis-batonnets-avec-canard","status":"publish","type":"product","link":"https:\/\/dadorana.ch\/fr\/produit\/snuggis-batonnets-avec-canard\/","title":{"rendered":"Snuggis B\u00e2tonnets avec canard"},"content":{"rendered":"<p><strong>Collation de haute qualit\u00e9 pour votre compagnon \u00e0 quatre pattes<\/strong><br \/>Les b\u00e2tonnets Snuggis au canard sont le compl\u00e9ment alimentaire parfait pour votre chien. Avec une forte teneur en viande, ces snacks offrent une agr\u00e9able vari\u00e9t\u00e9 entre les repas ou comme r\u00e9compense. Les prot\u00e9ines contenues dans la viande de canard sont facilement digestibles et soutiennent la musculature saine de votre chien.<\/p>\n<p><strong>Plaisir polyvalent pour les chiens de toutes tailles<\/strong><br \/>Gr\u00e2ce \u00e0 leur consistance douce, les b\u00e2tonnets Snuggis au canard sont id\u00e9aux pour les chiens de toutes tailles, races et \u00e2ges. Que ce soit comme petite r\u00e9compense \u00e0 l&rsquo;\u00e9cole pour chiens ou comme snack lors d&rsquo;une promenade, ces b\u00e2tonnets sont polyvalents. Le sachet refermable pratique permet un stockage simple et hygi\u00e9nique, vous permettant d&rsquo;avoir les snacks \u00e0 port\u00e9e de main \u00e0 tout moment.<\/p>\n<p><strong>Manipulation facile pour un usage quotidien<\/strong><br \/>Les b\u00e2tonnets Snuggis au canard sont livr\u00e9s dans un sachet refermable qui pr\u00e9serve non seulement la fra\u00eecheur des snacks, mais facilite \u00e9galement leur transport. Ainsi, vous pouvez faire plaisir \u00e0 votre chien \u00e0 tout moment et en tout lieu. Profitez de moments heureux avec votre compagnon \u00e0 quatre pattes tout en lui offrant une r\u00e9compense saine et d\u00e9licieuse.<\/p>\n","protected":false},"excerpt":{"rendered":"<ul>\n<li><span style=\"color: #ff8800;\">Haut teneur en viande pour un plaisir optimal<\/span><\/li>\n<li><span style=\"color: #ff8800;\">Facile \u00e0 dig\u00e9rer et riche en prot\u00e9ines<\/span><\/li>\n<li><span style=\"color: #ff8800;\">Convient \u00e0 toutes les tailles de chiens<\/span><\/li>\n<li><span style=\"color: #ff8800;\">Texture douce pour une mastication facile<\/span><\/li>\n<li><span style=\"color: #ff8800;\">Pratique, sachet refermable<\/span><\/li>\n<\/ul>\n","protected":false},"featured_media":76111,"template":"","meta":[],"pwb-brand":[8072],"product_brand":[8073],"product_cat":[7651,7155,7167],"product_tag":[],"class_list":{"0":"post-76113","1":"product","2":"type-product","3":"status-publish","4":"has-post-thumbnail","6":"pwb-brand-snuggis","7":"product_brand-snuggis","8":"product_cat-snacks","9":"product_cat-chiens","10":"product_cat-tous","11":"pa_brand-snuggis","12":"pa_geschmack-canard","13":"pa_haustier-chien-2","14":"pa_marke-snuggis","15":"pa_ursprungsland-chine","16":"pa_z_cat2-hundefutter","18":"first","19":"instock","20":"taxable","21":"shipping-taxable","22":"purchasable","23":"product-type-variable"},"brands":[{"id":8072,"name":"Snuggis","slug":"snuggis"}],"meta_box":{"lieferant":"Businesscom","lieferanten_email":"","produktzusammensetzung":"","restock_quantities_galaxus":"5","galaxus_restock_time":"21","galaxus_restock_date":"","galaxus_preis":"","export":"Nein","signalwort":[],"gefahrenpiktogramm":[],"gefahrenhinweise":[]},"_links":{"self":[{"href":"https:\/\/dadorana.ch\/fr\/wp-json\/wp\/v2\/product\/76113","targetHints":{"allow":["GET"]}}],"collection":[{"href":"https:\/\/dadorana.ch\/fr\/wp-json\/wp\/v2\/product"}],"about":[{"href":"https:\/\/dadorana.ch\/fr\/wp-json\/wp\/v2\/types\/product"}],"version-history":[{"count":2,"href":"https:\/\/dadorana.ch\/fr\/wp-json\/wp\/v2\/product\/76113\/revisions"}],"predecessor-version":[{"id":76117,"href":"https:\/\/dadorana.ch\/fr\/wp-json\/wp\/v2\/product\/76113\/revisions\/76117"}],"wp:featuredmedia":[{"embeddable":true,"href":"https:\/\/dadorana.ch\/fr\/wp-json\/wp\/v2\/media\/76111"}],"wp:attachment":[{"href":"https:\/\/dadorana.ch\/fr\/wp-json\/wp\/v2\/media?parent=76113"}],"wp:term":[{"taxonomy":"pwb-brand","embeddable":true,"href":"https:\/\/dadorana.ch\/fr\/wp-json\/wp\/v2\/pwb-brand?post=76113"},{"taxonomy":"product_brand","embeddable":true,"href":"https:\/\/dadorana.ch\/fr\/wp-json\/wp\/v2\/product_brand?post=76113"},{"taxonomy":"product_cat","embeddable":true,"href":"https:\/\/dadorana.ch\/fr\/wp-json\/wp\/v2\/product_cat?post=76113"},{"taxonomy":"product_tag","embeddable":true,"href":"https:\/\/dadorana.ch\/fr\/wp-json\/wp\/v2\/product_tag?post=76113"}],"curies":[{"name":"wp","href":"https:\/\/api.w.org\/{rel}","templated":true}]}}