{"id":76128,"date":"2026-04-11T12:05:46","date_gmt":"2026-04-11T10:05:46","guid":{"rendered":"https:\/\/dadorana.ch\/produkt\/snuggis-wuerfel-mix-poulet-ente-rind\/"},"modified":"2026-04-14T19:01:36","modified_gmt":"2026-04-14T17:01:36","slug":"snuggis-melange-en-des-poulet-canard-boeuf","status":"publish","type":"product","link":"https:\/\/dadorana.ch\/fr\/produit\/snuggis-melange-en-des-poulet-canard-boeuf\/","title":{"rendered":"Snuggis M\u00e9lange en d\u00e9s (poulet, canard, b\u0153uf)"},"content":{"rendered":"<p><strong>Source polyvalente de prot\u00e9ines pour votre compagnon \u00e0 quatre pattes<\/strong><br \/>Le Snuggis M\u00e9lange en d\u00e9s 100 g offre un m\u00e9lange \u00e9quilibr\u00e9 de viande de poulet, de canard et de b\u0153uf, fabriqu\u00e9 selon un proc\u00e9d\u00e9 particuli\u00e8rement doux. Cette source de prot\u00e9ines de haute qualit\u00e9 soutient le d\u00e9veloppement et le maintien musculaire de votre chien. Que votre chien soit un chiot ou un compagnon adulte, M\u00e9lange en d\u00e9s\u00a0s&rsquo;int\u00e8gre parfaitement dans le r\u00e9gime alimentaire de toutes les races et tailles.<\/p>\n<p><strong>R\u00e9compense pratique pour chaque occasion<\/strong><br \/>Avec le Snuggis M\u00e9lange en d\u00e9s, vous avez le snack id\u00e9al pour chaque occasion \u00e0 port\u00e9e de main. Que ce soit comme r\u00e9compense \u00e0 l&rsquo;\u00e9cole canine ou comme petit en-cas, les cubes pratiques sont faciles \u00e0 portionner et apportent de la vari\u00e9t\u00e9 dans le quotidien de votre compagnon \u00e0 quatre pattes. L&#8217;emballage refermable garantit que les snacks restent frais plus longtemps et peuvent \u00eatre facilement emport\u00e9s lors de vos d\u00e9placements.<\/p>\n<p><strong>Ingr\u00e9dients de haute qualit\u00e9 pour une qualit\u00e9 optimale<\/strong><br \/>L&rsquo;accent mis sur les ingr\u00e9dients naturels fait du Snuggis M\u00e9lange en d\u00e9s un compl\u00e9ment alimentaire de haute qualit\u00e9. La composition naturelle de viande de poulet, de canard et de b\u0153uf fournit \u00e0 votre chien les nutriments n\u00e9cessaires pour une vie active. Vous pouvez \u00eatre s\u00fbr de n&rsquo;offrir que le meilleur \u00e0 votre chien, sans compromettre la qualit\u00e9. Faites confiance au Snuggis M\u00e9lange en d\u00e9s 100 g pour une alimentation saine et vari\u00e9e de votre cher compagnon.<\/p>\n","protected":false},"excerpt":{"rendered":"<ul>\n<li><span style=\"color: #ff8800;\">Fabriqu\u00e9 avec soin pour une qualit\u00e9 optimale<\/span><\/li>\n<li><span style=\"color: #ff8800;\">Id\u00e9al pour les chiens de toutes tailles<\/span><\/li>\n<li><span style=\"color: #ff8800;\">Prot\u00e9ines naturelles pour des muscles forts<\/span><\/li>\n<li><span style=\"color: #ff8800;\">Emballage refermable pour la fra\u00eecheur<\/span><\/li>\n<li><span style=\"color: #ff8800;\">Parfait comme r\u00e9compense entre les repas<\/span><\/li>\n<\/ul>\n","protected":false},"featured_media":76127,"template":"","meta":[],"pwb-brand":[8072],"product_brand":[8073],"product_cat":[7651,7155,7167],"product_tag":[],"class_list":{"0":"post-76128","1":"product","2":"type-product","3":"status-publish","4":"has-post-thumbnail","6":"pwb-brand-snuggis","7":"product_brand-snuggis","8":"product_cat-snacks","9":"product_cat-chiens","10":"product_cat-tous","11":"pa_brand-snuggis","12":"pa_geschmack-boeuf","13":"pa_geschmack-canard","14":"pa_geschmack-poulet","15":"pa_haustier-chien-2","16":"pa_marke-snuggis","17":"pa_ursprungsland-chine","18":"pa_z_cat2-hundefutter","20":"first","21":"instock","22":"taxable","23":"shipping-taxable","24":"purchasable","25":"product-type-simple"},"brands":[{"id":8072,"name":"Snuggis","slug":"snuggis"}],"meta_box":{"lieferant":"Businesscom","lieferanten_email":"","produktzusammensetzung":"","restock_quantities_galaxus":"5","galaxus_restock_time":"21","galaxus_restock_date":"","galaxus_preis":"","export":"Nein","signalwort":[],"gefahrenpiktogramm":[],"gefahrenhinweise":[]},"_links":{"self":[{"href":"https:\/\/dadorana.ch\/fr\/wp-json\/wp\/v2\/product\/76128","targetHints":{"allow":["GET"]}}],"collection":[{"href":"https:\/\/dadorana.ch\/fr\/wp-json\/wp\/v2\/product"}],"about":[{"href":"https:\/\/dadorana.ch\/fr\/wp-json\/wp\/v2\/types\/product"}],"version-history":[{"count":2,"href":"https:\/\/dadorana.ch\/fr\/wp-json\/wp\/v2\/product\/76128\/revisions"}],"predecessor-version":[{"id":76133,"href":"https:\/\/dadorana.ch\/fr\/wp-json\/wp\/v2\/product\/76128\/revisions\/76133"}],"wp:featuredmedia":[{"embeddable":true,"href":"https:\/\/dadorana.ch\/fr\/wp-json\/wp\/v2\/media\/76127"}],"wp:attachment":[{"href":"https:\/\/dadorana.ch\/fr\/wp-json\/wp\/v2\/media?parent=76128"}],"wp:term":[{"taxonomy":"pwb-brand","embeddable":true,"href":"https:\/\/dadorana.ch\/fr\/wp-json\/wp\/v2\/pwb-brand?post=76128"},{"taxonomy":"product_brand","embeddable":true,"href":"https:\/\/dadorana.ch\/fr\/wp-json\/wp\/v2\/product_brand?post=76128"},{"taxonomy":"product_cat","embeddable":true,"href":"https:\/\/dadorana.ch\/fr\/wp-json\/wp\/v2\/product_cat?post=76128"},{"taxonomy":"product_tag","embeddable":true,"href":"https:\/\/dadorana.ch\/fr\/wp-json\/wp\/v2\/product_tag?post=76128"}],"curies":[{"name":"wp","href":"https:\/\/api.w.org\/{rel}","templated":true}]}}