{"id":76319,"date":"2026-04-11T11:57:14","date_gmt":"2026-04-11T09:57:14","guid":{"rendered":"https:\/\/dadorana.ch\/produkt\/snuggis-poulet-chips\/"},"modified":"2026-04-15T12:03:17","modified_gmt":"2026-04-15T10:03:17","slug":"snuggis-chips-au-poulet","status":"publish","type":"product","link":"https:\/\/dadorana.ch\/fr\/produit\/snuggis-chips-au-poulet\/","title":{"rendered":"Snuggis Chips au poulet"},"content":{"rendered":"<p><strong>Option de collation riche en prot\u00e9ines pour votre chien<\/strong><br \/>Les Snuggis Chips de poulet 100 g offrent un compl\u00e9ment id\u00e9al aux repas quotidiens de votre chien. Avec une teneur particuli\u00e8rement \u00e9lev\u00e9e en viande de poulet, ils sont riches en prot\u00e9ines pr\u00e9cieuses qui renforcent et maintiennent la musculature de votre compagnon \u00e0 quatre pattes. Ces chips sont un excellent r\u00e9gal qui soutient en m\u00eame temps la sant\u00e9 de votre chien.<\/p>\n<p><strong>Favoriser la sant\u00e9 gr\u00e2ce \u00e0 une valeur nutritive optimale<\/strong><br \/>Gr\u00e2ce \u00e0 un traitement doux, les Snuggis Chips de poulet sont pauvres en mati\u00e8res grasses et conviennent donc \u00e9galement aux chiens ayant tendance \u00e0 \u00eatre en surpoids. Cette caract\u00e9ristique vous permet de g\u00e2ter votre chien avec une collation saine sans faire de compromis sur l&rsquo;alimentation. La teneur \u00e9lev\u00e9e en prot\u00e9ines soutient non seulement le maintien de la masse musculaire, mais contribue \u00e9galement \u00e0 la vitalit\u00e9 g\u00e9n\u00e9rale de votre chien.<\/p>\n<p><strong>Fra\u00eecheur pratique pour les d\u00e9placements et \u00e0 la maison<\/strong><br \/>Le sachet refermable des Snuggis Chips de poulet garantit que les snacks restent toujours frais et sont faciles \u00e0 transporter. Que ce soit \u00e0 la maison ou en d\u00e9placement, vous pouvez offrir \u00e0 votre chien une d\u00e9licieuse r\u00e9compense \u00e0 tout moment. Cet emballage pratique fait des chips le compagnon parfait pour les promenades ou les voyages, tout en pr\u00e9servant la fra\u00eecheur des friandises.<\/p>\n","protected":false},"excerpt":{"rendered":"<ul>\n<li><span style=\"color: #ff8800;\">Viande de poulet de haute qualit\u00e9 pour un plaisir optimal<\/span><\/li>\n<li><span style=\"color: #ff8800;\">Riche en prot\u00e9ines pour des chiens forts<\/span><\/li>\n<li><span style=\"color: #ff8800;\">Pauvre en mati\u00e8res grasses, id\u00e9al pour les chiens en surpoids<\/span><\/li>\n<li><span style=\"color: #ff8800;\">Sachet refermable pour la fra\u00eecheur<\/span><\/li>\n<li><span style=\"color: #ff8800;\">Pratique pour les d\u00e9placements et \u00e0 la maison<\/span><\/li>\n<\/ul>\n","protected":false},"featured_media":76317,"template":"","meta":[],"pwb-brand":[8072],"product_brand":[8073],"product_cat":[7651,7155,7167],"product_tag":[],"class_list":{"0":"post-76319","1":"product","2":"type-product","3":"status-publish","4":"has-post-thumbnail","6":"pwb-brand-snuggis","7":"product_brand-snuggis","8":"product_cat-snacks","9":"product_cat-chiens","10":"product_cat-tous","11":"pa_brand-snuggis","12":"pa_geschmack-poulet","13":"pa_haustier-chien-2","14":"pa_marke-snuggis","15":"pa_ursprungsland-chine","16":"pa_z_cat2-hundefutter","18":"first","19":"instock","20":"taxable","21":"shipping-taxable","22":"purchasable","23":"product-type-simple"},"brands":[{"id":8072,"name":"Snuggis","slug":"snuggis"}],"meta_box":{"lieferant":"Businesscom","lieferanten_email":"","produktzusammensetzung":"","restock_quantities_galaxus":"5","galaxus_restock_time":"21","galaxus_restock_date":"","galaxus_preis":"","export":"Nein","signalwort":[],"gefahrenpiktogramm":[],"gefahrenhinweise":[]},"_links":{"self":[{"href":"https:\/\/dadorana.ch\/fr\/wp-json\/wp\/v2\/product\/76319","targetHints":{"allow":["GET"]}}],"collection":[{"href":"https:\/\/dadorana.ch\/fr\/wp-json\/wp\/v2\/product"}],"about":[{"href":"https:\/\/dadorana.ch\/fr\/wp-json\/wp\/v2\/types\/product"}],"version-history":[{"count":2,"href":"https:\/\/dadorana.ch\/fr\/wp-json\/wp\/v2\/product\/76319\/revisions"}],"predecessor-version":[{"id":76321,"href":"https:\/\/dadorana.ch\/fr\/wp-json\/wp\/v2\/product\/76319\/revisions\/76321"}],"wp:featuredmedia":[{"embeddable":true,"href":"https:\/\/dadorana.ch\/fr\/wp-json\/wp\/v2\/media\/76317"}],"wp:attachment":[{"href":"https:\/\/dadorana.ch\/fr\/wp-json\/wp\/v2\/media?parent=76319"}],"wp:term":[{"taxonomy":"pwb-brand","embeddable":true,"href":"https:\/\/dadorana.ch\/fr\/wp-json\/wp\/v2\/pwb-brand?post=76319"},{"taxonomy":"product_brand","embeddable":true,"href":"https:\/\/dadorana.ch\/fr\/wp-json\/wp\/v2\/product_brand?post=76319"},{"taxonomy":"product_cat","embeddable":true,"href":"https:\/\/dadorana.ch\/fr\/wp-json\/wp\/v2\/product_cat?post=76319"},{"taxonomy":"product_tag","embeddable":true,"href":"https:\/\/dadorana.ch\/fr\/wp-json\/wp\/v2\/product_tag?post=76319"}],"curies":[{"name":"wp","href":"https:\/\/api.w.org\/{rel}","templated":true}]}}