{"id":76397,"date":"2026-04-16T13:02:11","date_gmt":"2026-04-16T11:02:11","guid":{"rendered":"https:\/\/dadorana.ch\/produkt\/snuggis-gegrillte-poulet-sandwiches-mit-fisch\/"},"modified":"2026-04-16T13:21:42","modified_gmt":"2026-04-16T11:21:42","slug":"snuggis-sandwiches-au-poulet-grilles-avec-poisson","status":"publish","type":"product","link":"https:\/\/dadorana.ch\/fr\/produit\/snuggis-sandwiches-au-poulet-grilles-avec-poisson\/","title":{"rendered":"Snuggis Sandwiches au poulet grill\u00e9s avec poisson"},"content":{"rendered":"<p><strong>La collation id\u00e9ale pour chaque museau de chien<\/strong><br \/>Les sandwiches Snuggis Poulet-Poisson sont le compl\u00e9ment alimentaire parfait pour les chiens de toutes tailles et de tous \u00e2ges. Avec leur consistance douce et leur taille pratique, ils sont excellents comme collation ou r\u00e9compense. La combinaison de viande de poulet de haute qualit\u00e9 et de poisson de saison offre une exp\u00e9rience gustative \u00e0 laquelle aucun chien ne peut r\u00e9sister.<\/p>\n<p><strong>Des nutriments essentiels pour une vie de chien en bonne sant\u00e9<\/strong><br \/>Les sandwiches Snuggis Poulet-Poisson offrent une teneur \u00e9lev\u00e9e en viande, qui procure du plaisir et des prot\u00e9ines pr\u00e9cieuses. Les prot\u00e9ines contenues dans la viande de poulet soutiennent le d\u00e9veloppement musculaire ainsi que le maintien de la musculature de votre chien. La part de poisson fournit des acides gras om\u00e9ga-3 pr\u00e9cieux, qui jouent un r\u00f4le important pour une peau saine et un pelage brillant. Ces nutriments contribuent \u00e0 la sant\u00e9 g\u00e9n\u00e9rale et \u00e0 la vitalit\u00e9 de votre cher compagnon \u00e0 quatre pattes.<\/p>\n<p><strong>Emballage pratique pour une fra\u00eecheur durable<\/strong><br \/>L&#8217;emballage refermable des sandwiches Snuggis Poulet-Poisson garantit que les snacks restent frais longtemps et peuvent \u00eatre facilement transport\u00e9s. Cela les rend id\u00e9aux pour les d\u00e9placements ou comme r\u00e9compense \u00e0 l&rsquo;\u00e9cole canine. Vous avez ainsi toujours une collation saine \u00e0 port\u00e9e de main, qui rend non seulement votre chien heureux, mais soutient \u00e9galement sa sant\u00e9. Assurez-vous des yeux brillants et un pelage \u00e9clatant avec ces snacks de haute qualit\u00e9.<\/p>\n","protected":false},"excerpt":{"rendered":"<ul>\n<li><span style=\"color: #ff8800;\">Texture douce pour chaque chien<\/span><\/li>\n<li><span style=\"color: #ff8800;\">Haute teneur en viande pour plus de plaisir<\/span><\/li>\n<li><span style=\"color: #ff8800;\">Om\u00e9ga-3 pour un pelage sain<\/span><\/li>\n<li><span style=\"color: #ff8800;\">Emballage refermable pour la fra\u00eecheur<\/span><\/li>\n<li><span style=\"color: #ff8800;\">Id\u00e9al comme r\u00e9compense \u00e0 l&rsquo;\u00e9cole canine<\/span><\/li>\n<\/ul>\n","protected":false},"featured_media":76396,"template":"","meta":[],"pwb-brand":[8072],"product_brand":[8073],"product_cat":[7651,7155,7167],"product_tag":[],"class_list":{"0":"post-76397","1":"product","2":"type-product","3":"status-publish","4":"has-post-thumbnail","6":"pwb-brand-snuggis","7":"product_brand-snuggis","8":"product_cat-snacks","9":"product_cat-chiens","10":"product_cat-tous","11":"pa_brand-snuggis","12":"pa_geschmack-poulet","13":"pa_haustier-chien-2","14":"pa_marke-snuggis","15":"pa_ursprungsland-chine","16":"pa_z_cat2-hundefutter","18":"first","19":"instock","20":"taxable","21":"shipping-taxable","22":"purchasable","23":"product-type-simple"},"brands":[{"id":8072,"name":"Snuggis","slug":"snuggis"}],"meta_box":{"lieferant":"Businesscom","lieferanten_email":"","produktzusammensetzung":"","restock_quantities_galaxus":"5","galaxus_restock_time":"21","galaxus_restock_date":"","galaxus_preis":"","export":"Nein","signalwort":[],"gefahrenpiktogramm":[],"gefahrenhinweise":[]},"_links":{"self":[{"href":"https:\/\/dadorana.ch\/fr\/wp-json\/wp\/v2\/product\/76397","targetHints":{"allow":["GET"]}}],"collection":[{"href":"https:\/\/dadorana.ch\/fr\/wp-json\/wp\/v2\/product"}],"about":[{"href":"https:\/\/dadorana.ch\/fr\/wp-json\/wp\/v2\/types\/product"}],"version-history":[{"count":2,"href":"https:\/\/dadorana.ch\/fr\/wp-json\/wp\/v2\/product\/76397\/revisions"}],"predecessor-version":[{"id":76399,"href":"https:\/\/dadorana.ch\/fr\/wp-json\/wp\/v2\/product\/76397\/revisions\/76399"}],"wp:featuredmedia":[{"embeddable":true,"href":"https:\/\/dadorana.ch\/fr\/wp-json\/wp\/v2\/media\/76396"}],"wp:attachment":[{"href":"https:\/\/dadorana.ch\/fr\/wp-json\/wp\/v2\/media?parent=76397"}],"wp:term":[{"taxonomy":"pwb-brand","embeddable":true,"href":"https:\/\/dadorana.ch\/fr\/wp-json\/wp\/v2\/pwb-brand?post=76397"},{"taxonomy":"product_brand","embeddable":true,"href":"https:\/\/dadorana.ch\/fr\/wp-json\/wp\/v2\/product_brand?post=76397"},{"taxonomy":"product_cat","embeddable":true,"href":"https:\/\/dadorana.ch\/fr\/wp-json\/wp\/v2\/product_cat?post=76397"},{"taxonomy":"product_tag","embeddable":true,"href":"https:\/\/dadorana.ch\/fr\/wp-json\/wp\/v2\/product_tag?post=76397"}],"curies":[{"name":"wp","href":"https:\/\/api.w.org\/{rel}","templated":true}]}}