{"id":76415,"date":"2026-04-11T05:15:54","date_gmt":"2026-04-11T03:15:54","guid":{"rendered":"https:\/\/dadorana.ch\/produkt\/snuggis-kauknochen-im-pouletmantel-5cm\/"},"modified":"2026-04-16T14:19:12","modified_gmt":"2026-04-16T12:19:12","slug":"snuggis-kauknochen-im-pouletmantel-5cm","status":"publish","type":"product","link":"https:\/\/dadorana.ch\/fr\/produit\/snuggis-kauknochen-im-pouletmantel-5cm\/","title":{"rendered":"Snuggis Os \u00e0 m\u00e2cher enrob\u00e9s de poulet 5 cm"},"content":{"rendered":"<p><strong>Une d\u00e9licieuse exp\u00e9rience de mastication pour votre chien<\/strong><br \/>Les os \u00e0 m\u00e2cher Snuggis enrobe\u0301s de poulet offrent \u00e0 votre chien une exp\u00e9rience de mastication savoureuse, id\u00e9ale en compl\u00e9ment de ses repas r\u00e9guliers. Les os \u00e0 m\u00e2cher sont compos\u00e9s de peau de b\u0153uf brute enrob\u00e9e de viande de poulet de haute qualit\u00e9. Cette combinaison garantit un go\u00fbt particulier et une texture r\u00e9sistante qui satisfait de mani\u00e8re optimale le besoin naturel de mastication de votre chien.<\/p>\n<p><strong>Promotion de la sant\u00e9 dentaire gr\u00e2ce \u00e0 la mastication quotidienne<\/strong><br \/>La mastication quotidienne des os \u00e0 m\u00e2cher Snuggis enrobe\u0301s de poulet pr\u00e9sente plusieurs avantages pour la sant\u00e9 dentaire de votre chien. La consistance dure des os aide \u00e0 renforcer les muscles de la m\u00e2choire et a \u00e9galement un effet nettoyant sur les dents. En m\u00e2chant, les dents et les gencives de votre chien sont nettoy\u00e9es, la circulation sanguine des gencives est am\u00e9lior\u00e9e et la formation de plaque dentaire est pr\u00e9venue. Ainsi, ces os \u00e0 m\u00e2cher contribuent \u00e0 l&rsquo;hygi\u00e8ne bucco-dentaire g\u00e9n\u00e9rale de votre chien.<\/p>\n<p><strong>\u00c9nergie et nutriments pour les chiens actifs<\/strong><br \/>La viande de poulet contenue dans l&rsquo;os \u00e0 m\u00e2cher est une source pr\u00e9cieuse d&rsquo;\u00e9nergie et riche en prot\u00e9ines, soutenant le d\u00e9veloppement et le maintien de la musculature de votre chien. Gr\u00e2ce au sachet pratique avec fermeture \u00e0 pression, les os \u00e0 m\u00e2cher restent frais plus longtemps et sont id\u00e9aux pour les d\u00e9placements. Vous pouvez ainsi offrir \u00e0 votre chien \u00e0 tout moment une exp\u00e9rience de mastication saine et d\u00e9licieuse. Veuillez noter que les os \u00e0 m\u00e2cher doivent \u00eatre donn\u00e9s uniquement sous surveillance et ne conviennent pas aux chiots ou aux chiens \u00e2g\u00e9s.<\/p>\n","protected":false},"excerpt":{"rendered":"<ul>\n<li><span style=\"color: #ff8800;\">Peau de b\u0153uf crue enrob\u00e9e de poulet<\/span><\/li>\n<li><span style=\"color: #ff8800;\">Favorise la musculature masticatoire et l&rsquo;hygi\u00e8ne dentaire<\/span><\/li>\n<li><span style=\"color: #ff8800;\">Riche en prot\u00e9ines pour l&rsquo;\u00e9nergie<\/span><\/li>\n<li><span style=\"color: #ff8800;\">Sac pratique avec fermeture \u00e0 pression<\/span><\/li>\n<li><span style=\"color: #ff8800;\">Longue fra\u00eecheur, id\u00e9al pour les d\u00e9placements<\/span><\/li>\n<\/ul>\n","protected":false},"featured_media":76414,"template":"","meta":[],"pwb-brand":[8072],"product_brand":[8073],"product_cat":[8138,7155,7167],"product_tag":[],"class_list":{"0":"post-76415","1":"product","2":"type-product","3":"status-publish","4":"has-post-thumbnail","6":"pwb-brand-snuggis","7":"product_brand-snuggis","8":"product_cat-articles-a-macher","9":"product_cat-chiens","10":"product_cat-tous","11":"pa_brand-snuggis","12":"pa_geschmack-boeuf","13":"pa_geschmack-poulet","14":"pa_haustier-chien-2","15":"pa_marke-snuggis","16":"pa_ursprungsland-chine","17":"pa_z_cat2-hundefutter","19":"first","20":"instock","21":"taxable","22":"shipping-taxable","23":"purchasable","24":"product-type-simple"},"brands":[{"id":8072,"name":"Snuggis","slug":"snuggis"}],"meta_box":{"lieferant":"Businesscom","lieferanten_email":"","produktzusammensetzung":"","restock_quantities_galaxus":"5","galaxus_restock_time":"21","galaxus_restock_date":"","galaxus_preis":"","export":"Nein","signalwort":[],"gefahrenpiktogramm":[],"gefahrenhinweise":[]},"_links":{"self":[{"href":"https:\/\/dadorana.ch\/fr\/wp-json\/wp\/v2\/product\/76415","targetHints":{"allow":["GET"]}}],"collection":[{"href":"https:\/\/dadorana.ch\/fr\/wp-json\/wp\/v2\/product"}],"about":[{"href":"https:\/\/dadorana.ch\/fr\/wp-json\/wp\/v2\/types\/product"}],"version-history":[{"count":2,"href":"https:\/\/dadorana.ch\/fr\/wp-json\/wp\/v2\/product\/76415\/revisions"}],"predecessor-version":[{"id":76419,"href":"https:\/\/dadorana.ch\/fr\/wp-json\/wp\/v2\/product\/76415\/revisions\/76419"}],"wp:featuredmedia":[{"embeddable":true,"href":"https:\/\/dadorana.ch\/fr\/wp-json\/wp\/v2\/media\/76414"}],"wp:attachment":[{"href":"https:\/\/dadorana.ch\/fr\/wp-json\/wp\/v2\/media?parent=76415"}],"wp:term":[{"taxonomy":"pwb-brand","embeddable":true,"href":"https:\/\/dadorana.ch\/fr\/wp-json\/wp\/v2\/pwb-brand?post=76415"},{"taxonomy":"product_brand","embeddable":true,"href":"https:\/\/dadorana.ch\/fr\/wp-json\/wp\/v2\/product_brand?post=76415"},{"taxonomy":"product_cat","embeddable":true,"href":"https:\/\/dadorana.ch\/fr\/wp-json\/wp\/v2\/product_cat?post=76415"},{"taxonomy":"product_tag","embeddable":true,"href":"https:\/\/dadorana.ch\/fr\/wp-json\/wp\/v2\/product_tag?post=76415"}],"curies":[{"name":"wp","href":"https:\/\/api.w.org\/{rel}","templated":true}]}}