{"id":76422,"date":"2026-04-11T05:30:51","date_gmt":"2026-04-11T03:30:51","guid":{"rendered":"https:\/\/dadorana.ch\/?post_type=product&#038;p=76422"},"modified":"2026-04-16T15:17:58","modified_gmt":"2026-04-16T13:17:58","slug":"snuggis-os-avec-poulet-riz","status":"publish","type":"product","link":"https:\/\/dadorana.ch\/fr\/produit\/snuggis-os-avec-poulet-riz\/","title":{"rendered":"Snuggis Os avec poulet &#038; riz"},"content":{"rendered":"<p><strong>Plaisir de mastication sain pour des compagnons \u00e0 quatre pattes satisfaits<\/strong><br \/>Les os Snuggis au poulet et riz 100 g offrent \u00e0 votre chien non seulement une friandise savoureuse entre les repas, mais aussi une contribution pr\u00e9cieuse \u00e0 l&rsquo;hygi\u00e8ne dentaire. La consistance ferme des os garantit que la dentition de votre compagnon \u00e0 quatre pattes est renforc\u00e9e, tout en satisfaisant son besoin naturel de m\u00e2cher. Ces friandises sont plus qu&rsquo;une simple r\u00e9compense \u2013 elles sont un compl\u00e9ment bienfaisant pour la sant\u00e9 dentaire quotidienne de votre chien.<\/p>\n<p><strong>Soutien riche en prot\u00e9ines pour la musculature<\/strong><br \/>Avec des prot\u00e9ines de poulet de haute qualit\u00e9, les os Snuggis sont une excellente source de prot\u00e9ines, qui soutiennent le d\u00e9veloppement et le maintien de la musculature. Particuli\u00e8rement pour les chiens qui d\u00e9pendent d&rsquo;une alimentation \u00e9quilibr\u00e9e, ces friandises s&rsquo;av\u00e8rent pr\u00e9cieuses. Leur faible teneur en mati\u00e8res grasses les rend \u00e9galement id\u00e9ales pour les chiens qui ont tendance \u00e0 l&#8217;embonpoint ou comme r\u00e9gime l\u00e9ger. Ainsi, vous pouvez offrir \u00e0 votre chien une r\u00e9compense saine, \u00e0 la fois nutritive et savoureuse.<\/p>\n<p><strong>Emballage pratique pour un plaisir facile<\/strong><br \/>Les os Snuggis au poulet et riz sont disponibles dans un emballage refermable, qui pr\u00e9serve non seulement la fra\u00eecheur des friandises, mais facilite \u00e9galement le transport. Que ce soit \u00e0 la maison ou en d\u00e9placement, vous avez toujours la possibilit\u00e9 de faire plaisir \u00e0 votre chien, sans compromis sur la qualit\u00e9. Cet emballage bien pens\u00e9 garantit que les friandises restent fra\u00eeches plus longtemps et sont toujours \u00e0 port\u00e9e de main.<\/p>\n","protected":false},"excerpt":{"rendered":"<ul>\n<li><span style=\"color: #ff8800;\">Favorise l&rsquo;hygi\u00e8ne dentaire de votre chien<\/span><\/li>\n<li><span style=\"color: #ff8800;\">Riche en prot\u00e9ines gr\u00e2ce \u00e0 du poulet de haute qualit\u00e9<\/span><\/li>\n<li><span style=\"color: #ff8800;\">Faible en mati\u00e8res grasses pour une alimentation saine<\/span><\/li>\n<li><span style=\"color: #ff8800;\">Stimule la mastication gr\u00e2ce \u00e0 sa texture ferme<\/span><\/li>\n<li><span style=\"color: #ff8800;\">Emballage refermable pour une fra\u00eecheur optimale<\/span><\/li>\n<\/ul>\n","protected":false},"featured_media":76421,"template":"","meta":[],"pwb-brand":[],"product_brand":[],"product_cat":[7167],"product_tag":[],"class_list":{"0":"post-76422","1":"product","2":"type-product","3":"status-publish","4":"has-post-thumbnail","6":"product_cat-tous","7":"pa_brand-snuggis","8":"pa_geschmack-poulet","9":"pa_haustier-chien-2","10":"pa_marke-snuggis","11":"pa_ursprungsland-chine","12":"pa_z_cat2-hundefutter","14":"first","15":"instock","16":"taxable","17":"shipping-taxable","18":"purchasable","19":"product-type-simple"},"brands":[],"meta_box":{"lieferant":"Businesscom","lieferanten_email":"","produktzusammensetzung":"","restock_quantities_galaxus":"5","galaxus_restock_time":"21","galaxus_restock_date":"","galaxus_preis":"","export":"Nein","signalwort":[],"gefahrenpiktogramm":[],"gefahrenhinweise":[]},"_links":{"self":[{"href":"https:\/\/dadorana.ch\/fr\/wp-json\/wp\/v2\/product\/76422","targetHints":{"allow":["GET"]}}],"collection":[{"href":"https:\/\/dadorana.ch\/fr\/wp-json\/wp\/v2\/product"}],"about":[{"href":"https:\/\/dadorana.ch\/fr\/wp-json\/wp\/v2\/types\/product"}],"version-history":[{"count":2,"href":"https:\/\/dadorana.ch\/fr\/wp-json\/wp\/v2\/product\/76422\/revisions"}],"predecessor-version":[{"id":76424,"href":"https:\/\/dadorana.ch\/fr\/wp-json\/wp\/v2\/product\/76422\/revisions\/76424"}],"wp:featuredmedia":[{"embeddable":true,"href":"https:\/\/dadorana.ch\/fr\/wp-json\/wp\/v2\/media\/76421"}],"wp:attachment":[{"href":"https:\/\/dadorana.ch\/fr\/wp-json\/wp\/v2\/media?parent=76422"}],"wp:term":[{"taxonomy":"pwb-brand","embeddable":true,"href":"https:\/\/dadorana.ch\/fr\/wp-json\/wp\/v2\/pwb-brand?post=76422"},{"taxonomy":"product_brand","embeddable":true,"href":"https:\/\/dadorana.ch\/fr\/wp-json\/wp\/v2\/product_brand?post=76422"},{"taxonomy":"product_cat","embeddable":true,"href":"https:\/\/dadorana.ch\/fr\/wp-json\/wp\/v2\/product_cat?post=76422"},{"taxonomy":"product_tag","embeddable":true,"href":"https:\/\/dadorana.ch\/fr\/wp-json\/wp\/v2\/product_tag?post=76422"}],"curies":[{"name":"wp","href":"https:\/\/api.w.org\/{rel}","templated":true}]}}