{"id":76441,"date":"2026-04-11T07:00:46","date_gmt":"2026-04-11T05:00:46","guid":{"rendered":"https:\/\/dadorana.ch\/produkt\/snuggis-suesskartoffel-chips\/"},"modified":"2026-04-16T17:26:07","modified_gmt":"2026-04-16T15:26:07","slug":"snuggis-chips-de-patate-douce","status":"publish","type":"product","link":"https:\/\/dadorana.ch\/fr\/produit\/snuggis-chips-de-patate-douce\/","title":{"rendered":"Snuggis Chips de patate douce"},"content":{"rendered":"<p><strong>Le snack parfait pour votre fid\u00e8le compagnon<\/strong><br \/>Avec les chips de patate douce Snuggis 350 g, offrez \u00e0 votre chien une collation d\u00e9licieuse et saine, id\u00e9ale pour les petites faims. Ces chips sont un aliment compl\u00e9mentaire et offrent une fa\u00e7on savoureuse de faire plaisir \u00e0 votre chien. La base 100% patate douce garantit que m\u00eame les chiens ayant un estomac sensible ou des allergies alimentaires peuvent savourer ce snack sans probl\u00e8me.<\/p>\n<p><strong>Ingr\u00e9dients naturels pour une meilleure tol\u00e9rance<\/strong><br \/>Nos chips de patate douce Snuggis sont compos\u00e9es exclusivement d&rsquo;ingr\u00e9dients naturels, ce qui en fait un excellent choix pour votre chien. Le traitement d\u00e9licat de la patate douce garantit la pr\u00e9servation des nutriments pr\u00e9cieux qui contribuent \u00e0 la sant\u00e9 de votre chien. \u00c9tant un produit naturel, les chips varient en forme et en taille, ce qui donne \u00e0 chaque collation une touche individuelle. Ce snack v\u00e9g\u00e9tarien est une alternative excellente, en particulier pour les chiens ayant des allergies alimentaires.<\/p>\n<p><strong>Utilisations polyvalentes au quotidien<\/strong><br \/>Les chips de patate douce Snuggis ne sont pas seulement une friandise savoureuse, mais aussi une r\u00e9compense efficace lors de l&rsquo;entra\u00eenement. Qu&rsquo;il s&rsquo;agisse d&rsquo;un grand ou petit chien, jeune ou \u00e2g\u00e9 \u2013 ce snack convient \u00e0 toutes les tailles et \u00e0 tous les \u00e2ges. Utilisez les chips comme r\u00e9compense ou simplement comme collation saine. Offrez quelque chose de sp\u00e9cial \u00e0 votre chien et int\u00e9grez les chips de patate douce Snuggis comme un \u00e9l\u00e9ment essentiel de votre routine quotidienne.<\/p>\n","protected":false},"excerpt":{"rendered":"<ul>\n<li><span style=\"color: #ff8800;\">Texture moelleuse<\/span><\/li>\n<li><span style=\"color: #ff8800;\">Friandise v\u00e9g\u00e9tarienne<\/span><\/li>\n<li><span style=\"color: #ff8800;\">Convient aux chiens souffrant d&rsquo;allergies alimentaires<\/span><\/li>\n<li><span style=\"color: #ff8800;\">Fabriqu\u00e9 \u00e0 partir de patate douce 100 % naturelle<\/span><\/li>\n<\/ul>\n","protected":false},"featured_media":76440,"template":"","meta":[],"pwb-brand":[8072],"product_brand":[8073],"product_cat":[7651,7155,7167],"product_tag":[],"class_list":{"0":"post-76441","1":"product","2":"type-product","3":"status-publish","4":"has-post-thumbnail","6":"pwb-brand-snuggis","7":"product_brand-snuggis","8":"product_cat-snacks","9":"product_cat-chiens","10":"product_cat-tous","11":"pa_brand-snuggis","12":"pa_geschmack-patate-douce","13":"pa_haustier-chien-2","14":"pa_marke-snuggis","15":"pa_ursprungsland-chine","16":"pa_z_cat2-hundefutter","18":"first","19":"instock","20":"taxable","21":"shipping-taxable","22":"purchasable","23":"product-type-simple"},"brands":[{"id":8072,"name":"Snuggis","slug":"snuggis"}],"meta_box":{"lieferant":"Businesscom","lieferanten_email":"","produktzusammensetzung":"","restock_quantities_galaxus":"5","galaxus_restock_time":"21","galaxus_restock_date":"","galaxus_preis":"","export":"Nein","signalwort":[],"gefahrenpiktogramm":[],"gefahrenhinweise":[]},"_links":{"self":[{"href":"https:\/\/dadorana.ch\/fr\/wp-json\/wp\/v2\/product\/76441","targetHints":{"allow":["GET"]}}],"collection":[{"href":"https:\/\/dadorana.ch\/fr\/wp-json\/wp\/v2\/product"}],"about":[{"href":"https:\/\/dadorana.ch\/fr\/wp-json\/wp\/v2\/types\/product"}],"version-history":[{"count":2,"href":"https:\/\/dadorana.ch\/fr\/wp-json\/wp\/v2\/product\/76441\/revisions"}],"predecessor-version":[{"id":76443,"href":"https:\/\/dadorana.ch\/fr\/wp-json\/wp\/v2\/product\/76441\/revisions\/76443"}],"wp:featuredmedia":[{"embeddable":true,"href":"https:\/\/dadorana.ch\/fr\/wp-json\/wp\/v2\/media\/76440"}],"wp:attachment":[{"href":"https:\/\/dadorana.ch\/fr\/wp-json\/wp\/v2\/media?parent=76441"}],"wp:term":[{"taxonomy":"pwb-brand","embeddable":true,"href":"https:\/\/dadorana.ch\/fr\/wp-json\/wp\/v2\/pwb-brand?post=76441"},{"taxonomy":"product_brand","embeddable":true,"href":"https:\/\/dadorana.ch\/fr\/wp-json\/wp\/v2\/product_brand?post=76441"},{"taxonomy":"product_cat","embeddable":true,"href":"https:\/\/dadorana.ch\/fr\/wp-json\/wp\/v2\/product_cat?post=76441"},{"taxonomy":"product_tag","embeddable":true,"href":"https:\/\/dadorana.ch\/fr\/wp-json\/wp\/v2\/product_tag?post=76441"}],"curies":[{"name":"wp","href":"https:\/\/api.w.org\/{rel}","templated":true}]}}