{"id":76504,"date":"2026-04-16T17:00:59","date_gmt":"2026-04-16T15:00:59","guid":{"rendered":"https:\/\/dadorana.ch\/?post_type=product&#038;p=76504"},"modified":"2026-04-19T15:08:50","modified_gmt":"2026-04-19T13:08:50","slug":"naturadog-snack-au-poulet-8-x-20-g","status":"publish","type":"product","link":"https:\/\/dadorana.ch\/fr\/produit\/naturadog-snack-au-poulet-8-x-20-g\/","title":{"rendered":"naturaDOG Snack au poulet (8 x 20 g)"},"content":{"rendered":"<p>G\u00e2tez votre chien avec les saucisses croustillantes NaturaDog Chicken Snack.<\/p>\n<p>Compos\u00e9e de peu d&rsquo;ingr\u00e9dients et de pure\u00a0<strong>viande de poulet suisse<\/strong>, cette saucisse s\u00e9ch\u00e9e pour chiens fabriqu\u00e9e en Suisse ravira certainement votre boule de poils. Gr\u00e2ce \u00e0 sa recette\u00a0<strong>sans gluten\u00a0<\/strong>, m\u00eame les chiens les plus sensibles peuvent s&rsquo;offrir un snack de temps en temps.<\/p>\n<p>Un paquet contient 8 saucisses de 20 grammes.<\/p>\n<p><strong>Avantages :<\/strong><\/p>\n<ul>\n<li>\u00e0 base de viande de poulet suisse<\/li>\n<li>fabriqu\u00e9 en Suisse<\/li>\n<li>sans gluten<\/li>\n<li>r\u00e9compense entre les repas<\/li>\n<li>renforce les muscles de la mastication<\/li>\n<\/ul>\n","protected":false},"excerpt":{"rendered":"<p><span style=\"color: #ff8800;\"><strong>Saucisses \u00e0 base de viande de poulet suisse comme snack sp\u00e9cial pour chiens :<\/strong><\/span><\/p>\n<ul>\n<li><span style=\"color: #ff8800;\">Renforce les muscles de la mastication<\/span><\/li>\n<li><span style=\"color: #ff8800;\">R\u00e9compense id\u00e9ale entre les repas<\/span><\/li>\n<li><span style=\"color: #ff8800;\">Recette sans gluten<\/span><\/li>\n<\/ul>\n","protected":false},"featured_media":76502,"template":"","meta":[],"pwb-brand":[7845],"product_brand":[7846],"product_cat":[7651,7155,7167],"product_tag":[],"class_list":{"0":"post-76504","1":"product","2":"type-product","3":"status-publish","4":"has-post-thumbnail","6":"pwb-brand-naturadog","7":"product_brand-naturadog","8":"product_cat-snacks","9":"product_cat-chiens","10":"product_cat-tous","11":"pa_brand-naturadog","12":"pa_eigenschaften-monoproteine","13":"pa_eigenschaften-sans-gluten","14":"pa_marke-naturadog","15":"pa_spezialeigenschaft-viande-suisse","16":"pa_z_cat2-hundefutter","18":"first","19":"instock","20":"taxable","21":"shipping-taxable","22":"purchasable","23":"product-type-simple"},"brands":[{"id":7845,"name":"naturaDOG","slug":"naturadog"}],"meta_box":{"lieferant":"Businesscom","lieferanten_email":"","produktzusammensetzung":"","restock_quantities_galaxus":"5","galaxus_restock_time":"21","galaxus_restock_date":"","galaxus_preis":"","export":"Nein","signalwort":[],"gefahrenpiktogramm":[],"gefahrenhinweise":[]},"_links":{"self":[{"href":"https:\/\/dadorana.ch\/fr\/wp-json\/wp\/v2\/product\/76504","targetHints":{"allow":["GET"]}}],"collection":[{"href":"https:\/\/dadorana.ch\/fr\/wp-json\/wp\/v2\/product"}],"about":[{"href":"https:\/\/dadorana.ch\/fr\/wp-json\/wp\/v2\/types\/product"}],"version-history":[{"count":5,"href":"https:\/\/dadorana.ch\/fr\/wp-json\/wp\/v2\/product\/76504\/revisions"}],"predecessor-version":[{"id":76852,"href":"https:\/\/dadorana.ch\/fr\/wp-json\/wp\/v2\/product\/76504\/revisions\/76852"}],"wp:featuredmedia":[{"embeddable":true,"href":"https:\/\/dadorana.ch\/fr\/wp-json\/wp\/v2\/media\/76502"}],"wp:attachment":[{"href":"https:\/\/dadorana.ch\/fr\/wp-json\/wp\/v2\/media?parent=76504"}],"wp:term":[{"taxonomy":"pwb-brand","embeddable":true,"href":"https:\/\/dadorana.ch\/fr\/wp-json\/wp\/v2\/pwb-brand?post=76504"},{"taxonomy":"product_brand","embeddable":true,"href":"https:\/\/dadorana.ch\/fr\/wp-json\/wp\/v2\/product_brand?post=76504"},{"taxonomy":"product_cat","embeddable":true,"href":"https:\/\/dadorana.ch\/fr\/wp-json\/wp\/v2\/product_cat?post=76504"},{"taxonomy":"product_tag","embeddable":true,"href":"https:\/\/dadorana.ch\/fr\/wp-json\/wp\/v2\/product_tag?post=76504"}],"curies":[{"name":"wp","href":"https:\/\/api.w.org\/{rel}","templated":true}]}}