{"id":76510,"date":"2026-04-16T17:10:26","date_gmt":"2026-04-16T15:10:26","guid":{"rendered":"https:\/\/dadorana.ch\/produkt\/naturadog-beef-snack-8-x-20-g\/"},"modified":"2026-04-17T16:43:36","modified_gmt":"2026-04-17T14:43:36","slug":"naturadog-snack-au-boeuf-8-x-20-g","status":"publish","type":"product","link":"https:\/\/dadorana.ch\/fr\/produit\/naturadog-snack-au-boeuf-8-x-20-g\/","title":{"rendered":"naturaDog Snack au b\u0153uf (8 x 20 g)"},"content":{"rendered":"<p>Surprenez votre chien avec les irr\u00e9sistibles saucisses NaturaDog Beef Snack.<\/p>\n<p>Ce snack\u00a0<strong>produit en Suisse<\/strong>\u00a0est compos\u00e9 de quelques ingr\u00e9dients s\u00e9lectionn\u00e9s et de\u00a0<strong>pure viande de b\u0153uf suisse<\/strong>\u00a0\u2013 une friandise qui ravira certainement votre compagnon.<\/p>\n<p>Gr\u00e2ce \u00e0 leur recette<strong>\u00a0sans gluten<\/strong>, ces saucisses s\u00e9ch\u00e9es conviennent \u00e9galement aux chiens plus sensibles en tant que snack savoureux entre les repas.<\/p>\n<p>Un paquet contient 8 saucisses de 20 grammes.<\/p>\n<p><strong>Avantages :<\/strong><\/p>\n<ul>\n<li>\u00e0 base de viande de b\u0153uf suisse<\/li>\n<li>fabriqu\u00e9 en Suisse<\/li>\n<li>sans gluten<\/li>\n<li>r\u00e9compense entre les repas<\/li>\n<li>renforce les muscles de la mastication<\/li>\n<\/ul>\n","protected":false},"excerpt":{"rendered":"<p><span style=\"color: #ff8800;\"><strong>Saucisses de b\u0153uf suisse comme snack sp\u00e9cial pour chiens :<\/strong><\/span><\/p>\n<ul>\n<li><span style=\"color: #ff8800;\">Renforce les muscles de la mastication<\/span><\/li>\n<li><span style=\"color: #ff8800;\">R\u00e9compense id\u00e9ale entre les repas<\/span><\/li>\n<li><span style=\"color: #ff8800;\">Recette sans gluten<\/span><\/li>\n<\/ul>\n","protected":false},"featured_media":76508,"template":"","meta":[],"pwb-brand":[7845],"product_brand":[7846],"product_cat":[7651,7155,7167],"product_tag":[],"class_list":{"0":"post-76510","1":"product","2":"type-product","3":"status-publish","4":"has-post-thumbnail","6":"pwb-brand-naturadog","7":"product_brand-naturadog","8":"product_cat-snacks","9":"product_cat-chiens","10":"product_cat-tous","11":"pa_brand-naturadog","12":"pa_eigenschaften-monoproteine","13":"pa_eigenschaften-sans-gluten","14":"pa_geschmack-boeuf","15":"pa_haustier-chien-2","16":"pa_marke-naturadog","17":"pa_spezialeigenschaft-viande-suisse","18":"pa_ursprungsland-suisse","19":"pa_z_cat2-hundefutter","21":"first","22":"instock","23":"taxable","24":"shipping-taxable","25":"purchasable","26":"product-type-simple"},"brands":[{"id":7845,"name":"naturaDOG","slug":"naturadog"}],"meta_box":{"lieferant":"Businesscom","lieferanten_email":"","produktzusammensetzung":"","restock_quantities_galaxus":"5","galaxus_restock_time":"21","galaxus_restock_date":"","galaxus_preis":"","export":"Nein","signalwort":[],"gefahrenpiktogramm":[],"gefahrenhinweise":[]},"_links":{"self":[{"href":"https:\/\/dadorana.ch\/fr\/wp-json\/wp\/v2\/product\/76510","targetHints":{"allow":["GET"]}}],"collection":[{"href":"https:\/\/dadorana.ch\/fr\/wp-json\/wp\/v2\/product"}],"about":[{"href":"https:\/\/dadorana.ch\/fr\/wp-json\/wp\/v2\/types\/product"}],"version-history":[{"count":3,"href":"https:\/\/dadorana.ch\/fr\/wp-json\/wp\/v2\/product\/76510\/revisions"}],"predecessor-version":[{"id":76519,"href":"https:\/\/dadorana.ch\/fr\/wp-json\/wp\/v2\/product\/76510\/revisions\/76519"}],"wp:featuredmedia":[{"embeddable":true,"href":"https:\/\/dadorana.ch\/fr\/wp-json\/wp\/v2\/media\/76508"}],"wp:attachment":[{"href":"https:\/\/dadorana.ch\/fr\/wp-json\/wp\/v2\/media?parent=76510"}],"wp:term":[{"taxonomy":"pwb-brand","embeddable":true,"href":"https:\/\/dadorana.ch\/fr\/wp-json\/wp\/v2\/pwb-brand?post=76510"},{"taxonomy":"product_brand","embeddable":true,"href":"https:\/\/dadorana.ch\/fr\/wp-json\/wp\/v2\/product_brand?post=76510"},{"taxonomy":"product_cat","embeddable":true,"href":"https:\/\/dadorana.ch\/fr\/wp-json\/wp\/v2\/product_cat?post=76510"},{"taxonomy":"product_tag","embeddable":true,"href":"https:\/\/dadorana.ch\/fr\/wp-json\/wp\/v2\/product_tag?post=76510"}],"curies":[{"name":"wp","href":"https:\/\/api.w.org\/{rel}","templated":true}]}}