{"id":76523,"date":"2026-04-16T17:15:38","date_gmt":"2026-04-16T15:15:38","guid":{"rendered":"https:\/\/dadorana.ch\/produkt\/naturadog-lieblings-creme-poulet\/"},"modified":"2026-04-18T19:06:12","modified_gmt":"2026-04-18T17:06:12","slug":"naturadog-creme-favorite-au-poulet","status":"publish","type":"product","link":"https:\/\/dadorana.ch\/fr\/produit\/naturadog-creme-favorite-au-poulet\/","title":{"rendered":"naturaDog Cr\u00e8me favorite au poulet"},"content":{"rendered":"<p><strong>Le compl\u00e9ment parfait pour l&rsquo;entra\u00eenement en d\u00e9placement<\/strong><br \/>La cr\u00e8me pr\u00e9f\u00e9r\u00e9e Poulet de naturaDOG est le compagnon id\u00e9al pour vous et votre chien lorsque vous \u00eates en d\u00e9placement. Gr\u00e2ce \u00e0 sa taille compacte, elle se glisse facilement dans n&rsquo;importe quelle poche de veste ou de pantalon. Le couvercle \u00e0 vis pratique permet un dosage facile et propre, ce qui la rend id\u00e9ale comme en-cas pendant l&rsquo;entra\u00eenement ou comme r\u00e9compense lors de l&rsquo;\u00e9ducation.<\/p>\n<p><strong>Application pratique pour une r\u00e9compense sans stress<\/strong><br \/>Avec la cr\u00e8me pr\u00e9f\u00e9r\u00e9e Poulet de naturaDOG, r\u00e9compenser votre chien devient un jeu d&rsquo;enfant. Le couvercle \u00e0 vis int\u00e9gr\u00e9 assure que la cr\u00e8me reste toujours fra\u00eeche et bien ferm\u00e9e. Ainsi, vous pouvez offrir \u00e0 votre chien un en-cas savoureux \u00e0 tout moment, sans risquer de vous salir les mains ou les poches. Cette fonction pratique fait de la cr\u00e8me un outil indispensable pour chaque promenade ou entra\u00eenement.<\/p>\n<p><strong>Snack polyvalent pour des chiens heureux<\/strong><br \/>La cr\u00e8me pr\u00e9f\u00e9r\u00e9e Poulet de naturaDOG n&rsquo;est pas seulement facile \u00e0 utiliser, mais aussi polyvalente. Que ce soit comme incitation pour de nouveaux tours ou comme r\u00e9compense imm\u00e9diate pour un bon comportement \u2013 la cr\u00e8me convient parfaitement pour toutes les occasions. Avec son d\u00e9licieux go\u00fbt de poulet, elle deviendra rapidement le snack pr\u00e9f\u00e9r\u00e9 de votre chien et vous aidera \u00e0 cr\u00e9er un environnement d&rsquo;entra\u00eenement positif et r\u00e9ussi.<\/p>\n","protected":false},"excerpt":{"rendered":"<ul>\n<li><span style=\"color: #ff8800;\">Taille pratique pour les d\u00e9placements<\/span><\/li>\n<li><span style=\"color: #ff8800;\">Bouchon rotatif int\u00e9gr\u00e9 pour un dosage propre<\/span><\/li>\n<li><span style=\"color: #ff8800;\">Id\u00e9al comme motivation lors de l&rsquo;entra\u00eenement<\/span><\/li>\n<li><span style=\"color: #ff8800;\">Parfait comme r\u00e9compense lors de l&rsquo;\u00e9ducation<\/span><\/li>\n<li><span style=\"color: #ff8800;\">Convient aux poches de vestes ou de pantalons<\/span><\/li>\n<\/ul>\n","protected":false},"featured_media":76544,"template":"","meta":[],"pwb-brand":[7845],"product_brand":[7846],"product_cat":[7651,7155,7167],"product_tag":[],"class_list":{"0":"post-76523","1":"product","2":"type-product","3":"status-publish","4":"has-post-thumbnail","6":"pwb-brand-naturadog","7":"product_brand-naturadog","8":"product_cat-snacks","9":"product_cat-chiens","10":"product_cat-tous","11":"pa_brand-naturadog","12":"pa_marke-naturadog","13":"pa_z_cat2-hundefutter","15":"first","16":"instock","17":"taxable","18":"shipping-taxable","19":"purchasable","20":"product-type-simple"},"brands":[{"id":7845,"name":"naturaDOG","slug":"naturadog"}],"meta_box":{"lieferant":"Businesscom","lieferanten_email":"","produktzusammensetzung":"","restock_quantities_galaxus":"5","galaxus_restock_time":"21","galaxus_restock_date":"","galaxus_preis":"","export":"Nein","signalwort":[],"gefahrenpiktogramm":[],"gefahrenhinweise":[]},"_links":{"self":[{"href":"https:\/\/dadorana.ch\/fr\/wp-json\/wp\/v2\/product\/76523","targetHints":{"allow":["GET"]}}],"collection":[{"href":"https:\/\/dadorana.ch\/fr\/wp-json\/wp\/v2\/product"}],"about":[{"href":"https:\/\/dadorana.ch\/fr\/wp-json\/wp\/v2\/types\/product"}],"version-history":[{"count":3,"href":"https:\/\/dadorana.ch\/fr\/wp-json\/wp\/v2\/product\/76523\/revisions"}],"predecessor-version":[{"id":76774,"href":"https:\/\/dadorana.ch\/fr\/wp-json\/wp\/v2\/product\/76523\/revisions\/76774"}],"wp:featuredmedia":[{"embeddable":true,"href":"https:\/\/dadorana.ch\/fr\/wp-json\/wp\/v2\/media\/76544"}],"wp:attachment":[{"href":"https:\/\/dadorana.ch\/fr\/wp-json\/wp\/v2\/media?parent=76523"}],"wp:term":[{"taxonomy":"pwb-brand","embeddable":true,"href":"https:\/\/dadorana.ch\/fr\/wp-json\/wp\/v2\/pwb-brand?post=76523"},{"taxonomy":"product_brand","embeddable":true,"href":"https:\/\/dadorana.ch\/fr\/wp-json\/wp\/v2\/product_brand?post=76523"},{"taxonomy":"product_cat","embeddable":true,"href":"https:\/\/dadorana.ch\/fr\/wp-json\/wp\/v2\/product_cat?post=76523"},{"taxonomy":"product_tag","embeddable":true,"href":"https:\/\/dadorana.ch\/fr\/wp-json\/wp\/v2\/product_tag?post=76523"}],"curies":[{"name":"wp","href":"https:\/\/api.w.org\/{rel}","templated":true}]}}