{"id":76531,"date":"2026-04-17T12:25:07","date_gmt":"2026-04-17T10:25:07","guid":{"rendered":"https:\/\/dadorana.ch\/produkt\/in-fluence-anti-worm-snack-huhn\/"},"modified":"2026-04-18T12:21:04","modified_gmt":"2026-04-18T10:21:04","slug":"in-fluence-anti-worm-snack-poulet","status":"publish","type":"product","link":"https:\/\/dadorana.ch\/fr\/produit\/in-fluence-anti-worm-snack-poulet\/","title":{"rendered":"In\u200b-\u200bFluence Anti-Worm Snack poulet"},"content":{"rendered":"<p>Le\u00a0<strong>snack In-Fluence Anti-Worm<\/strong>\u00a0est une r\u00e9compense fonctionnelle qui favorise l&rsquo;\u00e9quilibre intestinal naturel des chiens. La recette soigneusement adapt\u00e9e combine de la viande de poulet de qualit\u00e9 sup\u00e9rieure avec des composants v\u00e9g\u00e9taux s\u00e9lectionn\u00e9s et convient parfaitement comme snack compl\u00e9mentaire au quotidien.<\/p>\n<p>Avec\u00a0<strong>62,0 % de viande de poulet<\/strong>, ce snack est tr\u00e8s bien accept\u00e9. Les graines de nigelle, les carottes ainsi que l&rsquo;artemisia absinthium (absinthe) et l&rsquo;ail compl\u00e8tent judicieusement la recette. Cette combinaison favorise un milieu intestinal \u00e9quilibr\u00e9 et peut contribuer \u00e0 la d\u00e9fense naturelle contre les agressions ind\u00e9sirables.<\/p>\n<p>Le snack est\u00a0<strong>sans c\u00e9r\u00e9ales et sans soja<\/strong>, ce qui le rend particuli\u00e8rement bien tol\u00e9r\u00e9. Fabriqu\u00e9 en Suisse\u00a0<strong>avec de la viande suisse\u00a0<\/strong>, il est synonyme de qualit\u00e9 contr\u00f4l\u00e9e et de production soign\u00e9e.<\/p>\n<p><strong>Avantages :<\/strong><\/p>\n<ul>\n<li>Soutient l&rsquo;\u00e9quilibre intestinal naturel<\/li>\n<li>Avec 62,0 % de viande de poulet<\/li>\n<li>Sans c\u00e9r\u00e9ales et sans soja<\/li>\n<li>Avec des graines de nigelle, des carottes et de l&rsquo;absinthe<\/li>\n<li>Fabriqu\u00e9 en Suisse<\/li>\n<\/ul>\n","protected":false},"excerpt":{"rendered":"<p><strong><span style=\"color: #ff8800;\">Friandise pour chiens sans c\u00e9r\u00e9ales, \u00e0 base de viande suisse, pour favoriser la d\u00e9fense contre les vers :<\/span><\/strong><\/p>\n<ul>\n<li><span style=\"color: #ff8800;\">Sans c\u00e9r\u00e9ales ni soja<\/span><\/li>\n<li><span style=\"color: #ff8800;\">R\u00e9gule le transit intestinal<\/span><\/li>\n<li><span style=\"color: #ff8800;\">Recommand\u00e9 par les v\u00e9t\u00e9rinaires<\/span><\/li>\n<\/ul>\n","protected":false},"featured_media":76529,"template":"","meta":[],"pwb-brand":[7880],"product_brand":[7883],"product_cat":[7651,7155,7167],"product_tag":[],"class_list":{"0":"post-76531","1":"product","2":"type-product","3":"status-publish","4":"has-post-thumbnail","6":"pwb-brand-in-fluence","7":"product_brand-in-fluence","8":"product_cat-snacks","9":"product_cat-chiens","10":"product_cat-tous","11":"pa_brand-in-fluence","12":"pa_eigenschaften-sans-ble","13":"pa_eigenschaften-sans-cereales","14":"pa_eigenschaften-sans-gluten","15":"pa_geschmack-poulet","16":"pa_haustier-chien-2","17":"pa_marke-in-fluence","18":"pa_spezialeigenschaft-viande-suisse","19":"pa_ursprungsland-suisse","20":"pa_z_cat2-hundefutter","22":"first","23":"instock","24":"taxable","25":"shipping-taxable","26":"purchasable","27":"product-type-simple"},"brands":[{"id":7880,"name":"In-Fluence","slug":"in-fluence"}],"meta_box":{"lieferant":"Businesscom","lieferanten_email":"","produktzusammensetzung":"","restock_quantities_galaxus":"5","galaxus_restock_time":"21","galaxus_restock_date":"","galaxus_preis":"","export":"Nein","signalwort":[],"gefahrenpiktogramm":[],"gefahrenhinweise":[]},"_links":{"self":[{"href":"https:\/\/dadorana.ch\/fr\/wp-json\/wp\/v2\/product\/76531","targetHints":{"allow":["GET"]}}],"collection":[{"href":"https:\/\/dadorana.ch\/fr\/wp-json\/wp\/v2\/product"}],"about":[{"href":"https:\/\/dadorana.ch\/fr\/wp-json\/wp\/v2\/types\/product"}],"version-history":[{"count":2,"href":"https:\/\/dadorana.ch\/fr\/wp-json\/wp\/v2\/product\/76531\/revisions"}],"predecessor-version":[{"id":76534,"href":"https:\/\/dadorana.ch\/fr\/wp-json\/wp\/v2\/product\/76531\/revisions\/76534"}],"wp:featuredmedia":[{"embeddable":true,"href":"https:\/\/dadorana.ch\/fr\/wp-json\/wp\/v2\/media\/76529"}],"wp:attachment":[{"href":"https:\/\/dadorana.ch\/fr\/wp-json\/wp\/v2\/media?parent=76531"}],"wp:term":[{"taxonomy":"pwb-brand","embeddable":true,"href":"https:\/\/dadorana.ch\/fr\/wp-json\/wp\/v2\/pwb-brand?post=76531"},{"taxonomy":"product_brand","embeddable":true,"href":"https:\/\/dadorana.ch\/fr\/wp-json\/wp\/v2\/product_brand?post=76531"},{"taxonomy":"product_cat","embeddable":true,"href":"https:\/\/dadorana.ch\/fr\/wp-json\/wp\/v2\/product_cat?post=76531"},{"taxonomy":"product_tag","embeddable":true,"href":"https:\/\/dadorana.ch\/fr\/wp-json\/wp\/v2\/product_tag?post=76531"}],"curies":[{"name":"wp","href":"https:\/\/api.w.org\/{rel}","templated":true}]}}