{"id":76623,"date":"2026-04-17T22:30:24","date_gmt":"2026-04-17T20:30:24","guid":{"rendered":"https:\/\/dadorana.ch\/produkt\/in-fluence-spot-on-parasitenschutz-hund\/"},"modified":"2026-04-18T18:55:12","modified_gmt":"2026-04-18T16:55:12","slug":"in-fluence-spot-on-protection-antiparasitaire-pour-chiens","status":"publish","type":"product","link":"https:\/\/dadorana.ch\/fr\/produit\/in-fluence-spot-on-protection-antiparasitaire-pour-chiens\/","title":{"rendered":"In\u200b-\u200bFluence Spot\u200b-\u200bOn Protection antiparasitaire pour chiens"},"content":{"rendered":"<p><strong>Protection anti-tiques et anti-puces pour chiens<\/strong><\/p>\n<p>Les trois principes actifs r\u00e9pulsifs \u2014 l&rsquo;icaridine, l&rsquo;huile d&rsquo;eucalyptus citronn\u00e9 et le g\u00e9raniol \u2014 sont formul\u00e9s de fa\u00e7on innovante et associ\u00e9s \u00e0 de l&rsquo;huile de coco pr\u00e9cieuse pour prot\u00e9ger efficacement votre chien contre les tiques et les puces. Une seule application assure jusqu&rsquo;\u00e0 quatre semaines de protection.<\/p>\n<p><strong>Remarque\u00a0:<\/strong> En cas d&rsquo;infestation de puces d\u00e9j\u00e0 pr\u00e9sente, appliquez un traitement v\u00e9t\u00e9rinaire au pr\u00e9alable. Ne pas utiliser sur les femelles gestantes ou allaitantes, ni sur les chiots de moins de 12\u00a0semaines.<\/p>\n<p><strong>Application\u00a0:<\/strong> Tenez le tube verticalement et tournez le bouchon pour ouvrir l&rsquo;opercule. \u00c9cartez les poils et appliquez le contenu directement sur la peau, au niveau de la nuque et de la base de la queue. Ne pas appliquer sur le pelage ni faire p\u00e9n\u00e9trer en massant. Ne pas toucher la zone d&rsquo;application pendant le s\u00e9chage. Conserver \u00e0 temp\u00e9rature ambiante (15\u201325\u00a0\u00b0C).<\/p>\n<p><strong>Disponible en sachets individuels (1 application = jusqu&rsquo;\u00e0 4 semaines de protection) ou en bo\u00eetes de 3 (3 applications = jusqu&rsquo;\u00e0 12 semaines de protection)\u00a0:<\/strong><\/p>\n<ul>\n<li><strong>Taille XS\u00a0:<\/strong> Pour les chiens de 2 \u00e0 6 kg \/ 1 x 0,7 ml ou 3 x 0,7 ml<\/li>\n<li><strong>Taille S\u00a0:<\/strong> Pour les chiens de 6 \u00e0 15 kg \/ 1 x 1,3 ml ou 3 x 1,3 ml<\/li>\n<li><strong>Taille M\u00a0:<\/strong> Pour les chiens de 15 \u00e0 30 kg \/ 1 x 2,2 ml ou 3 x 2,2 ml<\/li>\n<li><strong>Taille L\u00a0:<\/strong> Pour les chiens de 30 \u00e0 50\u00a0kg \/ 1 x 3,2\u00a0ml ou 3 x 3,2\u00a0ml<\/li>\n<\/ul>\n","protected":false},"excerpt":{"rendered":"<p><span style=\"color: #ff8800;\"><strong>Spot-On pour chiens avec la substance active Icaridin contre les tiques et les puces :<\/strong><\/span><\/p>\n<ul>\n<li><span style=\"color: #ff8800;\">Pour chiens de 2 \u00e0 50 kg (disponible en plusieurs formats)<\/span><\/li>\n<li><span style=\"color: #ff8800;\">\u00c0 base d&rsquo;icaridine, d&rsquo;eucalyptus citronn\u00e9, d&rsquo;huile de coco, de g\u00e9raniol et de vitamine E<\/span><\/li>\n<li><span style=\"color: #ff8800;\">Une seule application offre jusqu&rsquo;\u00e0 4 semaines de protection<\/span><\/li>\n<li><span style=\"color: #ff8800;\">Disponible \u00e0 l&rsquo;unit\u00e9 ou par lot de 3<\/span><\/li>\n<\/ul>\n<p>&nbsp;<\/p>\n","protected":false},"featured_media":76615,"template":"","meta":[],"pwb-brand":[7880],"product_brand":[7883],"product_cat":[7360,7155,7167],"product_tag":[],"class_list":{"0":"post-76623","1":"product","2":"type-product","3":"status-publish","4":"has-post-thumbnail","6":"pwb-brand-in-fluence","7":"product_brand-in-fluence","8":"product_cat-produits-de-soins","9":"product_cat-chiens","10":"product_cat-tous","11":"pa_brand-in-fluence","12":"pa_eigenschaften-pflegeprodukte-protection-antiparasitaire","13":"pa_haustier-chien-2","14":"pa_marke-in-fluence","15":"pa_ursprungsland-allemagne","16":"pa_z_cat2-pflege","18":"first","19":"instock","20":"taxable","21":"shipping-taxable","22":"purchasable","23":"product-type-variable"},"brands":[{"id":7880,"name":"In-Fluence","slug":"in-fluence"}],"meta_box":{"lieferant":"Businesscom","lieferanten_email":"","produktzusammensetzung":"","restock_quantities_galaxus":"5","galaxus_restock_time":"21","galaxus_restock_date":"","galaxus_preis":"","export":"Nein","signalwort":[],"gefahrenpiktogramm":[],"gefahrenhinweise":[],"url_sicherheitdsdatenblatt":""},"_links":{"self":[{"href":"https:\/\/dadorana.ch\/fr\/wp-json\/wp\/v2\/product\/76623","targetHints":{"allow":["GET"]}}],"collection":[{"href":"https:\/\/dadorana.ch\/fr\/wp-json\/wp\/v2\/product"}],"about":[{"href":"https:\/\/dadorana.ch\/fr\/wp-json\/wp\/v2\/types\/product"}],"version-history":[{"count":3,"href":"https:\/\/dadorana.ch\/fr\/wp-json\/wp\/v2\/product\/76623\/revisions"}],"predecessor-version":[{"id":76764,"href":"https:\/\/dadorana.ch\/fr\/wp-json\/wp\/v2\/product\/76623\/revisions\/76764"}],"wp:featuredmedia":[{"embeddable":true,"href":"https:\/\/dadorana.ch\/fr\/wp-json\/wp\/v2\/media\/76615"}],"wp:attachment":[{"href":"https:\/\/dadorana.ch\/fr\/wp-json\/wp\/v2\/media?parent=76623"}],"wp:term":[{"taxonomy":"pwb-brand","embeddable":true,"href":"https:\/\/dadorana.ch\/fr\/wp-json\/wp\/v2\/pwb-brand?post=76623"},{"taxonomy":"product_brand","embeddable":true,"href":"https:\/\/dadorana.ch\/fr\/wp-json\/wp\/v2\/product_brand?post=76623"},{"taxonomy":"product_cat","embeddable":true,"href":"https:\/\/dadorana.ch\/fr\/wp-json\/wp\/v2\/product_cat?post=76623"},{"taxonomy":"product_tag","embeddable":true,"href":"https:\/\/dadorana.ch\/fr\/wp-json\/wp\/v2\/product_tag?post=76623"}],"curies":[{"name":"wp","href":"https:\/\/api.w.org\/{rel}","templated":true}]}}