{"id":76648,"date":"2026-04-17T12:20:53","date_gmt":"2026-04-17T10:20:53","guid":{"rendered":"https:\/\/dadorana.ch\/produkt\/in-fluence-anti-parasit-snack-huhn\/"},"modified":"2026-04-18T12:22:54","modified_gmt":"2026-04-18T10:22:54","slug":"in-fluence-anti-parasit-snack-poulet","status":"publish","type":"product","link":"https:\/\/dadorana.ch\/fr\/produit\/in-fluence-anti-parasit-snack-poulet\/","title":{"rendered":"In\u200b-\u200bFluence Anti-Parasit Snack poulet"},"content":{"rendered":"<p>Le\u00a0<strong>snack antiparasitaire In-Fluence au poulet<\/strong>\u00a0est une friandise compl\u00e9mentaire fonctionnelle pour chiens, id\u00e9ale comme\u00a0<strong>r\u00e9compense \u00e0 valeur ajout\u00e9e<\/strong>, notamment pendant la p\u00e9riode des tiques. La recette s\u00e9lectionn\u00e9e soutient la d\u00e9fense naturelle contre les tiques et autres parasites de mani\u00e8re douce.<\/p>\n<p>La combinaison de graines de nigelle, de flocons de noix de coco, d&rsquo;ail et d&rsquo;herbes aromatiques compl\u00e8te judicieusement l&rsquo;alimentation quotidienne. En m\u00eame temps, le snack convainc par sa bonne tol\u00e9rance, car il est\u00a0<strong>exempt de c\u00e9r\u00e9ales et de soja<\/strong>. Fabriqu\u00e9 en Suisse avec de la viande suisse, ce produit est synonyme de qualit\u00e9 et de traitement soign\u00e9.<\/p>\n<p>Gr\u00e2ce \u00e0 leur forme de pr\u00e9sentation pratique, les friandises conviennent aussi bien comme r\u00e9compense au quotidien que pour \u00eatre ajout\u00e9es \u00e0 la Nourriture.<\/p>\n<p><strong>Avantages :<\/strong><\/p>\n<ul>\n<li>Contribue \u00e0 la d\u00e9fense naturelle contre les tiques et les parasites<\/li>\n<li>Avec des graines de nigelle, des flocons de noix de coco et des herbes<\/li>\n<li>Sans c\u00e9r\u00e9ales et sans soja<\/li>\n<li>Fabriqu\u00e9 en Suisse avec de la viande suisse<\/li>\n<li>Convient \u00e0 toutes les races<\/li>\n<\/ul>\n","protected":false},"excerpt":{"rendered":"<p><strong><span style=\"color: #ff8800;\">Friandise pour chiens sans c\u00e9r\u00e9ales, \u00e0 base de viande suisse, pour aider \u00e0 lutter contre les parasites :<\/span><\/strong><\/p>\n<ul>\n<li><span style=\"color: #ff8800;\">Sans c\u00e9r\u00e9ales ni soja<\/span><\/li>\n<li><span style=\"color: #ff8800;\">Une collation id\u00e9ale pendant la saison des tiques<\/span><\/li>\n<li><span style=\"color: #ff8800;\">Fabriqu\u00e9 en Suisse avec de la viande suisse<\/span><\/li>\n<\/ul>\n","protected":false},"featured_media":76646,"template":"","meta":[],"pwb-brand":[7880],"product_brand":[7883],"product_cat":[7651,7155,7167],"product_tag":[],"class_list":{"0":"post-76648","1":"product","2":"type-product","3":"status-publish","4":"has-post-thumbnail","6":"pwb-brand-in-fluence","7":"product_brand-in-fluence","8":"product_cat-snacks","9":"product_cat-chiens","10":"product_cat-tous","11":"pa_brand-in-fluence","12":"pa_eigenschaften-sans-ble","13":"pa_eigenschaften-sans-cereales","14":"pa_eigenschaften-sans-gluten","15":"pa_eigenschaften-semi-humide","16":"pa_geschmack-poulet","17":"pa_haustier-chien-2","18":"pa_marke-in-fluence","19":"pa_spezialeigenschaft-viande-suisse","20":"pa_z_cat2-hundefutter","22":"first","23":"instock","24":"taxable","25":"shipping-taxable","26":"purchasable","27":"product-type-simple"},"brands":[{"id":7880,"name":"In-Fluence","slug":"in-fluence"}],"meta_box":{"lieferant":"Businesscom","lieferanten_email":"","produktzusammensetzung":"","restock_quantities_galaxus":"5","galaxus_restock_time":"21","galaxus_restock_date":"","galaxus_preis":"","export":"Nein","signalwort":[],"gefahrenpiktogramm":[],"gefahrenhinweise":[]},"_links":{"self":[{"href":"https:\/\/dadorana.ch\/fr\/wp-json\/wp\/v2\/product\/76648","targetHints":{"allow":["GET"]}}],"collection":[{"href":"https:\/\/dadorana.ch\/fr\/wp-json\/wp\/v2\/product"}],"about":[{"href":"https:\/\/dadorana.ch\/fr\/wp-json\/wp\/v2\/types\/product"}],"version-history":[{"count":2,"href":"https:\/\/dadorana.ch\/fr\/wp-json\/wp\/v2\/product\/76648\/revisions"}],"predecessor-version":[{"id":76651,"href":"https:\/\/dadorana.ch\/fr\/wp-json\/wp\/v2\/product\/76648\/revisions\/76651"}],"wp:featuredmedia":[{"embeddable":true,"href":"https:\/\/dadorana.ch\/fr\/wp-json\/wp\/v2\/media\/76646"}],"wp:attachment":[{"href":"https:\/\/dadorana.ch\/fr\/wp-json\/wp\/v2\/media?parent=76648"}],"wp:term":[{"taxonomy":"pwb-brand","embeddable":true,"href":"https:\/\/dadorana.ch\/fr\/wp-json\/wp\/v2\/pwb-brand?post=76648"},{"taxonomy":"product_brand","embeddable":true,"href":"https:\/\/dadorana.ch\/fr\/wp-json\/wp\/v2\/product_brand?post=76648"},{"taxonomy":"product_cat","embeddable":true,"href":"https:\/\/dadorana.ch\/fr\/wp-json\/wp\/v2\/product_cat?post=76648"},{"taxonomy":"product_tag","embeddable":true,"href":"https:\/\/dadorana.ch\/fr\/wp-json\/wp\/v2\/product_tag?post=76648"}],"curies":[{"name":"wp","href":"https:\/\/api.w.org\/{rel}","templated":true}]}}