{"id":76727,"date":"2026-04-17T23:15:20","date_gmt":"2026-04-17T21:15:20","guid":{"rendered":"https:\/\/dadorana.ch\/produkt\/in-fluence-spot-on-parasitenschutz-fuer-katzen\/"},"modified":"2026-04-18T15:00:29","modified_gmt":"2026-04-18T13:00:29","slug":"in-fluence-spot-on-traitement-antiparasitaire-pour-chats","status":"publish","type":"product","link":"https:\/\/dadorana.ch\/fr\/produit\/in-fluence-spot-on-traitement-antiparasitaire-pour-chats\/","title":{"rendered":"In\u200b-\u200bFluence Spot\u200b-\u200bOn traitement antiparasitaire pour chats"},"content":{"rendered":"<p><strong>In-Fluence Spot-On Singlepack Uni Size<\/strong>\u00a0offre une\u00a0<strong>protection<\/strong>\u00a0fiable\u00a0<strong>contre les tiques et les puces<\/strong>\u00a0pour les chats de\u00a0<strong>2 \u00e0 8 kg<\/strong>. La combinaison soigneusement adapt\u00e9e de substances actives avec\u00a0<strong>de l&rsquo;icaridine, de l&rsquo;huile d&rsquo;eucalyptus citronn\u00e9 et du g\u00e9raniol<\/strong>, compl\u00e9t\u00e9e par\u00a0<strong>de l&rsquo;huile de coco et de la vitamine E<\/strong>, prot\u00e8ge efficacement votre chat contre les parasites<\/p>\n<p><strong>Une seule application<\/strong>\u00a0suffit \u00e0\u00a0<strong>prot\u00e9ger jusqu&rsquo;\u00e0 4 semaines<\/strong>. La solution s&rsquo;applique directement sur la peau du cou et se r\u00e9partit uniform\u00e9ment. Id\u00e9al pour une prophylaxie antiparasitaire simple et efficace<\/p>\n<p><strong>Avantages :<\/strong><\/p>\n<ul>\n<li><strong>Jusqu&rsquo;\u00e0 4 semaines de protection<\/strong>\u00a0contre les tiques et les puces<\/li>\n<li>Convient aux\u00a0<strong>chats de 2 \u00e0 8 kg<\/strong><\/li>\n<li>Avec\u00a0<strong>de l&rsquo;icaridine, de l&rsquo;huile d&rsquo;eucalyptus citronn\u00e9 et du g\u00e9raniol<\/strong><\/li>\n<li>Compl\u00e9t\u00e9 par\u00a0<strong>de l&rsquo;huile de coco et de la vitamine E<\/strong><\/li>\n<li><strong>Application spot-on<\/strong>\u00a0facile au niveau de la nuque<\/li>\n<\/ul>\n","protected":false},"excerpt":{"rendered":"<p><span style=\"color: #ff8800;\"><strong>Spot-On f\u00fcr Katzen f\u00fcr bis zu 4 Wochen Schutz vor Zecken und Fl\u00f6hen:<\/strong><\/span><\/p>\n<ul>\n<li><span style=\"color: #ff8800;\">Mit Icaridin, Zitrone-Eukalyptus, Kokos\u00f6l Geraniol und Vitamin E<\/span><\/li>\n<li><span style=\"color: #ff8800;\">Eine Anwendung bietet bis zu 4 Wochen Schutz (im Singlepack oder 3-er Pack erh\u00e4ltlich)<\/span><\/li>\n<li><span style=\"color: #ff8800;\">Zecken und Flohschutz f\u00fcr Katzen zwischen 2-8kg<\/span><\/li>\n<li><span style=\"color: #ff8800;\">Uni Size<\/span><\/li>\n<\/ul>\n","protected":false},"featured_media":76724,"template":"","meta":[],"pwb-brand":[7880],"product_brand":[7883],"product_cat":[7272,7238,7167],"product_tag":[],"class_list":{"0":"post-76727","1":"product","2":"type-product","3":"status-publish","4":"has-post-thumbnail","6":"pwb-brand-in-fluence","7":"product_brand-in-fluence","8":"product_cat-produits-de-soin-chats","9":"product_cat-chats","10":"product_cat-tous","11":"pa_brand-in-fluence","12":"pa_eigenschaften-pflegeprodukte-protection-antiparasitaire","13":"pa_haustier-chat","14":"pa_marke-in-fluence","15":"pa_ursprungsland-allemagne","16":"pa_z_cat2-pflege","18":"first","19":"instock","20":"taxable","21":"shipping-taxable","22":"purchasable","23":"product-type-variable"},"brands":[{"id":7880,"name":"In-Fluence","slug":"in-fluence"}],"meta_box":{"lieferant":"Eigenlager (Da Dorana)","lieferanten_email":"","produktzusammensetzung":"","restock_quantities_galaxus":"5","galaxus_restock_time":"21","galaxus_restock_date":"","galaxus_preis":"","export":"","signalwort":[],"gefahrenpiktogramm":[],"gefahrenhinweise":[]},"_links":{"self":[{"href":"https:\/\/dadorana.ch\/fr\/wp-json\/wp\/v2\/product\/76727","targetHints":{"allow":["GET"]}}],"collection":[{"href":"https:\/\/dadorana.ch\/fr\/wp-json\/wp\/v2\/product"}],"about":[{"href":"https:\/\/dadorana.ch\/fr\/wp-json\/wp\/v2\/types\/product"}],"version-history":[{"count":2,"href":"https:\/\/dadorana.ch\/fr\/wp-json\/wp\/v2\/product\/76727\/revisions"}],"predecessor-version":[{"id":76731,"href":"https:\/\/dadorana.ch\/fr\/wp-json\/wp\/v2\/product\/76727\/revisions\/76731"}],"wp:featuredmedia":[{"embeddable":true,"href":"https:\/\/dadorana.ch\/fr\/wp-json\/wp\/v2\/media\/76724"}],"wp:attachment":[{"href":"https:\/\/dadorana.ch\/fr\/wp-json\/wp\/v2\/media?parent=76727"}],"wp:term":[{"taxonomy":"pwb-brand","embeddable":true,"href":"https:\/\/dadorana.ch\/fr\/wp-json\/wp\/v2\/pwb-brand?post=76727"},{"taxonomy":"product_brand","embeddable":true,"href":"https:\/\/dadorana.ch\/fr\/wp-json\/wp\/v2\/product_brand?post=76727"},{"taxonomy":"product_cat","embeddable":true,"href":"https:\/\/dadorana.ch\/fr\/wp-json\/wp\/v2\/product_cat?post=76727"},{"taxonomy":"product_tag","embeddable":true,"href":"https:\/\/dadorana.ch\/fr\/wp-json\/wp\/v2\/product_tag?post=76727"}],"curies":[{"name":"wp","href":"https:\/\/api.w.org\/{rel}","templated":true}]}}