{"id":76780,"date":"2026-04-16T17:16:26","date_gmt":"2026-04-16T15:16:26","guid":{"rendered":"https:\/\/dadorana.ch\/?post_type=product&#038;p=76780"},"modified":"2026-04-18T19:24:30","modified_gmt":"2026-04-18T17:24:30","slug":"naturadog-creme-favorite-au-saumon","status":"publish","type":"product","link":"https:\/\/dadorana.ch\/fr\/produit\/naturadog-creme-favorite-au-saumon\/","title":{"rendered":"naturaDOG Cr\u00e8me favorite au saumon"},"content":{"rendered":"<p><strong>Compagnons pratiques pour la formation de votre chien<\/strong><br \/>La cr\u00e8me pr\u00e9f\u00e9r\u00e9e au saumon naturaDOG 100 g est l&rsquo;en-cas id\u00e9al pour les d\u00e9placements. Gr\u00e2ce \u00e0 sa taille pratique, elle se glisse facilement dans n&rsquo;importe quelle poche de veste ou de pantalon. Le bouchon rotatif int\u00e9gr\u00e9 permet un portionnement propre et une fermeture sans probl\u00e8me, ce qui en fait le compagnon parfait pour l&rsquo;entra\u00eenement ou comme r\u00e9compense lors de l&rsquo;\u00e9ducation de votre chien.<\/p>\n<p><strong>Portionnement facile pour l&rsquo;en-cas parfait<\/strong><br \/>Avec la cr\u00e8me pr\u00e9f\u00e9r\u00e9e au saumon naturaDOG, le portionnement des friandises est un jeu d&rsquo;enfant. L&#8217;emballage pratique vous permet de fournir \u00e0 tout moment l&rsquo;en-cas optimal pour votre chien. Que ce soit pour l&rsquo;entra\u00eenement ou comme petite attention entre deux, la cr\u00e8me est facile \u00e0 doser et assure un succ\u00e8s d&rsquo;entra\u00eenement efficace.<\/p>\n<p><strong>Hygi\u00e9nique et propre gr\u00e2ce \u00e0 un bouchon rotatif bien pens\u00e9<\/strong><br \/>Le bouchon rotatif innovant de la cr\u00e8me pr\u00e9f\u00e9r\u00e9e naturaDOG vous permet de non seulement stocker la cr\u00e8me de mani\u00e8re propre, mais aussi de l&rsquo;utiliser de mani\u00e8re hygi\u00e9nique. Le bouchon emp\u00eache les fuites et garantit que la cr\u00e8me reste fra\u00eeche. Ainsi, r\u00e9compenser votre chien devient non seulement facile, mais aussi propre \u2013 id\u00e9al pour une utilisation quotidienne et en d\u00e9placement.<\/p>\n","protected":false},"excerpt":{"rendered":"<ul>\n<li><span style=\"color: #ff8800;\">Taille pratique pour les d\u00e9placements<\/span><\/li>\n<li><span style=\"color: #ff8800;\">Fermeture \u00e0 vis int\u00e9gr\u00e9e pour la propret\u00e9<\/span><\/li>\n<li><span style=\"color: #ff8800;\">Facilement portionnable pour le succ\u00e8s de l&rsquo;entra\u00eenement<\/span><\/li>\n<li><span style=\"color: #ff8800;\">Id\u00e9al comme r\u00e9compense pour l&rsquo;\u00e9ducation<\/span><\/li>\n<li><span style=\"color: #ff8800;\">Convient aux poches de vestes et de pantalons<\/span><\/li>\n<\/ul>\n","protected":false},"featured_media":76776,"template":"","meta":[],"pwb-brand":[7845],"product_brand":[7846],"product_cat":[7651,7155,7167],"product_tag":[],"class_list":{"0":"post-76780","1":"product","2":"type-product","3":"status-publish","4":"has-post-thumbnail","6":"pwb-brand-naturadog","7":"product_brand-naturadog","8":"product_cat-snacks","9":"product_cat-chiens","10":"product_cat-tous","11":"pa_brand-naturadog","12":"pa_eigenschaften-sans-ble","13":"pa_eigenschaften-sans-cereales","14":"pa_eigenschaften-sans-gluten","15":"pa_geschmack-saumon","16":"pa_haustier-chien-2","17":"pa_marke-naturadog","18":"pa_ursprungsland-suisse","19":"pa_z_cat2-hundefutter","21":"first","22":"instock","23":"taxable","24":"shipping-taxable","25":"purchasable","26":"product-type-simple"},"brands":[{"id":7845,"name":"naturaDOG","slug":"naturadog"}],"meta_box":{"lieferant":"Businesscom","lieferanten_email":"","produktzusammensetzung":"","restock_quantities_galaxus":"5","galaxus_restock_time":"21","galaxus_restock_date":"","galaxus_preis":"","export":"Nein","signalwort":[],"gefahrenpiktogramm":[],"gefahrenhinweise":[]},"_links":{"self":[{"href":"https:\/\/dadorana.ch\/fr\/wp-json\/wp\/v2\/product\/76780","targetHints":{"allow":["GET"]}}],"collection":[{"href":"https:\/\/dadorana.ch\/fr\/wp-json\/wp\/v2\/product"}],"about":[{"href":"https:\/\/dadorana.ch\/fr\/wp-json\/wp\/v2\/types\/product"}],"version-history":[{"count":1,"href":"https:\/\/dadorana.ch\/fr\/wp-json\/wp\/v2\/product\/76780\/revisions"}],"predecessor-version":[{"id":76781,"href":"https:\/\/dadorana.ch\/fr\/wp-json\/wp\/v2\/product\/76780\/revisions\/76781"}],"wp:featuredmedia":[{"embeddable":true,"href":"https:\/\/dadorana.ch\/fr\/wp-json\/wp\/v2\/media\/76776"}],"wp:attachment":[{"href":"https:\/\/dadorana.ch\/fr\/wp-json\/wp\/v2\/media?parent=76780"}],"wp:term":[{"taxonomy":"pwb-brand","embeddable":true,"href":"https:\/\/dadorana.ch\/fr\/wp-json\/wp\/v2\/pwb-brand?post=76780"},{"taxonomy":"product_brand","embeddable":true,"href":"https:\/\/dadorana.ch\/fr\/wp-json\/wp\/v2\/product_brand?post=76780"},{"taxonomy":"product_cat","embeddable":true,"href":"https:\/\/dadorana.ch\/fr\/wp-json\/wp\/v2\/product_cat?post=76780"},{"taxonomy":"product_tag","embeddable":true,"href":"https:\/\/dadorana.ch\/fr\/wp-json\/wp\/v2\/product_tag?post=76780"}],"curies":[{"name":"wp","href":"https:\/\/api.w.org\/{rel}","templated":true}]}}